{"id":690118,"date":"2025-08-27T13:50:01","date_gmt":"2025-08-27T10:50:01","guid":{"rendered":"https:\/\/roveyayinevi.com.tr\/index.php\/urun\/gozetim-calismalari\/"},"modified":"2026-04-16T01:59:48","modified_gmt":"2026-04-15T22:59:48","slug":"gozetim-calismalari","status":"publish","type":"product","link":"https:\/\/roveyayinevi.com.tr\/index.php\/urun\/gozetim-calismalari\/","title":{"rendered":"G\u00f6zetim \u00c7al\u0131\u015fmalar\u0131"},"content":{"rendered":"<p>David Lyon\u2019un eseri; kapsam\u0131, dengesi ve berrakl\u0131\u011f\u0131yla en i\u00e7ten sayg\u0131m\u0131z\u0131 ve takdirimizi hak ediyor. \u015eayet g\u00f6zetim \u00fczerine tek bir metin okumak zorunda b\u0131rak\u0131lsayd\u0131k, teredd\u00fcts\u00fcz bu kitab\u0131 se\u00e7erdim. -Ursula M. Franklin, Toronto \u00dcniversitesi- Yeni yeni filizlenen g\u00f6zetim \u00e7al\u0131\u015fmalar\u0131 alan\u0131na anla\u015f\u0131l\u0131r bir dille yaz\u0131lm\u0131\u015f, kapsaml\u0131 ve dengeli bir giri\u015f. Verilen kesin (ve fazlas\u0131yla sa\u011flam) yan\u0131tlar olduk\u00e7a etkileyici. \u00d6te yandan bu kitap do\u011fru sosyal bilimsel ve ahl\u00e2ki sorular\u0131 sormak gibi faydal\u0131 bir i\u015fe de giri\u015fmi\u015f. -Gary T. Marx, MIT- Bu alanda \u00e7al\u0131\u015fan her \u00f6\u011frenciye tavsiye edece\u011fim kadar kusursuz bir kitap. Anla\u015f\u0131l\u0131r, derinlikli ve iyi yap\u0131land\u0131r\u0131lm\u0131\u015f. G\u00f6zetim toplumu terminolojisinin \u00f6tesine ge\u00e7erek g\u00f6zetimi kavramsalla\u015ft\u0131rman\u0131n yeni yollar\u0131n\u0131 g\u00f6steriyor. Data, istismar ve sayg\u0131nl\u0131kla alakal\u0131 son b\u00f6l\u00fcm insan haklar\u0131n\u0131 dert eden her d\u00fcnya yurtta\u015f\u0131 i\u00e7in \u00f6zellikle \u00f6nem arz ediyor. -Didier Bigo, Sciences Po Paris- G\u00f6zetim \u00e7al\u0131\u015fmalar\u0131 bug\u00fcn her zamankinden daha \u00f6nemlidir. G\u00f6zetim \u00e7al\u0131\u015fmalar\u0131 alan\u0131n\u0131n h\u0131zl\u0131 geli\u015fimi, bir yandan  ter\u00f6rle sava\u015f  \u00e7a\u011f\u0131nda insan haklar\u0131 ve mahremiyeti konular\u0131n\u0131n ne kadar \u00f6nem kazand\u0131\u011f\u0131n\u0131 g\u00f6sterirken bir yandan da Bentham\u2019dan Foucault\u2019ya ve di\u011ferlerine kadar izleme ve tasnif g\u00fcc\u00fc \u00fczerine s\u00fcrd\u00fcr\u00fclen klasik sosyal bilimler tart\u0131\u015fmalar\u0131n\u0131 da \u00f6ne \u00e7\u0131kar\u0131yor. Bu \u00e7al\u0131\u015fmada g\u00f6zetim \u00e7al\u0131\u015fmalar\u0131n\u0131n \u00f6nc\u00fc isimlerinden David Lyon, g\u00f6zetim konusuyla alakal\u0131 en eri\u015filebilir ve g\u00fcncel bilgileri aktarmak amac\u0131yla klasik tart\u0131\u015fmalar\u0131 ve \u00e7a\u011fda\u015f \u00f6rnekleri kayna\u015ft\u0131r\u0131yor. Kitap; kapal\u0131 devre televizyon, radyo frekans\u0131 arac\u0131l\u0131\u011f\u0131yla te\u015fhis ve biyometri alan\u0131ndaki teknik geli\u015fmeler \u00fczerinden do\u011frudan yerel g\u00f6zetim konusundan g\u00f6zetim sistemlerini uluslararas\u0131 \u00e7apta b\u00fct\u00fcnle\u015ftiren k\u00fcresel yakla\u015f\u0131mlara kadar t\u00fcm g\u00f6zetim \u00e7al\u0131\u015fmalar\u0131n\u0131 enine boyuna inceliyor. G\u00f6zetim kavram\u0131,  koruma dan  denetleme ye dek birden fazla anlam\u0131yla ele al\u0131n\u0131yor ve g\u00f6zetlenenin  g\u00f6r\u00fcn\u00fcrl\u00fc\u011f\u00fc  en az ara\u015ft\u0131rma, tasnif ve yarg\u0131lama g\u00fc\u00e7leri kadar ciddiye al\u0131n\u0131yor. Kitap, uluslararas\u0131 \u00f6rneklere ve birka\u00e7 disiplinin bak\u0131\u015f a\u00e7\u0131s\u0131na e\u011filiyor. Sosyologlar, siyaset bilimcileri ve co\u011frafyac\u0131lar kendi eserlerindeki belli ba\u015fl\u0131 konular\u0131 burada bulabilirler. Medya, k\u00fclt\u00fcr, \u00f6rg\u00fct, teknoloji ve siyaset \u00e7al\u0131\u015fmalar\u0131yla ilgilenenler i\u00e7in de ayn\u0131 \u015fey ge\u00e7erlidir. Bu da bir yandan h\u00e2lihaz\u0131rdaki \u00e7e\u015fitli d\u00fc\u015f\u00fcnce ve ele\u015ftiri \u00e7izgilerinin ele al\u0131nmas\u0131n\u0131n yan\u0131 s\u0131ra kitab\u0131n kendine \u00f6zg\u00fc katk\u0131s\u0131n\u0131 sundu\u011funu ve hem g\u00f6zetim e\u011filimlerini hem de onlar\u0131 a\u00e7\u0131klayan teorileri de\u011ferlendirmeye yarayacak ara\u00e7lar \u00f6nerdi\u011fini g\u00f6stermektedir. <\/p>\n","protected":false},"excerpt":{"rendered":"<p>David Lyon\u2019un eseri; kapsam\u0131, dengesi ve berrakl\u0131\u011f\u0131yla en i\u00e7ten sayg\u0131m\u0131z\u0131 ve takdirimizi hak ediyor. \u015eayet g\u00f6zetim \u00fczerine tek bir metin okumak zorunda b\u0131rak\u0131lsayd\u0131k, teredd\u00fcts\u00fcz bu kitab\u0131<span class=\"excerpt-hellip\"> [\u2026]<\/span><\/p>\n","protected":false},"featured_media":0,"template":"","meta":{"_monsterinsights_skip_tracking":false,"_monsterinsights_sitenote_active":false,"_monsterinsights_sitenote_note":"","_monsterinsights_sitenote_category":0},"product_brand":[],"product_cat":[12325,12324],"product_tag":[],"class_list":{"0":"post-690118","1":"product","2":"type-product","3":"status-publish","5":"product_cat-diger-sosyoloji","6":"product_cat-sosyoloji","7":"pa_tur-kitap","8":"pa_yayinevi-kalkedon-yayincilik","9":"pa_yazar-david-lyon","11":"first","12":"instock","13":"sale","14":"shipping-taxable","15":"purchasable","16":"product-type-simple"},"_links":{"self":[{"href":"https:\/\/roveyayinevi.com.tr\/index.php\/wp-json\/wp\/v2\/product\/690118","targetHints":{"allow":["GET"]}}],"collection":[{"href":"https:\/\/roveyayinevi.com.tr\/index.php\/wp-json\/wp\/v2\/product"}],"about":[{"href":"https:\/\/roveyayinevi.com.tr\/index.php\/wp-json\/wp\/v2\/types\/product"}],"wp:attachment":[{"href":"https:\/\/roveyayinevi.com.tr\/index.php\/wp-json\/wp\/v2\/media?parent=690118"}],"wp:term":[{"taxonomy":"product_brand","embeddable":true,"href":"https:\/\/roveyayinevi.com.tr\/index.php\/wp-json\/wp\/v2\/product_brand?post=690118"},{"taxonomy":"product_cat","embeddable":true,"href":"https:\/\/roveyayinevi.com.tr\/index.php\/wp-json\/wp\/v2\/product_cat?post=690118"},{"taxonomy":"product_tag","embeddable":true,"href":"https:\/\/roveyayinevi.com.tr\/index.php\/wp-json\/wp\/v2\/product_tag?post=690118"}],"curies":[{"name":"wp","href":"https:\/\/api.w.org\/{rel}","templated":true}]}}