{"id":690116,"date":"2025-08-27T13:50:01","date_gmt":"2025-08-27T10:50:01","guid":{"rendered":"https:\/\/roveyayinevi.com.tr\/index.php\/urun\/kadin-haklarinin-gerekcelendirilmesi\/"},"modified":"2026-04-16T01:59:48","modified_gmt":"2026-04-15T22:59:48","slug":"kadin-haklarinin-gerekcelendirilmesi","status":"publish","type":"product","link":"https:\/\/roveyayinevi.com.tr\/index.php\/urun\/kadin-haklarinin-gerekcelendirilmesi\/","title":{"rendered":"Kad\u0131n Haklar\u0131n\u0131n Gerek\u00e7elendirilmesi"},"content":{"rendered":"<p>Mary Wollstonecraft (1759-1797): 38 y\u0131l s\u00fcren k\u0131sa \u00f6mr\u00fcne kar\u015f\u0131n, erkek egemenli\u011findeki felsefe alan\u0131nda yazd\u0131klar\u0131yla, kendinden sonraki y\u00fczy\u0131llar\u0131 kad\u0131n haklar\u0131 konusunda derinden etkileyen bir 18. y\u00fczy\u0131l d\u00fc\u015f\u00fcn\u00fcr\u00fcd\u00fcr. Dilimize ilk kez \u00e7evrilen ve g\u00fcn\u00fcm\u00fczden 215 y\u0131l \u00f6nce yay\u0131mlanan Kad\u0131n Haklar\u0131n\u0131n Gerek\u00e7elendirilmesi (1792) ise, bundan be\u015f y\u0131l sonra, gelece\u011fin Frankenstein&#8217;\u0131n\u0131 yazacak k\u0131z\u0131 Mary (Shelley)&#8217;nin do\u011fumundan 11 g\u00fcn sonra \u00f6len Wollstonecraft&#8217;\u0131n en teel yap\u0131t\u0131d\u0131r. Deniz Hakyemez (1975); Bug\u00fcne dek Swift&#8217;ten Nadime Gordimer&#8217;a, Wollstonecraft&#8217;tan Poe&#8217;ya yapt\u0131\u011f\u0131 \u00e7evirilerle, ustalar\u0131ndan kan\u0131tlam\u0131\u015f yeni ku\u015fak \u00e7evirmenlerindendir. \ufffcTan\u0131t\u0131m Metni<\/p>\n","protected":false},"excerpt":{"rendered":"<p>Mary Wollstonecraft (1759-1797): 38 y\u0131l s\u00fcren k\u0131sa \u00f6mr\u00fcne kar\u015f\u0131n, erkek egemenli\u011findeki felsefe alan\u0131nda yazd\u0131klar\u0131yla, kendinden sonraki y\u00fczy\u0131llar\u0131 kad\u0131n haklar\u0131 konusunda derinden etkileyen bir 18. y\u00fczy\u0131l d\u00fc\u015f\u00fcn\u00fcr\u00fcd\u00fcr.<span class=\"excerpt-hellip\"> [\u2026]<\/span><\/p>\n","protected":false},"featured_media":0,"template":"","meta":{"_monsterinsights_skip_tracking":false,"_monsterinsights_sitenote_active":false,"_monsterinsights_sitenote_note":"","_monsterinsights_sitenote_category":0},"product_brand":[],"product_cat":[16038,12388],"product_tag":[],"class_list":{"0":"post-690116","1":"product","2":"type-product","3":"status-publish","5":"product_cat-arastirma-inceleme-referans-felsefe","6":"product_cat-felsefe","7":"pa_cilt-ciltsiz","8":"pa_tur-kitap","9":"pa_yayinevi-is-bankasi-kultur-yayinlari","10":"pa_yazar-mary-wollstonecraft","12":"first","13":"instock","14":"sale","15":"shipping-taxable","16":"purchasable","17":"product-type-simple"},"_links":{"self":[{"href":"https:\/\/roveyayinevi.com.tr\/index.php\/wp-json\/wp\/v2\/product\/690116","targetHints":{"allow":["GET"]}}],"collection":[{"href":"https:\/\/roveyayinevi.com.tr\/index.php\/wp-json\/wp\/v2\/product"}],"about":[{"href":"https:\/\/roveyayinevi.com.tr\/index.php\/wp-json\/wp\/v2\/types\/product"}],"wp:attachment":[{"href":"https:\/\/roveyayinevi.com.tr\/index.php\/wp-json\/wp\/v2\/media?parent=690116"}],"wp:term":[{"taxonomy":"product_brand","embeddable":true,"href":"https:\/\/roveyayinevi.com.tr\/index.php\/wp-json\/wp\/v2\/product_brand?post=690116"},{"taxonomy":"product_cat","embeddable":true,"href":"https:\/\/roveyayinevi.com.tr\/index.php\/wp-json\/wp\/v2\/product_cat?post=690116"},{"taxonomy":"product_tag","embeddable":true,"href":"https:\/\/roveyayinevi.com.tr\/index.php\/wp-json\/wp\/v2\/product_tag?post=690116"}],"curies":[{"name":"wp","href":"https:\/\/api.w.org\/{rel}","templated":true}]}}