{"id":690112,"date":"2025-08-27T13:50:00","date_gmt":"2025-08-27T10:50:00","guid":{"rendered":"https:\/\/roveyayinevi.com.tr\/index.php\/urun\/dario-argento\/"},"modified":"2026-04-16T01:59:47","modified_gmt":"2026-04-15T22:59:47","slug":"dario-argento","status":"publish","type":"product","link":"https:\/\/roveyayinevi.com.tr\/index.php\/urun\/dario-argento\/","title":{"rendered":"Dario Argento"},"content":{"rendered":"<p>40 y\u0131l\u0131 a\u015fk\u0131n bir s\u00fcredir, Dario Argento\u2019nun nefes kesici bi\u00e7imde \u015fiddetli ve asortik filmleri d\u00fcnya etraf\u0131ndaki izleyicileri \u015foke ediyor ve deh\u015fete d\u00fc\u015f\u00fcr\u00fcyor. Bir Argento filmi izlemek tamamen i\u00e7sel bir tecr\u00fcbenin keyfine varmakt\u0131r. \u00d6zenle haz\u0131rlanm\u0131\u015f set b\u00f6l\u00fcmleri ve ba\u015f d\u00f6nd\u00fcr\u00fcc\u00fc sinema sanat\u00e7\u0131l\u0131\u011f\u0131 kan ve g\u00fcc\u00fcn kakofonisinde \u00e7arp\u0131\u015f\u0131r. Kamera, durmaks\u0131z\u0131n av\u0131n\u0131n be\u015finde dola\u015fan bir silah gibi kullan\u0131l\u0131r. \u015ea\u015f\u0131las\u0131 g\u00f6r\u00fc\u015f a\u00e7\u0131s\u0131 \u00e7ekimleri izleyiciyi \u00f6l\u00fcm ve karga\u015fan\u0131n her \u015fatafatl\u0131 tasvirinde i\u00e7ine al\u0131rken hem kovalanan hem kovalayan k\u0131lar. <\/p>\n","protected":false},"excerpt":{"rendered":"<p>40 y\u0131l\u0131 a\u015fk\u0131n bir s\u00fcredir, Dario Argento\u2019nun nefes kesici bi\u00e7imde \u015fiddetli ve asortik filmleri d\u00fcnya etraf\u0131ndaki izleyicileri \u015foke ediyor ve deh\u015fete d\u00fc\u015f\u00fcr\u00fcyor. Bir Argento filmi izlemek<span class=\"excerpt-hellip\"> [\u2026]<\/span><\/p>\n","protected":false},"featured_media":0,"template":"","meta":{"_monsterinsights_skip_tracking":false,"_monsterinsights_sitenote_active":false,"_monsterinsights_sitenote_note":"","_monsterinsights_sitenote_category":0},"product_brand":[],"product_cat":[12409,12408],"product_tag":[],"class_list":{"0":"post-690112","1":"product","2":"type-product","3":"status-publish","5":"product_cat-fotograf-sinema-tiyatro","6":"product_cat-sanat","7":"pa_tur-kitap","8":"pa_yayinevi-kalkedon-yayincilik","9":"pa_yazar-james-gracey","11":"first","12":"instock","13":"sale","14":"shipping-taxable","15":"purchasable","16":"product-type-simple"},"_links":{"self":[{"href":"https:\/\/roveyayinevi.com.tr\/index.php\/wp-json\/wp\/v2\/product\/690112","targetHints":{"allow":["GET"]}}],"collection":[{"href":"https:\/\/roveyayinevi.com.tr\/index.php\/wp-json\/wp\/v2\/product"}],"about":[{"href":"https:\/\/roveyayinevi.com.tr\/index.php\/wp-json\/wp\/v2\/types\/product"}],"wp:attachment":[{"href":"https:\/\/roveyayinevi.com.tr\/index.php\/wp-json\/wp\/v2\/media?parent=690112"}],"wp:term":[{"taxonomy":"product_brand","embeddable":true,"href":"https:\/\/roveyayinevi.com.tr\/index.php\/wp-json\/wp\/v2\/product_brand?post=690112"},{"taxonomy":"product_cat","embeddable":true,"href":"https:\/\/roveyayinevi.com.tr\/index.php\/wp-json\/wp\/v2\/product_cat?post=690112"},{"taxonomy":"product_tag","embeddable":true,"href":"https:\/\/roveyayinevi.com.tr\/index.php\/wp-json\/wp\/v2\/product_tag?post=690112"}],"curies":[{"name":"wp","href":"https:\/\/api.w.org\/{rel}","templated":true}]}}