{"id":690111,"date":"2025-08-27T13:50:00","date_gmt":"2025-08-27T10:50:00","guid":{"rendered":"https:\/\/roveyayinevi.com.tr\/index.php\/urun\/dusuk-butceli-filmler\/"},"modified":"2026-04-16T01:59:47","modified_gmt":"2026-04-15T22:59:47","slug":"dusuk-butceli-filmler","status":"publish","type":"product","link":"https:\/\/roveyayinevi.com.tr\/index.php\/urun\/dusuk-butceli-filmler\/","title":{"rendered":"D\u00fc\u015f\u00fck B\u00fct\u00e7eli Filmler"},"content":{"rendered":"<p>Bu kitapta, m\u00fcmk\u00fcn olan en az parayla film yapmak i\u00e7in bilmeniz gereken neredeyse her \u015feyi bulacaks\u0131n\u0131z. \u015eimdiye kadar kar\u015f\u0131la\u015ft\u0131\u011f\u0131m her d\u00fc\u015f\u00fck b\u00fct\u00e7eli film yap\u0131mc\u0131s\u0131n\u0131n sahip oldu\u011fu en temel \u00f6zellik  imkans\u0131z  diye bir kelime tan\u0131mamalar\u0131yd\u0131. Bu insanlar sahip olduklar\u0131 b\u00fct\u00fcn kaynaklar\u0131 sonuna kadar kullan\u0131rlar ve illa ki istedikleri \u015feyi yapman\u0131n \u00f6zg\u00fcn bir yolunu bulurlar. Beceri, ba\u011flant\u0131lar ve kararl\u0131l\u0131\u011f\u0131n do\u011fru birle\u015fimiyle \u00e7ok pahal\u0131ym\u0131\u015f gibi g\u00f6r\u00fcnen ama asl\u0131nda m\u00fctevaz\u0131 bir c\u00fczdana s\u0131\u011fd\u0131r\u0131labilecek bir b\u00fct\u00e7eye mal olmu\u015f filmler yapabilirsiniz. Teknoloji sizden yana! Mini-DV format\u0131 ile makul bir g\u00f6r\u00fcnt\u00fc kalitesi elde etmek \u00e7ok kolayla\u015ft\u0131, video kurgulama art\u0131k olduk\u00e7a s\u0131radan bilgisayarlarda yap\u0131labiliyor, \u00fclke genelindeki at\u00f6lyelerden ve medya merkezlerinden indirimli fiyatlara daha iyi donan\u0131m elde edilebiliyor. Teknoloji ile geli\u015ftiremeyece\u011finiz tek bir \u015fey var, o da sizsiniz, yani filmi yapan ki\u015fi. Ba\u015flang\u0131\u00e7 i\u00e7in, hik\u00e2yesi olan bir dizi g\u00f6r\u00fcnt\u00fcy\u00fc hayal edebilme yetene\u011finiz olmal\u0131. Bundan sonra sizi geli\u015ftirebilecek tek \u015fey deneyimdir. Ele\u015ftirel bir g\u00f6zle izleyebilece\u011finiz kadar \u00e7ok film ve televizyon izlemelisiniz (\u00f6zellikle de etkili birer k\u0131sa film olan rekl\u00e2mlar\u0131). Tabii ki \u00f6ylesine d\u0131\u015far\u0131 \u00e7\u0131k\u0131p, bir kurgu \u00e7al\u0131\u015fmas\u0131nda kullanmak i\u00e7in g\u00f6r\u00fcnt\u00fc \u00e7ekiyor olsan\u0131z bile film \u00e7ekmelisiniz. <\/p>\n","protected":false},"excerpt":{"rendered":"<p>Bu kitapta, m\u00fcmk\u00fcn olan en az parayla film yapmak i\u00e7in bilmeniz gereken neredeyse her \u015feyi bulacaks\u0131n\u0131z. \u015eimdiye kadar kar\u015f\u0131la\u015ft\u0131\u011f\u0131m her d\u00fc\u015f\u00fck b\u00fct\u00e7eli film yap\u0131mc\u0131s\u0131n\u0131n sahip oldu\u011fu<span class=\"excerpt-hellip\"> [\u2026]<\/span><\/p>\n","protected":false},"featured_media":0,"template":"","meta":{"_monsterinsights_skip_tracking":false,"_monsterinsights_sitenote_active":false,"_monsterinsights_sitenote_note":"","_monsterinsights_sitenote_category":0},"product_brand":[],"product_cat":[12409,12408],"product_tag":[],"class_list":{"0":"post-690111","1":"product","2":"type-product","3":"status-publish","5":"product_cat-fotograf-sinema-tiyatro","6":"product_cat-sanat","7":"pa_tur-kitap","8":"pa_yayinevi-kalkedon-yayincilik","9":"pa_yazar-paul-hardy","11":"first","12":"instock","13":"sale","14":"shipping-taxable","15":"purchasable","16":"product-type-simple"},"_links":{"self":[{"href":"https:\/\/roveyayinevi.com.tr\/index.php\/wp-json\/wp\/v2\/product\/690111","targetHints":{"allow":["GET"]}}],"collection":[{"href":"https:\/\/roveyayinevi.com.tr\/index.php\/wp-json\/wp\/v2\/product"}],"about":[{"href":"https:\/\/roveyayinevi.com.tr\/index.php\/wp-json\/wp\/v2\/types\/product"}],"wp:attachment":[{"href":"https:\/\/roveyayinevi.com.tr\/index.php\/wp-json\/wp\/v2\/media?parent=690111"}],"wp:term":[{"taxonomy":"product_brand","embeddable":true,"href":"https:\/\/roveyayinevi.com.tr\/index.php\/wp-json\/wp\/v2\/product_brand?post=690111"},{"taxonomy":"product_cat","embeddable":true,"href":"https:\/\/roveyayinevi.com.tr\/index.php\/wp-json\/wp\/v2\/product_cat?post=690111"},{"taxonomy":"product_tag","embeddable":true,"href":"https:\/\/roveyayinevi.com.tr\/index.php\/wp-json\/wp\/v2\/product_tag?post=690111"}],"curies":[{"name":"wp","href":"https:\/\/api.w.org\/{rel}","templated":true}]}}