{"id":690110,"date":"2025-08-27T13:50:00","date_gmt":"2025-08-27T10:50:00","guid":{"rendered":"https:\/\/roveyayinevi.com.tr\/index.php\/urun\/emek-deger-teorileri\/"},"modified":"2026-04-16T01:59:47","modified_gmt":"2026-04-15T22:59:47","slug":"emek-deger-teorileri","status":"publish","type":"product","link":"https:\/\/roveyayinevi.com.tr\/index.php\/urun\/emek-deger-teorileri\/","title":{"rendered":"Emek De\u011fer Teorileri"},"content":{"rendered":"<p>Bu kitapta s\u00f6ylemeye \u00e7al\u0131\u015ft\u0131\u011f\u0131m \u015fey, genel olarak ifade edecek olursam, bir\u00e7ok g\u00fcn\u00fcm\u00fcz Bat\u0131l\u0131 iktisat\u00e7\u0131n\u0131n Marx\u2019tan \u00f6\u011frenecekleri \u00e7ok \u015feylerin oldu\u011fudur -iktisadi kategorilerin analizinin, Marx\u2019\u0131n kulland\u0131\u011f\u0131 anlamda, \u2018\u00fcretim ili\u015fkilerinden\u2019 soyutlanarak de\u011fil de, s\u00f6z konusu ili\u015fkiler temelinde y\u00fcr\u00fct\u00fclmesinin gerekli oldu\u011fu. Marx\u2019\u0131n iktisadi modelinin ger\u00e7ekten ilk ve temel y\u00f6nleri, Marx\u2019\u0131n s\u00f6z konusu modeli kurarken kulland\u0131\u011f\u0131 g\u00f6r\u00fc\u015f ve genel analiz y\u00f6ntemidir. Bug\u00fcnlerde herkes, sosyolojiyi iktisada geri d\u00f6nd\u00fcrme amac\u0131 konusunda sahte bir ba\u011fl\u0131l\u0131\u011f\u0131 ortaya koymakla birlikte, kimse bu amac\u0131 \u00f6zellikle de ba\u015farmay\u0131 en fazla istedi\u011fimiz b\u00f6l\u00fc\u015f\u00fcm teorisi gibi hassas alanlar nedeniyle fiilen y\u00f6netememektedir. Marx\u2019la ilgili olarak ne d\u00fc\u015f\u00fcn\u00fcl\u00fcrse d\u00fc\u015f\u00fcn\u00fcls\u00fcn, Marx en az\u0131ndan bunu -b\u00f6l\u00fc\u015f\u00fcm alan\u0131nda bile- ger\u00e7ekten ba\u015farm\u0131\u015ft\u0131r. Marx\u2019\u0131n elde etmi\u015f oldu\u011fu ba\u015far\u0131lar\u0131 bug\u00fcn tekrar yaratamay\u0131z: Marksist politik iktisatla ilgili \u2018resmi\u2019 ders kitaplar\u0131 ge\u00e7en her y\u0131la tufandan \u00f6nceki y\u0131l olarak bakmaktad\u0131r. Ancak, Marx\u2019\u0131n genel iktisadi y\u00f6nteminden yararlanabiliriz. Marx\u2019\u0131n zaman\u0131ndaki kapitalizme uyguland\u0131\u011f\u0131nda b\u00f6ylesi ilgin\u00e7 sonu\u00e7lar yaratan bir g\u00f6r\u00fc\u015f ve y\u00f6ntem, g\u00fcn\u00fcm\u00fcz\u00fcn \u00e7ok farkl\u0131 kapitalizmine uyguland\u0131\u011f\u0131nda kesinlikle en az\u0131ndan kimi yararl\u0131 sonu\u00e7lar sa\u011flayabilecektir. -Ronald L. Meek- <\/p>\n","protected":false},"excerpt":{"rendered":"<p>Bu kitapta s\u00f6ylemeye \u00e7al\u0131\u015ft\u0131\u011f\u0131m \u015fey, genel olarak ifade edecek olursam, bir\u00e7ok g\u00fcn\u00fcm\u00fcz Bat\u0131l\u0131 iktisat\u00e7\u0131n\u0131n Marx\u2019tan \u00f6\u011frenecekleri \u00e7ok \u015feylerin oldu\u011fudur -iktisadi kategorilerin analizinin, Marx\u2019\u0131n kulland\u0131\u011f\u0131 anlamda, \u2018\u00fcretim<span class=\"excerpt-hellip\"> [\u2026]<\/span><\/p>\n","protected":false},"featured_media":0,"template":"","meta":{"_monsterinsights_skip_tracking":false,"_monsterinsights_sitenote_active":false,"_monsterinsights_sitenote_note":"","_monsterinsights_sitenote_category":0},"product_brand":[],"product_cat":[12338,12337],"product_tag":[],"class_list":{"0":"post-690110","1":"product","2":"type-product","3":"status-publish","5":"product_cat-dunya-siyaseti-ve-politikasi","6":"product_cat-politika-siyaset","7":"pa_tur-kitap","8":"pa_yayinevi-kalkedon-yayincilik","9":"pa_yazar-ronald-l-meek","11":"first","12":"instock","13":"sale","14":"shipping-taxable","15":"purchasable","16":"product-type-simple"},"_links":{"self":[{"href":"https:\/\/roveyayinevi.com.tr\/index.php\/wp-json\/wp\/v2\/product\/690110","targetHints":{"allow":["GET"]}}],"collection":[{"href":"https:\/\/roveyayinevi.com.tr\/index.php\/wp-json\/wp\/v2\/product"}],"about":[{"href":"https:\/\/roveyayinevi.com.tr\/index.php\/wp-json\/wp\/v2\/types\/product"}],"wp:attachment":[{"href":"https:\/\/roveyayinevi.com.tr\/index.php\/wp-json\/wp\/v2\/media?parent=690110"}],"wp:term":[{"taxonomy":"product_brand","embeddable":true,"href":"https:\/\/roveyayinevi.com.tr\/index.php\/wp-json\/wp\/v2\/product_brand?post=690110"},{"taxonomy":"product_cat","embeddable":true,"href":"https:\/\/roveyayinevi.com.tr\/index.php\/wp-json\/wp\/v2\/product_cat?post=690110"},{"taxonomy":"product_tag","embeddable":true,"href":"https:\/\/roveyayinevi.com.tr\/index.php\/wp-json\/wp\/v2\/product_tag?post=690110"}],"curies":[{"name":"wp","href":"https:\/\/api.w.org\/{rel}","templated":true}]}}