{"id":690107,"date":"2025-08-27T13:49:59","date_gmt":"2025-08-27T10:49:59","guid":{"rendered":"https:\/\/roveyayinevi.com.tr\/index.php\/urun\/cin-ve-sosyalizm\/"},"modified":"2026-04-16T01:59:47","modified_gmt":"2026-04-15T22:59:47","slug":"cin-ve-sosyalizm","status":"publish","type":"product","link":"https:\/\/roveyayinevi.com.tr\/index.php\/urun\/cin-ve-sosyalizm\/","title":{"rendered":"\u00c7in ve Sosyalizm"},"content":{"rendered":"<p>Martin Hart-Landsberg ve Paul Burkett\u2019in bu kitab\u0131, b\u00fcy\u00fck bir devrim sonras\u0131 toplumunun, sosyalizmden kapitalist ekonomiye nas\u0131l d\u00f6n\u00fc\u015f yapt\u0131\u011f\u0131 konusunda iyi kurgulanm\u0131\u015f Marksist bir \u00e7al\u0131\u015fma olmas\u0131 bak\u0131m\u0131ndan tektir. \u00c7in\u2019in g\u00fcn\u00fcm\u00fczdeki d\u00f6n\u00fc\u015f\u00fcm\u00fc, neden kapitalizmin do\u011fas\u0131 gere\u011fi, b\u00fcy\u00fcme s\u00fcrecinde fakirlik, e\u015fitsizlik ve ekolojik y\u0131k\u0131m yaratt\u0131\u011f\u0131na \u0131\u015f\u0131k tutmaktad\u0131r.  &#8211; Harry Magdoff ve John Bellamy Foster \u00c7in\u2019in ekonomik deneyimi, sosyalizmi kurma konusunda \u00f6nemli ders kayna\u011f\u0131d\u0131r. Ancak, bug\u00fcnk\u00fc \u00e7\u0131karsamalar\u0131n \u00e7o\u011fu olumsuzdur. \u00dcz\u00fcc\u00fc bir \u015fekilde, sosyalizmi yeniden canland\u0131raca\u011f\u0131 iddia edilen \u00c7in h\u00fck\u00fcmetinin  piyasa reformlar\u0131  program\u0131, bunun yerine \u00fclkeyi artarak, kaygan bir yoku\u015fa; kapitalist ve yabanc\u0131 a\u011f\u0131rl\u0131kl\u0131 bir kalk\u0131nma yoluna sokmu\u015ftur. Olu\u015fan yerel ve uluslar aras\u0131 toplumsal maliyetler devasa boyutlara ula\u015fm\u0131\u015ft\u0131r. Trajediyi a\u011f\u0131rla\u015ft\u0131ran, sosyalizmi desteklemeye devam eden bir \u00e7o\u011fu da dahil olmak \u00fczere bir \u00e7ok ilerlemecinin, \u00c7in ekonomik politikalar\u0131n\u0131 savunmas\u0131 ve di\u011fer \u00fclkeleri de benzer politikalar\u0131 benimsemesi i\u00e7in cesaretlendirmesi ger\u00e7e\u011fidir. Biz bu durumun, e\u011fer daha iyi bir d\u00fcnya i\u00e7in anlaml\u0131 ilerlemeler ger\u00e7ekle\u015ftirmek istiyorsak, kapitalizmin dinamikleri ve sosyalizm hakk\u0131nda \u00fcstesinden gelinmesi gereken derin ve yayg\u0131n bir kafa kar\u0131\u015f\u0131kl\u0131\u011f\u0131n\u0131 yans\u0131tt\u0131\u011f\u0131na inan\u0131yoruz. \u0130\u00e7tenlikle inan\u0131yoruz ki, \u00c7in\u2019in  piyasa sosyalizmi  \u00fczerine olan bu \u00e7al\u0131\u015fma bu amaca, k\u00fc\u00e7\u00fck fakat anlaml\u0131 bir katk\u0131 yapacakt\u0131r. &#8211; Martin Hart-Landsberg ve Paul Burkett <\/p>\n","protected":false},"excerpt":{"rendered":"<p>Martin Hart-Landsberg ve Paul Burkett\u2019in bu kitab\u0131, b\u00fcy\u00fck bir devrim sonras\u0131 toplumunun, sosyalizmden kapitalist ekonomiye nas\u0131l d\u00f6n\u00fc\u015f yapt\u0131\u011f\u0131 konusunda iyi kurgulanm\u0131\u015f Marksist bir \u00e7al\u0131\u015fma olmas\u0131 bak\u0131m\u0131ndan<span class=\"excerpt-hellip\"> [\u2026]<\/span><\/p>\n","protected":false},"featured_media":0,"template":"","meta":{"_monsterinsights_skip_tracking":false,"_monsterinsights_sitenote_active":false,"_monsterinsights_sitenote_note":"","_monsterinsights_sitenote_category":0},"product_brand":[],"product_cat":[12338,12337],"product_tag":[],"class_list":{"0":"post-690107","1":"product","2":"type-product","3":"status-publish","5":"product_cat-dunya-siyaseti-ve-politikasi","6":"product_cat-politika-siyaset","7":"pa_tur-kitap","8":"pa_yayinevi-kalkedon-yayincilik","9":"pa_yazar-paul-burkett","11":"first","12":"instock","13":"sale","14":"shipping-taxable","15":"purchasable","16":"product-type-simple"},"_links":{"self":[{"href":"https:\/\/roveyayinevi.com.tr\/index.php\/wp-json\/wp\/v2\/product\/690107","targetHints":{"allow":["GET"]}}],"collection":[{"href":"https:\/\/roveyayinevi.com.tr\/index.php\/wp-json\/wp\/v2\/product"}],"about":[{"href":"https:\/\/roveyayinevi.com.tr\/index.php\/wp-json\/wp\/v2\/types\/product"}],"wp:attachment":[{"href":"https:\/\/roveyayinevi.com.tr\/index.php\/wp-json\/wp\/v2\/media?parent=690107"}],"wp:term":[{"taxonomy":"product_brand","embeddable":true,"href":"https:\/\/roveyayinevi.com.tr\/index.php\/wp-json\/wp\/v2\/product_brand?post=690107"},{"taxonomy":"product_cat","embeddable":true,"href":"https:\/\/roveyayinevi.com.tr\/index.php\/wp-json\/wp\/v2\/product_cat?post=690107"},{"taxonomy":"product_tag","embeddable":true,"href":"https:\/\/roveyayinevi.com.tr\/index.php\/wp-json\/wp\/v2\/product_tag?post=690107"}],"curies":[{"name":"wp","href":"https:\/\/api.w.org\/{rel}","templated":true}]}}