{"id":690101,"date":"2025-08-27T13:49:58","date_gmt":"2025-08-27T10:49:58","guid":{"rendered":"https:\/\/roveyayinevi.com.tr\/index.php\/urun\/charles-darwin-ve-evrim-tartismalari\/"},"modified":"2026-04-16T01:59:47","modified_gmt":"2026-04-15T22:59:47","slug":"charles-darwin-ve-evrim-tartismalari","status":"publish","type":"product","link":"https:\/\/roveyayinevi.com.tr\/index.php\/urun\/charles-darwin-ve-evrim-tartismalari\/","title":{"rendered":"Charles Darwin ve Evrim Tart\u0131\u015fmalar\u0131"},"content":{"rendered":"<p>Gezegenimizde ya\u015fam \u00e7e\u015fitlili\u011finin nas\u0131l geli\u015fti\u011fini tarif eden bir teorinin etkisi konusu abart\u0131l\u0131yor gibi g\u00f6r\u00fcnse de, hi\u00e7 kimse bu teorinin s\u00fcrmekte olan \u00f6nemini ink\u00e2r edemez. \u00c7evremiz \u00fczerinde e\u015fi benzeri g\u00f6r\u00fclmemi\u015f bir etkiye sahip oldu\u011fumuz bir d\u00f6nemde, Darwin\u2019in do\u011fal d\u00fcnyan\u0131n tamam\u0131n\u0131n onun deyimiyle bir  hayat a\u011fac\u0131 na ait oldu\u011fu \u015feklindeki fikri -her bir dal bir di\u011feriyle ba\u011flant\u0131l\u0131d\u0131r ve insanl\u0131k b\u00fct\u00fcn\u00fcn bir par\u00e7as\u0131d\u0131r, asla ondan ayr\u0131 ya da \u00fcst\u00fcn de\u011fildir- bug\u00fcn en az d\u00fcn oldu\u011fu kadar \u00f6nemlidir. Darwin bize, Yery\u00fcz\u00fc\u2019n\u00fcn yaln\u0131zca kendi \u00e7\u0131kar\u0131m\u0131za s\u00f6m\u00fcr\u00fclmesi i\u00e7in var olmad\u0131\u011f\u0131n\u0131, onun kendi hayat\u0131m\u0131z da d\u00e2hil olmak \u00fczere t\u00fcm hayat\u0131n ba\u011f\u0131ml\u0131 oldu\u011fu bir sistemin merkezinde oldu\u011funu g\u00f6stermi\u015ftir. <\/p>\n","protected":false},"excerpt":{"rendered":"<p>Gezegenimizde ya\u015fam \u00e7e\u015fitlili\u011finin nas\u0131l geli\u015fti\u011fini tarif eden bir teorinin etkisi konusu abart\u0131l\u0131yor gibi g\u00f6r\u00fcnse de, hi\u00e7 kimse bu teorinin s\u00fcrmekte olan \u00f6nemini ink\u00e2r edemez. \u00c7evremiz \u00fczerinde<span class=\"excerpt-hellip\"> [\u2026]<\/span><\/p>\n","protected":false},"featured_media":0,"template":"","meta":{"_monsterinsights_skip_tracking":false,"_monsterinsights_sitenote_active":false,"_monsterinsights_sitenote_note":"","_monsterinsights_sitenote_category":0},"product_brand":[],"product_cat":[13005,15998],"product_tag":[],"class_list":{"0":"post-690101","1":"product","2":"type-product","3":"status-publish","5":"product_cat-bilim-muhendislik","6":"product_cat-bilim-tarihi","7":"pa_tur-kitap","8":"pa_yayinevi-kalkedon-yayincilik","9":"pa_yazar-bill-price","11":"first","12":"instock","13":"sale","14":"shipping-taxable","15":"purchasable","16":"product-type-simple"},"_links":{"self":[{"href":"https:\/\/roveyayinevi.com.tr\/index.php\/wp-json\/wp\/v2\/product\/690101","targetHints":{"allow":["GET"]}}],"collection":[{"href":"https:\/\/roveyayinevi.com.tr\/index.php\/wp-json\/wp\/v2\/product"}],"about":[{"href":"https:\/\/roveyayinevi.com.tr\/index.php\/wp-json\/wp\/v2\/types\/product"}],"wp:attachment":[{"href":"https:\/\/roveyayinevi.com.tr\/index.php\/wp-json\/wp\/v2\/media?parent=690101"}],"wp:term":[{"taxonomy":"product_brand","embeddable":true,"href":"https:\/\/roveyayinevi.com.tr\/index.php\/wp-json\/wp\/v2\/product_brand?post=690101"},{"taxonomy":"product_cat","embeddable":true,"href":"https:\/\/roveyayinevi.com.tr\/index.php\/wp-json\/wp\/v2\/product_cat?post=690101"},{"taxonomy":"product_tag","embeddable":true,"href":"https:\/\/roveyayinevi.com.tr\/index.php\/wp-json\/wp\/v2\/product_tag?post=690101"}],"curies":[{"name":"wp","href":"https:\/\/api.w.org\/{rel}","templated":true}]}}