{"id":690100,"date":"2025-08-27T13:49:58","date_gmt":"2025-08-27T10:49:58","guid":{"rendered":"https:\/\/roveyayinevi.com.tr\/index.php\/urun\/belgeseller\/"},"modified":"2026-04-16T01:59:47","modified_gmt":"2026-04-15T22:59:47","slug":"belgeseller","status":"publish","type":"product","link":"https:\/\/roveyayinevi.com.tr\/index.php\/urun\/belgeseller\/","title":{"rendered":"Belgeseller"},"content":{"rendered":"<p>Bu kitab\u0131 \u00e7ald\u0131ysan\u0131z ya da sat\u0131n veya \u00f6d\u00fcn\u00e7 ald\u0131ysan\u0131z, ya da ya\u011fmurlu sefil bir Pazar \u00f6\u011fleden sonras\u0131nda bir kitap\u00e7\u0131da oturup sayfalar\u0131nda geziniyorsan\u0131z, muhtemelen belgesel \u00e7ekmeye ilgi duyuyorsunuz. Belki de zaten film \u00e7ekiyorsunuz da yeni teknikler, yakla\u015f\u0131mlar ve ipu\u00e7lar\u0131 \u00f6\u011frenmek istiyorsunuz. Belki de hi\u00e7 belgesel film \u00e7ekmediniz ve ba\u015flamak i\u00e7in iyi bir yer ar\u0131yorsunuz. Ya da belki de belgeselci olup olmad\u0131\u011f\u0131n\u0131z hakk\u0131nda emin de\u011filsiniz ama daha fazla \u015fey \u00f6\u011frenmek istedi\u011finizi \u00e7ok iyi biliyorsunuz. Bunlardan hangisi olursan\u0131z olun, bu kitab\u0131n sizin i\u00e7in \u00e7ok k\u0131ymetli bir ara\u00e7 olmas\u0131n\u0131 ve belgeseller ile onlar\u0131n nas\u0131l \u00e7ekildi\u011fine dair fikrinizi geli\u015ftirmesini umuyorum. <\/p>\n","protected":false},"excerpt":{"rendered":"<p>Bu kitab\u0131 \u00e7ald\u0131ysan\u0131z ya da sat\u0131n veya \u00f6d\u00fcn\u00e7 ald\u0131ysan\u0131z, ya da ya\u011fmurlu sefil bir Pazar \u00f6\u011fleden sonras\u0131nda bir kitap\u00e7\u0131da oturup sayfalar\u0131nda geziniyorsan\u0131z, muhtemelen belgesel \u00e7ekmeye ilgi<span class=\"excerpt-hellip\"> [\u2026]<\/span><\/p>\n","protected":false},"featured_media":0,"template":"","meta":{"_monsterinsights_skip_tracking":false,"_monsterinsights_sitenote_active":false,"_monsterinsights_sitenote_note":"","_monsterinsights_sitenote_category":0},"product_brand":[],"product_cat":[12409,12408],"product_tag":[],"class_list":{"0":"post-690100","1":"product","2":"type-product","3":"status-publish","5":"product_cat-fotograf-sinema-tiyatro","6":"product_cat-sanat","7":"pa_tur-kitap","8":"pa_yayinevi-kalkedon-yayincilik","9":"pa_yazar-andy-glynne","11":"first","12":"instock","13":"sale","14":"shipping-taxable","15":"purchasable","16":"product-type-simple"},"_links":{"self":[{"href":"https:\/\/roveyayinevi.com.tr\/index.php\/wp-json\/wp\/v2\/product\/690100","targetHints":{"allow":["GET"]}}],"collection":[{"href":"https:\/\/roveyayinevi.com.tr\/index.php\/wp-json\/wp\/v2\/product"}],"about":[{"href":"https:\/\/roveyayinevi.com.tr\/index.php\/wp-json\/wp\/v2\/types\/product"}],"wp:attachment":[{"href":"https:\/\/roveyayinevi.com.tr\/index.php\/wp-json\/wp\/v2\/media?parent=690100"}],"wp:term":[{"taxonomy":"product_brand","embeddable":true,"href":"https:\/\/roveyayinevi.com.tr\/index.php\/wp-json\/wp\/v2\/product_brand?post=690100"},{"taxonomy":"product_cat","embeddable":true,"href":"https:\/\/roveyayinevi.com.tr\/index.php\/wp-json\/wp\/v2\/product_cat?post=690100"},{"taxonomy":"product_tag","embeddable":true,"href":"https:\/\/roveyayinevi.com.tr\/index.php\/wp-json\/wp\/v2\/product_tag?post=690100"}],"curies":[{"name":"wp","href":"https:\/\/api.w.org\/{rel}","templated":true}]}}