{"id":690096,"date":"2025-08-27T13:49:57","date_gmt":"2025-08-27T10:49:57","guid":{"rendered":"https:\/\/roveyayinevi.com.tr\/index.php\/urun\/5-kurusluk-devrim\/"},"modified":"2026-04-16T01:59:47","modified_gmt":"2026-04-15T22:59:47","slug":"5-kurusluk-devrim","status":"publish","type":"product","link":"https:\/\/roveyayinevi.com.tr\/index.php\/urun\/5-kurusluk-devrim\/","title":{"rendered":"5 Kuru\u015fluk Devrim"},"content":{"rendered":"<p>Yusuf \u00f6ld\u00fcr\u00fclmeden bir g\u00fcn \u00f6nceydi, Asiye Gelin\u2019in yaral\u0131 bir kartal\u0131n kom\u015funun cennet g\u00f6r\u00fcn\u00fcml\u00fc bah\u00e7esine d\u00fc\u015ft\u00fc\u011f\u00fc r\u00fcyay\u0131 g\u00f6rd\u00fc\u011f\u00fc g\u00fcn. Kom\u015funun bah\u00e7esi \u00f6te tarafta, kartalsa Yusuf. Bir ay d\u00fc\u015fm\u00fc\u015ft\u00fc, memleketin orta yerine ve y\u0131k\u0131lmad\u0131k ev, ocak kalmam\u0131\u015ft\u0131. \u015eeyh Cel\u00e2l r\u00fcyas\u0131na gelip,   Asiye bac\u0131m   demi\u015fti,   bu memlekette bir daha ot bile bitmez, Memedini al da git buralardan  . Darbeden bir g\u00fcn \u00f6nceydi ve ay devlete delaletti. O\u011flu Mehmet\u2019in peri\u015fan bir halde evde kap\u0131y\u0131 \u00e7ald\u0131\u011f\u0131 g\u00fcnden bir gece \u00f6nce yaral\u0131 bir ceylan\u0131 su i\u00e7erken g\u00f6rm\u00fc\u015ft\u00fc, me\u011ferse ceylan\u0131n o i\u00e7ti\u011fi su de\u011fil a\u011fuymu\u015f. Ceylan Mehmet\u2019ti&#8230; <\/p>\n","protected":false},"excerpt":{"rendered":"<p>Yusuf \u00f6ld\u00fcr\u00fclmeden bir g\u00fcn \u00f6nceydi, Asiye Gelin\u2019in yaral\u0131 bir kartal\u0131n kom\u015funun cennet g\u00f6r\u00fcn\u00fcml\u00fc bah\u00e7esine d\u00fc\u015ft\u00fc\u011f\u00fc r\u00fcyay\u0131 g\u00f6rd\u00fc\u011f\u00fc g\u00fcn. Kom\u015funun bah\u00e7esi \u00f6te tarafta, kartalsa Yusuf. Bir ay<span class=\"excerpt-hellip\"> [\u2026]<\/span><\/p>\n","protected":false},"featured_media":0,"template":"","meta":{"_monsterinsights_skip_tracking":false,"_monsterinsights_sitenote_active":false,"_monsterinsights_sitenote_note":"","_monsterinsights_sitenote_category":0},"product_brand":[],"product_cat":[12291,12292],"product_tag":[],"class_list":{"0":"post-690096","1":"product","2":"type-product","3":"status-publish","5":"product_cat-edebiyat","6":"product_cat-turk-edebiyati","7":"pa_tur-kitap","8":"pa_yayinevi-kalkedon-yayincilik","9":"pa_yazar-dincer-aslan","11":"first","12":"instock","13":"sale","14":"shipping-taxable","15":"purchasable","16":"product-type-simple"},"_links":{"self":[{"href":"https:\/\/roveyayinevi.com.tr\/index.php\/wp-json\/wp\/v2\/product\/690096","targetHints":{"allow":["GET"]}}],"collection":[{"href":"https:\/\/roveyayinevi.com.tr\/index.php\/wp-json\/wp\/v2\/product"}],"about":[{"href":"https:\/\/roveyayinevi.com.tr\/index.php\/wp-json\/wp\/v2\/types\/product"}],"wp:attachment":[{"href":"https:\/\/roveyayinevi.com.tr\/index.php\/wp-json\/wp\/v2\/media?parent=690096"}],"wp:term":[{"taxonomy":"product_brand","embeddable":true,"href":"https:\/\/roveyayinevi.com.tr\/index.php\/wp-json\/wp\/v2\/product_brand?post=690096"},{"taxonomy":"product_cat","embeddable":true,"href":"https:\/\/roveyayinevi.com.tr\/index.php\/wp-json\/wp\/v2\/product_cat?post=690096"},{"taxonomy":"product_tag","embeddable":true,"href":"https:\/\/roveyayinevi.com.tr\/index.php\/wp-json\/wp\/v2\/product_tag?post=690096"}],"curies":[{"name":"wp","href":"https:\/\/api.w.org\/{rel}","templated":true}]}}