{"id":690095,"date":"2025-08-27T13:49:57","date_gmt":"2025-08-27T10:49:57","guid":{"rendered":"https:\/\/roveyayinevi.com.tr\/index.php\/urun\/medya-baris-ve-savas\/"},"modified":"2026-04-16T01:59:47","modified_gmt":"2026-04-15T22:59:47","slug":"medya-baris-ve-savas","status":"publish","type":"product","link":"https:\/\/roveyayinevi.com.tr\/index.php\/urun\/medya-baris-ve-savas\/","title":{"rendered":"Medya, Bar\u0131\u015f ve Sava\u015f"},"content":{"rendered":"<p>Egemen iktidar,   makbul vatanda\u015f   olarak tan\u0131mlad\u0131\u011f\u0131 kitlelerin yard\u0131m\u0131yla, daha do\u011frusu su\u00e7 ortakl\u0131\u011f\u0131yla \u015fiddeti g\u00fcndelik ya\u015fam alan\u0131ndaki s\u00f6ylem ve pratiklerde s\u0131radanla\u015ft\u0131rarak yeniden \u00fcretir. Bu s\u00fcre\u00e7te, toplumsal bilin\u00e7yap\u0131s\u0131 fa\u015fizan bir bi\u00e7imde yap\u0131land\u0131r\u0131l\u0131r; s\u0131radan insan farkl\u0131 d\u00fc\u015f\u00fcnenlerden, farkl\u0131 din ve etnisiteden olanlardan, farkl\u0131 cinsel e\u011filime sahip olanlardan, k\u0131saca   \u00f6teki  lerden korkar, nefret eder ve s\u00f6ylemsel, eylemsel \u015fiddeti kullanarak iktidar\u0131n kendi varolu\u015funu tehdit etti\u011fini bilincine yerle\u015ftirdi\u011fi bu unsurardan kurtulmak ister. <\/p>\n","protected":false},"excerpt":{"rendered":"<p>Egemen iktidar, makbul vatanda\u015f olarak tan\u0131mlad\u0131\u011f\u0131 kitlelerin yard\u0131m\u0131yla, daha do\u011frusu su\u00e7 ortakl\u0131\u011f\u0131yla \u015fiddeti g\u00fcndelik ya\u015fam alan\u0131ndaki s\u00f6ylem ve pratiklerde s\u0131radanla\u015ft\u0131rarak yeniden \u00fcretir. Bu s\u00fcre\u00e7te, toplumsal bilin\u00e7yap\u0131s\u0131<span class=\"excerpt-hellip\"> [\u2026]<\/span><\/p>\n","protected":false},"featured_media":0,"template":"","meta":{"_monsterinsights_skip_tracking":false,"_monsterinsights_sitenote_active":false,"_monsterinsights_sitenote_note":"","_monsterinsights_sitenote_category":0},"product_brand":[],"product_cat":[15983,13488],"product_tag":[],"class_list":{"0":"post-690095","1":"product","2":"type-product","3":"status-publish","5":"product_cat-iletisim-ve-medya","6":"product_cat-toplum-ve-insan","7":"pa_tur-kitap","8":"pa_yayinevi-kalkedon-yayincilik","9":"pa_yazar-savas-coban","11":"first","12":"instock","13":"sale","14":"shipping-taxable","15":"purchasable","16":"product-type-simple"},"_links":{"self":[{"href":"https:\/\/roveyayinevi.com.tr\/index.php\/wp-json\/wp\/v2\/product\/690095","targetHints":{"allow":["GET"]}}],"collection":[{"href":"https:\/\/roveyayinevi.com.tr\/index.php\/wp-json\/wp\/v2\/product"}],"about":[{"href":"https:\/\/roveyayinevi.com.tr\/index.php\/wp-json\/wp\/v2\/types\/product"}],"wp:attachment":[{"href":"https:\/\/roveyayinevi.com.tr\/index.php\/wp-json\/wp\/v2\/media?parent=690095"}],"wp:term":[{"taxonomy":"product_brand","embeddable":true,"href":"https:\/\/roveyayinevi.com.tr\/index.php\/wp-json\/wp\/v2\/product_brand?post=690095"},{"taxonomy":"product_cat","embeddable":true,"href":"https:\/\/roveyayinevi.com.tr\/index.php\/wp-json\/wp\/v2\/product_cat?post=690095"},{"taxonomy":"product_tag","embeddable":true,"href":"https:\/\/roveyayinevi.com.tr\/index.php\/wp-json\/wp\/v2\/product_tag?post=690095"}],"curies":[{"name":"wp","href":"https:\/\/api.w.org\/{rel}","templated":true}]}}