{"id":690094,"date":"2025-08-27T13:49:57","date_gmt":"2025-08-27T10:49:57","guid":{"rendered":"https:\/\/roveyayinevi.com.tr\/index.php\/urun\/medya-calismalari-teoriler-ve-yaklasimlar\/"},"modified":"2026-04-16T01:59:47","modified_gmt":"2026-04-15T22:59:47","slug":"medya-calismalari-teoriler-ve-yaklasimlar","status":"publish","type":"product","link":"https:\/\/roveyayinevi.com.tr\/index.php\/urun\/medya-calismalari-teoriler-ve-yaklasimlar\/","title":{"rendered":"Medya \u00c7al\u0131\u015fmalar\u0131 &#8211; Teoriler ve Yakla\u015f\u0131mlar"},"content":{"rendered":"<p>Televizyon, \u0130nternet, telefon, radyo, sinema, m\u00fczik, dergi ve gazetelerimiz var -bu, buzda\u011f\u0131n\u0131n yaln\u0131zca g\u00f6r\u00fcnen y\u00fcz\u00fc. Iss\u0131z bir adada ya\u015fam\u0131yorsak, \u015fu ya da bu medya ileti\u015fim teknolojilerinden ka\u00e7ma olana\u011f\u0131m\u0131z yok. \u015eu halde, her \u015feyi \u00e7epe\u00e7evre saran g\u00fcn\u00fcm\u00fcz medya k\u00fclt\u00fcr\u00fcn\u00fc anlamaya nereden ba\u015flayaca\u011f\u0131z? Bu kitapta, medya \u00e7al\u0131\u015fmalar\u0131ndaki t\u00fcm kilit konu ve tart\u0131\u015fmalar canl\u0131 ve anla\u015f\u0131l\u0131r bir \u00fcslupla ele al\u0131n\u0131yor. K\u00fcresel medya \u015firketleri, t\u00fcketici g\u00fcc\u00fc, medyan\u0131n etkilerine ili\u015fkin yakla\u015f\u0131mlar, \u00fcnl\u00fcler, habercilik ve yeni medyan\u0131n b\u00fct\u00fcn temel \u00f6zellikleri hakk\u0131nda bilgiler i\u00e7eren kitap; g\u00f6zetimden sim\u00fclasyona, medya t\u00fcrlerinden toplumsal cinsiyete, ekonomi politikten postmodernizme b\u00fct\u00fcn medya konular\u0131 \u00fczerine yo\u011funla\u015fan d\u00fc\u015f\u00fcnsel bir matris arac\u0131l\u0131\u011f\u0131yla okura rehberlik ediyor. \u0130ster \u00f6\u011frenci, ister ara\u015ft\u0131rmac\u0131 isterse de uygulay\u0131c\u0131 ya da sadece konuya merakl\u0131 biri olun; bu karma\u015f\u0131k ve b\u00fcy\u00fcleyici alana yolculu\u011funuzda Medya \u00c7al\u0131\u015fmalar\u0131 yararl\u0131 bir kaynak olacak. Leeds Metropolitan University, Medya ve Pop\u00fcler K\u00fclt\u00fcr b\u00f6l\u00fcm\u00fcnde asistanl\u0131k yapan Dr. Dan Laughey, Music and Youth Culture ve Key Themes in Media Theory kitaplar\u0131n\u0131n yazar\u0131d\u0131r. \ufffcTan\u0131t\u0131m Metni<\/p>\n","protected":false},"excerpt":{"rendered":"<p>Televizyon, \u0130nternet, telefon, radyo, sinema, m\u00fczik, dergi ve gazetelerimiz var -bu, buzda\u011f\u0131n\u0131n yaln\u0131zca g\u00f6r\u00fcnen y\u00fcz\u00fc. Iss\u0131z bir adada ya\u015fam\u0131yorsak, \u015fu ya da bu medya ileti\u015fim teknolojilerinden<span class=\"excerpt-hellip\"> [\u2026]<\/span><\/p>\n","protected":false},"featured_media":0,"template":"","meta":{"_monsterinsights_skip_tracking":false,"_monsterinsights_sitenote_active":false,"_monsterinsights_sitenote_note":"","_monsterinsights_sitenote_category":0},"product_brand":[],"product_cat":[15983,13488],"product_tag":[],"class_list":{"0":"post-690094","1":"product","2":"type-product","3":"status-publish","5":"product_cat-iletisim-ve-medya","6":"product_cat-toplum-ve-insan","7":"pa_cilt-ciltsiz","8":"pa_tur-kitap","9":"pa_yayinevi-kalkedon-yayincilik","10":"pa_yazar-dan-laughey","12":"first","13":"instock","14":"sale","15":"shipping-taxable","16":"purchasable","17":"product-type-simple"},"_links":{"self":[{"href":"https:\/\/roveyayinevi.com.tr\/index.php\/wp-json\/wp\/v2\/product\/690094","targetHints":{"allow":["GET"]}}],"collection":[{"href":"https:\/\/roveyayinevi.com.tr\/index.php\/wp-json\/wp\/v2\/product"}],"about":[{"href":"https:\/\/roveyayinevi.com.tr\/index.php\/wp-json\/wp\/v2\/types\/product"}],"wp:attachment":[{"href":"https:\/\/roveyayinevi.com.tr\/index.php\/wp-json\/wp\/v2\/media?parent=690094"}],"wp:term":[{"taxonomy":"product_brand","embeddable":true,"href":"https:\/\/roveyayinevi.com.tr\/index.php\/wp-json\/wp\/v2\/product_brand?post=690094"},{"taxonomy":"product_cat","embeddable":true,"href":"https:\/\/roveyayinevi.com.tr\/index.php\/wp-json\/wp\/v2\/product_cat?post=690094"},{"taxonomy":"product_tag","embeddable":true,"href":"https:\/\/roveyayinevi.com.tr\/index.php\/wp-json\/wp\/v2\/product_tag?post=690094"}],"curies":[{"name":"wp","href":"https:\/\/api.w.org\/{rel}","templated":true}]}}