{"id":690093,"date":"2025-08-27T13:49:57","date_gmt":"2025-08-27T10:49:57","guid":{"rendered":"https:\/\/roveyayinevi.com.tr\/index.php\/urun\/marksist-emperyalizm-teorileri\/"},"modified":"2026-04-16T01:59:47","modified_gmt":"2026-04-15T22:59:47","slug":"marksist-emperyalizm-teorileri","status":"publish","type":"product","link":"https:\/\/roveyayinevi.com.tr\/index.php\/urun\/marksist-emperyalizm-teorileri\/","title":{"rendered":"Marksist Emperyalizm Teorileri"},"content":{"rendered":"<p>Bu eserdeki amac\u0131m; emperyalizm \u00fczerine yaz\u0131lm\u0131\u015f Marksist eserlerin, hatta daha geni\u015f \u00e7er\u00e7evede, kapitalist d\u00fcnya ekonomisinin ortaya \u00e7\u0131k\u0131\u015f\u0131n\u0131n ve geli\u015fiminin izini s\u00fcrmektir. Bu konunun ele al\u0131nmas\u0131na taraf oldu\u011fum kadar, konuya ele\u015ftirel yakla\u015fmaya da \u00e7al\u0131\u015ft\u0131m: Taraf olmam\u0131n sebebi, bu teorilerden \u00f6\u011frenece\u011fimiz pek \u00e7ok \u015feyin oldu\u011funa inan\u0131yor olmamd\u0131r; ele\u015ftirel yakla\u015fmam\u0131n sebebi ise Marksist teorilerin, detayl\u0131 bir tetkiki ya da yap\u0131c\u0131 ele\u015ftirileri dikkate al\u0131nmaks\u0131z\u0131n ya t\u00fcmden kabul edilmesi ya da reddedilmesidir. Yine bu kitapta amac\u0131m; kapitalist d\u00fcnya ekonomisinin geli\u015fimine y\u00f6nelik Marksist gelenekte \u00f6ne s\u00fcr\u00fclen \u00e7e\u015fitli s\u00f6ylemleri tart\u0131\u015fmaya a\u00e7makt\u0131r. Konuyla ilgili olmad\u0131klar\u0131 s\u00fcrece Marksist olmayan teorileri, kapitalizm \u00f6ncesi imparatorluklar\u0131 ve Sovyet geni\u015flemecili\u011fini ele almayaca\u011f\u0131m. Bu; tamamen kendi i\u00e7inde tutarl\u0131 bir s\u00f6ylem yaratmakla ilgili bir durum oldu\u011fundan, say\u0131lan ba\u015fl\u0131klar\u0131n \u00f6nemini reddetti\u011fim anlam\u0131na gelmemektedir. Bu a\u015famada,  emperyalizm i de tan\u0131mlamaya \u00e7al\u0131\u015fmayaca\u011f\u0131m; asl\u0131nda hi\u00e7bir durumda nihai bir tan\u0131m sunmayaca\u011f\u0131m. Farkl\u0131 yazarlar bu kavram\u0131 farkl\u0131 anlamda kulland\u0131lar; ben yazar\u0131n kulland\u0131\u011f\u0131 anlama dikkat \u00e7ekece\u011fim. Bu kitapta yer alan baz\u0131 yazarlar  emperyalizm  s\u00f6zc\u00fc\u011f\u00fcn\u00fc hi\u00e7 kullanmad\u0131lar bile. \u00d6nceki sayfalarda ge\u00e7en konu ba\u015fl\u0131klar\u0131 -kapitalizmin ortaya \u00e7\u0131kmas\u0131, d\u00fcnyaya yay\u0131lmas\u0131, farkl\u0131 b\u00f6lgelerdeki e\u015fitsiz geli\u015fme, baz\u0131 \u00fclkelerin di\u011ferleri \u00fczerinde kurdu\u011fu \u00fcst\u00fcnl\u00fck-  emperyalizm  olarak tan\u0131mlamay\u0131 tercih etti\u011fimiz unsurlar ne olursa olsun, birbirine ba\u011fl\u0131d\u0131r. -Anthony Brewer- <\/p>\n","protected":false},"excerpt":{"rendered":"<p>Bu eserdeki amac\u0131m; emperyalizm \u00fczerine yaz\u0131lm\u0131\u015f Marksist eserlerin, hatta daha geni\u015f \u00e7er\u00e7evede, kapitalist d\u00fcnya ekonomisinin ortaya \u00e7\u0131k\u0131\u015f\u0131n\u0131n ve geli\u015fiminin izini s\u00fcrmektir. Bu konunun ele al\u0131nmas\u0131na taraf<span class=\"excerpt-hellip\"> [\u2026]<\/span><\/p>\n","protected":false},"featured_media":0,"template":"","meta":{"_monsterinsights_skip_tracking":false,"_monsterinsights_sitenote_active":false,"_monsterinsights_sitenote_note":"","_monsterinsights_sitenote_category":0},"product_brand":[],"product_cat":[12338,12337],"product_tag":[],"class_list":{"0":"post-690093","1":"product","2":"type-product","3":"status-publish","5":"product_cat-dunya-siyaseti-ve-politikasi","6":"product_cat-politika-siyaset","7":"pa_tur-kitap","8":"pa_yayinevi-kalkedon-yayincilik","9":"pa_yazar-anthony-brewer","11":"first","12":"instock","13":"sale","14":"shipping-taxable","15":"purchasable","16":"product-type-simple"},"_links":{"self":[{"href":"https:\/\/roveyayinevi.com.tr\/index.php\/wp-json\/wp\/v2\/product\/690093","targetHints":{"allow":["GET"]}}],"collection":[{"href":"https:\/\/roveyayinevi.com.tr\/index.php\/wp-json\/wp\/v2\/product"}],"about":[{"href":"https:\/\/roveyayinevi.com.tr\/index.php\/wp-json\/wp\/v2\/types\/product"}],"wp:attachment":[{"href":"https:\/\/roveyayinevi.com.tr\/index.php\/wp-json\/wp\/v2\/media?parent=690093"}],"wp:term":[{"taxonomy":"product_brand","embeddable":true,"href":"https:\/\/roveyayinevi.com.tr\/index.php\/wp-json\/wp\/v2\/product_brand?post=690093"},{"taxonomy":"product_cat","embeddable":true,"href":"https:\/\/roveyayinevi.com.tr\/index.php\/wp-json\/wp\/v2\/product_cat?post=690093"},{"taxonomy":"product_tag","embeddable":true,"href":"https:\/\/roveyayinevi.com.tr\/index.php\/wp-json\/wp\/v2\/product_tag?post=690093"}],"curies":[{"name":"wp","href":"https:\/\/api.w.org\/{rel}","templated":true}]}}