{"id":690091,"date":"2025-08-27T13:49:56","date_gmt":"2025-08-27T10:49:56","guid":{"rendered":"https:\/\/roveyayinevi.com.tr\/index.php\/urun\/joseph-andrews\/"},"modified":"2026-04-16T01:59:47","modified_gmt":"2026-04-15T22:59:47","slug":"joseph-andrews","status":"publish","type":"product","link":"https:\/\/roveyayinevi.com.tr\/index.php\/urun\/joseph-andrews\/","title":{"rendered":"Joseph Andrews"},"content":{"rendered":"<p>Henry Fielding (1707-1754): Romanlar\u0131, oyunlar\u0131, yergileri, siyasi makaleleriyle \u0130ngiliz k\u00fclt\u00fcr hayat\u0131n\u0131n en \u00f6nemli ve ilgin\u00e7 karakterlerinden biridir. Gayet verimli bir oyun ve hiciv yazar\u0131yken sans\u00fcr y\u00fcz\u00fcnden yazmaya ara vermi\u015f, hukuk \u00f6\u011frenimi g\u00f6rerek yarg\u0131\u00e7 olmu\u015ftur. \ufffcTan\u0131t\u0131m Metni<\/p>\n","protected":false},"excerpt":{"rendered":"<p>Henry Fielding (1707-1754): Romanlar\u0131, oyunlar\u0131, yergileri, siyasi makaleleriyle \u0130ngiliz k\u00fclt\u00fcr hayat\u0131n\u0131n en \u00f6nemli ve ilgin\u00e7 karakterlerinden biridir. Gayet verimli bir oyun ve hiciv yazar\u0131yken sans\u00fcr y\u00fcz\u00fcnden<span class=\"excerpt-hellip\"> [\u2026]<\/span><\/p>\n","protected":false},"featured_media":0,"template":"","meta":{"_monsterinsights_skip_tracking":false,"_monsterinsights_sitenote_active":false,"_monsterinsights_sitenote_note":"","_monsterinsights_sitenote_category":0},"product_brand":[],"product_cat":[12291,12866],"product_tag":[],"class_list":{"0":"post-690091","1":"product","2":"type-product","3":"status-publish","5":"product_cat-edebiyat","6":"product_cat-ingiliz-edebiyati","7":"pa_cilt-ciltsiz","8":"pa_tur-kitap","9":"pa_yayinevi-is-bankasi-kultur-yayinlari","10":"pa_yazar-henry-fielding","12":"first","13":"instock","14":"sale","15":"shipping-taxable","16":"purchasable","17":"product-type-simple"},"_links":{"self":[{"href":"https:\/\/roveyayinevi.com.tr\/index.php\/wp-json\/wp\/v2\/product\/690091","targetHints":{"allow":["GET"]}}],"collection":[{"href":"https:\/\/roveyayinevi.com.tr\/index.php\/wp-json\/wp\/v2\/product"}],"about":[{"href":"https:\/\/roveyayinevi.com.tr\/index.php\/wp-json\/wp\/v2\/types\/product"}],"wp:attachment":[{"href":"https:\/\/roveyayinevi.com.tr\/index.php\/wp-json\/wp\/v2\/media?parent=690091"}],"wp:term":[{"taxonomy":"product_brand","embeddable":true,"href":"https:\/\/roveyayinevi.com.tr\/index.php\/wp-json\/wp\/v2\/product_brand?post=690091"},{"taxonomy":"product_cat","embeddable":true,"href":"https:\/\/roveyayinevi.com.tr\/index.php\/wp-json\/wp\/v2\/product_cat?post=690091"},{"taxonomy":"product_tag","embeddable":true,"href":"https:\/\/roveyayinevi.com.tr\/index.php\/wp-json\/wp\/v2\/product_tag?post=690091"}],"curies":[{"name":"wp","href":"https:\/\/api.w.org\/{rel}","templated":true}]}}