{"id":690088,"date":"2025-08-27T13:49:56","date_gmt":"2025-08-27T10:49:56","guid":{"rendered":"https:\/\/roveyayinevi.com.tr\/index.php\/urun\/e-gel-bari\/"},"modified":"2026-04-16T01:59:47","modified_gmt":"2026-04-15T22:59:47","slug":"e-gel-bari","status":"publish","type":"product","link":"https:\/\/roveyayinevi.com.tr\/index.php\/urun\/e-gel-bari\/","title":{"rendered":"E, Gel Bari&#8230;"},"content":{"rendered":"<p>Bir varm\u0131\u015f, bir yokmu\u015f. Evvel zaman i\u00e7inde, kalbur saman i\u00e7inde, develer tellal, pireler berber iken diye ba\u015flar masal\u0131m\u0131z. Masallar \u00e7ocuklara okuma al\u0131\u015fkanl\u0131\u011f\u0131 kazand\u0131rd\u0131\u011f\u0131 gibi ya\u015fam\u0131 kavramalar\u0131n\u0131n \u00f6nemli birer arac\u0131. E, gel bari adl\u0131 masal\u0131m\u0131z iyilik yapman\u0131n \u00f6nemini ve zamanla yerini sevgiye b\u0131rakt\u0131\u011f\u0131n\u0131 masals\u0131 bir dille anlat\u0131rken \u00e7ocuklar\u0131n hayal g\u00fcc\u00fcn\u00fc geli\u015ftirmektedir. <\/p>\n","protected":false},"excerpt":{"rendered":"<p>Bir varm\u0131\u015f, bir yokmu\u015f. Evvel zaman i\u00e7inde, kalbur saman i\u00e7inde, develer tellal, pireler berber iken diye ba\u015flar masal\u0131m\u0131z. Masallar \u00e7ocuklara okuma al\u0131\u015fkanl\u0131\u011f\u0131 kazand\u0131rd\u0131\u011f\u0131 gibi ya\u015fam\u0131 kavramalar\u0131n\u0131n<span class=\"excerpt-hellip\"> [\u2026]<\/span><\/p>\n","protected":false},"featured_media":0,"template":"","meta":{"_monsterinsights_skip_tracking":false,"_monsterinsights_sitenote_active":false,"_monsterinsights_sitenote_note":"","_monsterinsights_sitenote_category":0},"product_brand":[],"product_cat":[12275,12274],"product_tag":[],"class_list":{"0":"post-690088","1":"product","2":"type-product","3":"status-publish","5":"product_cat-6-12-yas-kitaplari","6":"product_cat-cocuk-ve-genclik-kitaplari","7":"pa_cilt-ciltsiz","8":"pa_tur-kitap","9":"pa_yayinevi-kok-yayinevi","10":"pa_yazar-elif-songur-dag","12":"first","13":"instock","14":"sale","15":"shipping-taxable","16":"purchasable","17":"product-type-simple"},"_links":{"self":[{"href":"https:\/\/roveyayinevi.com.tr\/index.php\/wp-json\/wp\/v2\/product\/690088","targetHints":{"allow":["GET"]}}],"collection":[{"href":"https:\/\/roveyayinevi.com.tr\/index.php\/wp-json\/wp\/v2\/product"}],"about":[{"href":"https:\/\/roveyayinevi.com.tr\/index.php\/wp-json\/wp\/v2\/types\/product"}],"wp:attachment":[{"href":"https:\/\/roveyayinevi.com.tr\/index.php\/wp-json\/wp\/v2\/media?parent=690088"}],"wp:term":[{"taxonomy":"product_brand","embeddable":true,"href":"https:\/\/roveyayinevi.com.tr\/index.php\/wp-json\/wp\/v2\/product_brand?post=690088"},{"taxonomy":"product_cat","embeddable":true,"href":"https:\/\/roveyayinevi.com.tr\/index.php\/wp-json\/wp\/v2\/product_cat?post=690088"},{"taxonomy":"product_tag","embeddable":true,"href":"https:\/\/roveyayinevi.com.tr\/index.php\/wp-json\/wp\/v2\/product_tag?post=690088"}],"curies":[{"name":"wp","href":"https:\/\/api.w.org\/{rel}","templated":true}]}}