{"id":690087,"date":"2025-08-27T13:49:56","date_gmt":"2025-08-27T10:49:56","guid":{"rendered":"https:\/\/roveyayinevi.com.tr\/index.php\/urun\/yogun-metodla-ispanyolca\/"},"modified":"2026-04-16T01:59:47","modified_gmt":"2026-04-15T22:59:47","slug":"yogun-metodla-ispanyolca","status":"publish","type":"product","link":"https:\/\/roveyayinevi.com.tr\/index.php\/urun\/yogun-metodla-ispanyolca\/","title":{"rendered":"Yo\u011fun Metodla \u0130spanyolca"},"content":{"rendered":"<p>Bu kitab\u0131n amac\u0131, \u00f6\u011frencinin, m\u00fcmk\u00fcn oldu\u011funca k\u0131sa bir s\u00fcrede tamamlayabilece\u011fi yo\u011fun bir metodla, g\u00fcnl\u00fck konu\u015fmada gereksinim duyulacak kelimelerden olu\u015fan yeterli bir elime hazinesi kazanarak \u0130spanyolca \u00f6\u011frenmesini ve \u0130spanyolca grameri \u00fczerinde de genel bir bilgi edinmesini sa\u011flamakt\u0131r. <\/p>\n","protected":false},"excerpt":{"rendered":"<p>Bu kitab\u0131n amac\u0131, \u00f6\u011frencinin, m\u00fcmk\u00fcn oldu\u011funca k\u0131sa bir s\u00fcrede tamamlayabilece\u011fi yo\u011fun bir metodla, g\u00fcnl\u00fck konu\u015fmada gereksinim duyulacak kelimelerden olu\u015fan yeterli bir elime hazinesi kazanarak \u0130spanyolca \u00f6\u011frenmesini<span class=\"excerpt-hellip\"> [\u2026]<\/span><\/p>\n","protected":false},"featured_media":0,"template":"","meta":{"_monsterinsights_skip_tracking":false,"_monsterinsights_sitenote_active":false,"_monsterinsights_sitenote_note":"","_monsterinsights_sitenote_category":0},"product_brand":[],"product_cat":[14597,12566],"product_tag":[],"class_list":{"0":"post-690087","1":"product","2":"type-product","3":"status-publish","5":"product_cat-dil-ogrenimi","6":"product_cat-egitim","7":"pa_cilt-ciltsiz","8":"pa_tur-kitap","9":"pa_yayinevi-inkilap-kitabevi","10":"pa_yazar-inci-kut","12":"first","13":"instock","14":"sale","15":"shipping-taxable","16":"purchasable","17":"product-type-simple"},"_links":{"self":[{"href":"https:\/\/roveyayinevi.com.tr\/index.php\/wp-json\/wp\/v2\/product\/690087","targetHints":{"allow":["GET"]}}],"collection":[{"href":"https:\/\/roveyayinevi.com.tr\/index.php\/wp-json\/wp\/v2\/product"}],"about":[{"href":"https:\/\/roveyayinevi.com.tr\/index.php\/wp-json\/wp\/v2\/types\/product"}],"wp:attachment":[{"href":"https:\/\/roveyayinevi.com.tr\/index.php\/wp-json\/wp\/v2\/media?parent=690087"}],"wp:term":[{"taxonomy":"product_brand","embeddable":true,"href":"https:\/\/roveyayinevi.com.tr\/index.php\/wp-json\/wp\/v2\/product_brand?post=690087"},{"taxonomy":"product_cat","embeddable":true,"href":"https:\/\/roveyayinevi.com.tr\/index.php\/wp-json\/wp\/v2\/product_cat?post=690087"},{"taxonomy":"product_tag","embeddable":true,"href":"https:\/\/roveyayinevi.com.tr\/index.php\/wp-json\/wp\/v2\/product_tag?post=690087"}],"curies":[{"name":"wp","href":"https:\/\/api.w.org\/{rel}","templated":true}]}}