{"id":690082,"date":"2025-08-27T13:49:55","date_gmt":"2025-08-27T10:49:55","guid":{"rendered":"https:\/\/roveyayinevi.com.tr\/index.php\/urun\/modern-zamanlarda-utopya-ve-karsiutopya\/"},"modified":"2026-04-16T01:59:47","modified_gmt":"2026-04-15T22:59:47","slug":"modern-zamanlarda-utopya-ve-karsiutopya","status":"publish","type":"product","link":"https:\/\/roveyayinevi.com.tr\/index.php\/urun\/modern-zamanlarda-utopya-ve-karsiutopya\/","title":{"rendered":"Modern Zamanlarda \u00dctopya ve Kar\u015f\u0131\u00fctopya"},"content":{"rendered":"<p>\u00dctopyac\u0131 fikirler ve hayaller, b\u00fct\u00fcn fikirler ve hayaller gibi kendisine kar\u015f\u0131 bir yan\u0131t oldular\u0131 toplumun i\u00e7inden geli\u015firler. Ne eski d\u00fcnya ne de modern d\u00fcnya de\u011fi\u015fmez bir b\u00fct\u00fcnd\u00fcr ve \u00dctopyac\u0131 d\u00fc\u015f\u00fcncenin, antik \u00e7a\u011f\u0131n ya da modern zamanlar\u0131n tarih ak\u0131\u015f\u0131ndaki sosyal de\u011fi\u015fimleri g\u00f6z ard\u0131 eden herhangi bir analizi b\u00fcy\u00fck ihtimalle bir yerlerde fena halde yan\u0131lacakt\u0131r.  &#8211; M. I. Finley, &#8220;Eski ve Modern \u00dctopyac\u0131l\u0131k&#8221; &#8211;  Sosyalizm modern \u00e7a\u011f\u0131n \u00fctopyas\u0131 olmu\u015ftur ve&#8230;. Hala da \u00f6yledir.  &#8211; Zygmunt Bauman, Socialism: The Actibe Utopia (1916) &#8211;  Aran\u0131zdaki fark k\u00f6kten. \u0130nsanl\u0131k umurunuzda de\u011fil ama d\u00fczeleceklerini d\u00fc\u015f\u00fcn\u00fcyorsunuz. Ben insanl\u0131\u011f\u0131 seviyorum ama biliyorum ki d\u00fczelemezler.  &#8211; Joseph Conrad&#8217;dan H.G. Wells&#8217;e, 25 Eyl\u00fcl,1908 &#8211;  &#8220;Yar\u0131n,&#8221; dedi Gumbril sonunda, dalg\u0131n dalg\u0131n. &#8220;Yar\u0131n,&#8221; diye araya girdi Bayan Viveasl\u0131, &#8220;bug\u00fcn kadar berbat olacak&#8221; &#8211; Aldous Huxley, Antie Hay (1923) &#8211;  Kimsenin \u00f6zg\u00fcr olmad\u0131\u011f\u0131, kimsenin g\u00fcvende olmad\u0131\u011f\u0131, d\u00fcr\u00fcst olman\u0131n ve hayatta kalaman\u0131n neredeyse imkans\u0131z oldu\u011fu bir d\u00fcnyada ya\u015f\u0131yoruz.  &#8211; Goerge Orwell, The Road to Wigan Pier (1937) &#8211; Kar\u015f\u0131tlar\u0131n s\u00fcrekli de\u011fi\u015fip birbiri yerine ge\u00e7ti\u011fi, pasifistlerin kendilerini Hitler&#8217;e tap\u0131n\u0131rken buldu\u011fu, Sosyalistlerin milliyet\u00e7i oldu\u011fu, vatanseverlerin vatan haini oldu\u011fu, Budistlerin Japon ordusunun ba\u015far\u0131s\u0131 i\u00e7in dua etti\u011fi, Ruslar bir sald\u0131r\u0131 sahneye koyduklar\u0131nda hisse senedi piyasalar\u0131n\u0131n alt \u00fcst oldu\u011fu \u00e7\u0131ld\u0131rm\u0131\u015f bir d\u00fcnyada ya\u015f\u0131yoruz.  &#8211; George Orwell, Lionel Fielden&#8217;in Beggar Mu Neighbour, Horizonun \u00fczerine inceleme (Eyl\u00fcl 1943) &#8211;<\/p>\n","protected":false},"excerpt":{"rendered":"<p>\u00dctopyac\u0131 fikirler ve hayaller, b\u00fct\u00fcn fikirler ve hayaller gibi kendisine kar\u015f\u0131 bir yan\u0131t oldular\u0131 toplumun i\u00e7inden geli\u015firler. Ne eski d\u00fcnya ne de modern d\u00fcnya de\u011fi\u015fmez bir<span class=\"excerpt-hellip\"> [\u2026]<\/span><\/p>\n","protected":false},"featured_media":0,"template":"","meta":{"_monsterinsights_skip_tracking":false,"_monsterinsights_sitenote_active":false,"_monsterinsights_sitenote_note":"","_monsterinsights_sitenote_category":0},"product_brand":[],"product_cat":[13596,12337],"product_tag":[],"class_list":{"0":"post-690082","1":"product","2":"type-product","3":"status-publish","5":"product_cat-avrupa-birligi","6":"product_cat-politika-siyaset","7":"pa_cilt-ciltsiz","8":"pa_tur-kitap","9":"pa_yayinevi-kalkedon-yayincilik","10":"pa_yazar-krishan-kumar","12":"first","13":"instock","14":"sale","15":"shipping-taxable","16":"purchasable","17":"product-type-simple"},"_links":{"self":[{"href":"https:\/\/roveyayinevi.com.tr\/index.php\/wp-json\/wp\/v2\/product\/690082","targetHints":{"allow":["GET"]}}],"collection":[{"href":"https:\/\/roveyayinevi.com.tr\/index.php\/wp-json\/wp\/v2\/product"}],"about":[{"href":"https:\/\/roveyayinevi.com.tr\/index.php\/wp-json\/wp\/v2\/types\/product"}],"wp:attachment":[{"href":"https:\/\/roveyayinevi.com.tr\/index.php\/wp-json\/wp\/v2\/media?parent=690082"}],"wp:term":[{"taxonomy":"product_brand","embeddable":true,"href":"https:\/\/roveyayinevi.com.tr\/index.php\/wp-json\/wp\/v2\/product_brand?post=690082"},{"taxonomy":"product_cat","embeddable":true,"href":"https:\/\/roveyayinevi.com.tr\/index.php\/wp-json\/wp\/v2\/product_cat?post=690082"},{"taxonomy":"product_tag","embeddable":true,"href":"https:\/\/roveyayinevi.com.tr\/index.php\/wp-json\/wp\/v2\/product_tag?post=690082"}],"curies":[{"name":"wp","href":"https:\/\/api.w.org\/{rel}","templated":true}]}}