{"id":690079,"date":"2025-08-27T13:49:54","date_gmt":"2025-08-27T10:49:54","guid":{"rendered":"https:\/\/roveyayinevi.com.tr\/index.php\/urun\/turkculugun-esaslari\/"},"modified":"2026-04-16T01:59:47","modified_gmt":"2026-04-15T22:59:47","slug":"turkculugun-esaslari","status":"publish","type":"product","link":"https:\/\/roveyayinevi.com.tr\/index.php\/urun\/turkculugun-esaslari\/","title":{"rendered":"T\u00fcrk\u00e7\u00fcl\u00fc\u011f\u00fcn Esaslar\u0131"},"content":{"rendered":"<p>Ziya G\u00f6kalp, T\u00fcrk k\u00fclt\u00fcr\u00fcn\u00fcn ulusal nitelikler kazanmas\u0131 gereklili\u011fi \u00fczerinde \u00f6nemle duran ve bu konuda \u00f6zg\u00fcn deneme ve ara\u015ft\u0131rmalar\u0131yla konuya yeni bir boyut getiren \u00e7a\u011fda\u015f d\u00fc\u015f\u00fcn\u00fcrlerimizdendir. \u00c7a\u011fda\u015f, d\u00fc\u015f\u00fcncelerden yararlanarak toplumumuza Ulus\u00e7uluk Bilinci\u2019ni a\u015f\u0131la\u015fm\u0131\u015f, toplumsal sorunlara bilimsel y\u00f6ntemlerle \u00e7\u00f6z\u00fcm yollar\u0131 aram\u0131\u015f, siyasal alanda da Ulusal Devlet kavram\u0131n\u0131n ve olgusunun yerle\u015fmesine b\u00fcy\u00fck katk\u0131da bulunmu\u015ftur. T\u00fcrk\u00e7\u00fcl\u00fc\u011f\u00fcn Esaslar\u0131, d\u00fc\u015f\u00fcn\u00fcr\u00fcm\u00fcz\u00fcn i\u015fte bu konularda yazd\u0131\u011f\u0131 \u00f6zg\u00fcn denemelerinden olu\u015fmu\u015f bir yap\u0131t\u0131d\u0131r. G\u00fcn\u00fcm\u00fcz T\u00fcrk\u00e7esiyle haz\u0131rlanm\u0131\u015f olan bu yap\u0131t\u0131n, gen\u00e7 ku\u015faklar\u0131n g\u00f6r\u00fc\u015f ve d\u00fc\u015f\u00fcncelerine ulusalla\u015fma ve \u00e7a\u011fda\u015fla\u015fma y\u00f6n\u00fcnde bilin\u00e7li boyutlar kazand\u0131raca\u011f\u0131 kan\u0131s\u0131nday\u0131z. <\/p>\n","protected":false},"excerpt":{"rendered":"<p>Ziya G\u00f6kalp, T\u00fcrk k\u00fclt\u00fcr\u00fcn\u00fcn ulusal nitelikler kazanmas\u0131 gereklili\u011fi \u00fczerinde \u00f6nemle duran ve bu konuda \u00f6zg\u00fcn deneme ve ara\u015ft\u0131rmalar\u0131yla konuya yeni bir boyut getiren \u00e7a\u011fda\u015f d\u00fc\u015f\u00fcn\u00fcrlerimizdendir. \u00c7a\u011fda\u015f,<span class=\"excerpt-hellip\"> [\u2026]<\/span><\/p>\n","protected":false},"featured_media":0,"template":"","meta":{"_monsterinsights_skip_tracking":false,"_monsterinsights_sitenote_active":false,"_monsterinsights_sitenote_note":"","_monsterinsights_sitenote_category":0},"product_brand":[],"product_cat":[13656,12337],"product_tag":[],"class_list":{"0":"post-690079","1":"product","2":"type-product","3":"status-publish","5":"product_cat-azinliklar-etnik-sorunlar","6":"product_cat-politika-siyaset","7":"pa_cilt-ciltsiz","8":"pa_tur-kitap","9":"pa_yayinevi-inkilap-kitabevi","10":"pa_yazar-ziya-gokalp","12":"first","13":"instock","14":"sale","15":"shipping-taxable","16":"purchasable","17":"product-type-simple"},"_links":{"self":[{"href":"https:\/\/roveyayinevi.com.tr\/index.php\/wp-json\/wp\/v2\/product\/690079","targetHints":{"allow":["GET"]}}],"collection":[{"href":"https:\/\/roveyayinevi.com.tr\/index.php\/wp-json\/wp\/v2\/product"}],"about":[{"href":"https:\/\/roveyayinevi.com.tr\/index.php\/wp-json\/wp\/v2\/types\/product"}],"wp:attachment":[{"href":"https:\/\/roveyayinevi.com.tr\/index.php\/wp-json\/wp\/v2\/media?parent=690079"}],"wp:term":[{"taxonomy":"product_brand","embeddable":true,"href":"https:\/\/roveyayinevi.com.tr\/index.php\/wp-json\/wp\/v2\/product_brand?post=690079"},{"taxonomy":"product_cat","embeddable":true,"href":"https:\/\/roveyayinevi.com.tr\/index.php\/wp-json\/wp\/v2\/product_cat?post=690079"},{"taxonomy":"product_tag","embeddable":true,"href":"https:\/\/roveyayinevi.com.tr\/index.php\/wp-json\/wp\/v2\/product_tag?post=690079"}],"curies":[{"name":"wp","href":"https:\/\/api.w.org\/{rel}","templated":true}]}}