{"id":690075,"date":"2025-08-27T13:49:54","date_gmt":"2025-08-27T10:49:54","guid":{"rendered":"https:\/\/roveyayinevi.com.tr\/index.php\/urun\/turkiyenin-b-plani\/"},"modified":"2026-04-16T01:59:47","modified_gmt":"2026-04-15T22:59:47","slug":"turkiyenin-b-plani","status":"publish","type":"product","link":"https:\/\/roveyayinevi.com.tr\/index.php\/urun\/turkiyenin-b-plani\/","title":{"rendered":"T\u00fcrkiye\u2019nin B Plan\u0131"},"content":{"rendered":"<p>Sovyetler Birli\u011finin da\u011f\u0131lmas\u0131ndan sonra meydana gelen otorite bo\u015flu\u011fu alan\u0131nda, bat\u0131l\u0131 emperyalist g\u00fc\u00e7ler kendi hegemonyalar\u0131n\u0131 kurabilmek i\u00e7in yeni baz\u0131 projeleri g\u00fcndeme getirmi\u015flerdir. Osmanl\u0131 \u0130mparatorlu\u011fu&#8217;nun \u00e7\u00f6k\u00fc\u015f\u00fc sonras\u0131nda oldu\u011fu gibi, post Sovyet d\u00f6neminde de emperyalistler aras\u0131nda d\u00fcnyan\u0131n merkezi b\u00f6lgesinde hegemonya kurma yar\u0131\u015f\u0131 yeniden ortaya \u00e7\u0131km\u0131\u015ft\u0131r.Eski Osmanl\u0131 co\u011frafyas\u0131nda yeni bir yap\u0131lanma arayan bat\u0131l\u0131 emperyal g\u00fc\u00e7ler i\u00e7inde Avrupa Birli\u011fi&#8217;de girince, Almanya&#8217;n\u0131n eski Do\u011fu Politikas\u0131 \u00e7er\u00e7evesinde Avrupa Birli\u011finin&#8217;de bu b\u00f6lgede yeni eyaletler olu\u015fturarak kendine ba\u011flamak \u00fczere devreye girdi\u011fi g\u00f6r\u00fclmektedir.ABD&#8217;nin B\u00fcy\u00fck Ortado\u011fu Projesi ile \u0130srail&#8217;in B\u00fcy\u00fck \u0130srail Projesinin yan\u0131na bir de b\u00fcy\u00fck Avrupa Projesi gelmektedir. Atlantik g\u00fc\u00e7lerine kar\u015f\u0131 Fa\u015fist Hitler ile Kom\u00fcnist Stalin&#8217;i i\u015fbirli\u011fine g\u00f6t\u00fcren ko\u015fullar\u0131n benzeri yeniden ortaya \u00e7\u0131kmaktad\u0131r. Osmanl\u0131 ve Sovyet \u0130mparatorluklar\u0131&#8217;n\u0131n geri \u00e7ekildi\u011fi alanda bat\u0131l\u0131 emperyal g\u00fc\u00e7lerin d\u00fcnyan\u0131n merkez b\u00f6lgesini ele ge\u00e7irmek i\u00e7in kesin bir rekabete ve m\u00fccadeleye giri\u015fti\u011fi g\u00f6r\u00fclmektedir.T\u00fcrkiye bu a\u015famada b\u00f6lgenin merkezi devleti olarak, b\u00f6ylesine bir \u00e7eki\u015fmeye sahne olan Asya ve Orta Do\u011fu devletleri ile bir araya gelerek, her t\u00fcrl\u00fc emperyal sald\u0131r\u0131 ve projeye kar\u015f\u0131 \u00e7\u0131kmak ve bir b\u00f6lge ittifak\u0131na \u00f6nc\u00fcl\u00fck yapmak durumundad\u0131r. G\u00fcn\u00fcm\u00fcz ko\u015fullar\u0131nda T\u00fcrkiye Cumhuriyeti&#8217;nin kurucusu Atat\u00fcrk&#8217;\u00fcn d\u0131\u015f politikas\u0131na geri d\u00f6n\u00fclerek, Sadabat Pakt\u0131 benzeri bir b\u00f6lgesel dayan\u0131\u015fma ve g\u00fcvenlik pakt\u0131n\u0131n olu\u015fturulmas\u0131 sava\u015f s\u00fcrecinin durdurabilmesi a\u00e7\u0131s\u0131ndan son derece acil ve ya\u015famsal \u00f6neme sahip bir konudur. D\u00fcnyan\u0131n Merkezinde bulunan devletler, Merkezi Devletler Birli\u011fi ad\u0131 alt\u0131nda ve gev\u015fek bir konfederasyon stat\u00fcs\u00fcnde bir araya gelerek gelecekte alt\u0131 kutuplu bir d\u00fcnyaya do\u011fru gidilirken yedinci bir merkezi kutup olu\u015fturmak ve b\u00f6ylece kutuplar aras\u0131 m\u00fccadelenin yeni bir d\u00fcnya sava\u015f\u0131na d\u00f6n\u00fc\u015fmesini engellemek zorundad\u0131rlar.K\u00fcresel sald\u0131rganl\u0131\u011f\u0131n ve k\u0131yamet senaryolar\u0131n\u0131n devre d\u0131\u015f\u0131 kalmas\u0131 i\u00e7in b\u00f6ylesine bir olu\u015fum ka\u00e7\u0131n\u0131lmazd\u0131r. T\u00fcrkiye&#8217;nin B Plan\u0131 olan Merkezi Devletler Birli\u011fi do\u011frultusunda b\u00f6ylesine bir yap\u0131lanma kom\u015fularla i\u015fbirli\u011fi yap\u0131larak hemen devreye sokulmal\u0131d\u0131r. <\/p>\n","protected":false},"excerpt":{"rendered":"<p>Sovyetler Birli\u011finin da\u011f\u0131lmas\u0131ndan sonra meydana gelen otorite bo\u015flu\u011fu alan\u0131nda, bat\u0131l\u0131 emperyalist g\u00fc\u00e7ler kendi hegemonyalar\u0131n\u0131 kurabilmek i\u00e7in yeni baz\u0131 projeleri g\u00fcndeme getirmi\u015flerdir. Osmanl\u0131 \u0130mparatorlu\u011fu&#8217;nun \u00e7\u00f6k\u00fc\u015f\u00fc sonras\u0131nda oldu\u011fu<span class=\"excerpt-hellip\"> [\u2026]<\/span><\/p>\n","protected":false},"featured_media":0,"template":"","meta":{"_monsterinsights_skip_tracking":false,"_monsterinsights_sitenote_active":false,"_monsterinsights_sitenote_note":"","_monsterinsights_sitenote_category":0},"product_brand":[],"product_cat":[12337,14543],"product_tag":[],"class_list":{"0":"post-690075","1":"product","2":"type-product","3":"status-publish","5":"product_cat-politika-siyaset","6":"product_cat-turkiye-siyaseti-ve-politikasi","7":"pa_cilt-ciltsiz","8":"pa_tur-kitap","9":"pa_yayinevi-kilit-yayinevi","10":"pa_yazar-anil-cecen","12":"first","13":"instock","14":"sale","15":"shipping-taxable","16":"purchasable","17":"product-type-simple"},"_links":{"self":[{"href":"https:\/\/roveyayinevi.com.tr\/index.php\/wp-json\/wp\/v2\/product\/690075","targetHints":{"allow":["GET"]}}],"collection":[{"href":"https:\/\/roveyayinevi.com.tr\/index.php\/wp-json\/wp\/v2\/product"}],"about":[{"href":"https:\/\/roveyayinevi.com.tr\/index.php\/wp-json\/wp\/v2\/types\/product"}],"wp:attachment":[{"href":"https:\/\/roveyayinevi.com.tr\/index.php\/wp-json\/wp\/v2\/media?parent=690075"}],"wp:term":[{"taxonomy":"product_brand","embeddable":true,"href":"https:\/\/roveyayinevi.com.tr\/index.php\/wp-json\/wp\/v2\/product_brand?post=690075"},{"taxonomy":"product_cat","embeddable":true,"href":"https:\/\/roveyayinevi.com.tr\/index.php\/wp-json\/wp\/v2\/product_cat?post=690075"},{"taxonomy":"product_tag","embeddable":true,"href":"https:\/\/roveyayinevi.com.tr\/index.php\/wp-json\/wp\/v2\/product_tag?post=690075"}],"curies":[{"name":"wp","href":"https:\/\/api.w.org\/{rel}","templated":true}]}}