{"id":690073,"date":"2025-08-27T13:49:53","date_gmt":"2025-08-27T10:49:53","guid":{"rendered":"https:\/\/roveyayinevi.com.tr\/index.php\/urun\/bir-cumhuriyet-aydini-prof-dr-husnu-a-goksel\/"},"modified":"2026-04-16T01:59:46","modified_gmt":"2026-04-15T22:59:46","slug":"bir-cumhuriyet-aydini-prof-dr-husnu-a-goksel","status":"publish","type":"product","link":"https:\/\/roveyayinevi.com.tr\/index.php\/urun\/bir-cumhuriyet-aydini-prof-dr-husnu-a-goksel\/","title":{"rendered":"Bir Cumhuriyet Ayd\u0131n\u0131 Prof. Dr. H\u00fcsn\u00fc A. G\u00f6ksel"},"content":{"rendered":"<p>Onu tasvir edecek en uygun s\u00f6zc\u00fck bana &#8216;\u015f\u00f6valyelik&#8217; s\u0131fat\u0131d\u0131r gibi geliyor Yirminci y\u00fczy\u0131l\u0131n ilk \u00e7eyre\u011finden yirmi birinci y\u00fczy\u0131la atlam\u0131\u015f sevgi sayg\u0131 ilgi \u015fefkat bilgi ve insanl\u0131k dolu bir y\u00fcrek ta\u015f\u0131yan yi\u011fit bir \u015f\u00f6valye&#8230;Ayla KutluKimi yemi\u015flerin d\u0131\u015f\u0131 yumu\u015fak \u00e7ekirde\u011fi serttir. G\u00f6ksel d\u0131\u015f\u0131 yumu\u015fak i\u00e7i sert olanlardan. G\u00f6r\u00fcn\u00fc\u015fteki yumu\u015fakl\u0131\u011fa aldan\u0131p \u0131s\u0131rmaya kalkanlar\u0131n di\u015fi k\u0131r\u0131labilir.Aziz NesinProfes\u00f6r H\u00fcsn\u00fc G\u00f6ksel&#8217;i herkes bilir hele kanserle ili\u015fkisi olanlar \u00e7ok iyi bilir.Bir\u00e7ok sanat merakl\u0131s\u0131 bu eski edebiyat\u00e7\u0131y\u0131 an\u0131msar. 12 Eyl\u00fcT\u00fc ya\u015fam\u0131\u015f olan ayd\u0131nlar herkesten iyi tan\u0131r.Prof. Dr. Bahri Savc\u0131H\u00fcsn\u00fc G\u00f6ksel i\u00e7in ayd\u0131n olman\u0131n ba\u015f ko\u015fulu korkuyu yenebilmektir. Korkuyu yenmedik\u00e7e insan ayd\u0131n olman\u0131n gereklerini yerine getiremez.Emin \u00d6zdemirAyd\u0131nlanma Devrimi&#8217;nin \u00f6nde gelen insanlar\u0131ndan biriydi o Ayd\u0131nlar Dilek\u00e7esi&#8217;ne imza koydu\u011fu i\u00e7in k\u00fcrs\u00fcs\u00fcnden uzakla\u015ft\u0131r\u0131lmas\u0131na ald\u0131rmayan hekimli\u011fi tecim ili\u015fkisi olarak g\u00f6rmeyen hep kendinden vermesini bilen bir insan&#8230;Mustafa \u015eerif OnaranH\u00fcsn\u00fc G\u00f6ksel bilgi ve bilimi bilin\u00e7le \u00f6z\u00fcmsemi\u015f yeteneklerini medeni cesaret ve giri\u015fimcilikle g\u00fc\u00e7lendirmi\u015f kendisini \u00fclkenin her alanda geli\u015fmesine T\u00fcrkiye Cumhuriyeti&#8217;nin hukuka ve insan haklar\u0131na sayg\u0131l\u0131 laik bir devlet olarak sayg\u0131nl\u0131k kazanmas\u0131na adam\u0131\u015f ger\u00e7ek bir ayd\u0131n idi.Prof. Dr. \u015eerafettin TuranH\u00fcsn\u00fc G\u00f6ksel&#8217;e ve b\u00fct\u00fcn H\u00fcsn\u00fc G\u00f6ksellere y\u00fcreklerden sayg\u0131 dolu selamlar&#8230; Onlar T\u00fcrkiye&#8217;nin onurudur ve T\u00fcrkiye onlarla daha da onurludurU\u011fur MumcuProf. Dr. H\u00fcsn\u00fc G\u00f6ksel&#8217;in bazen evliyaya bazen \u0130sa&#8217;n\u0131n ta kendisine benzetti\u011fim ciddiyetle g\u00fcl\u00fcmseyen derin \u00e7izgili y\u00fcz\u00fc bir kurtulu\u015f \u015fafa\u011f\u0131 olarak hep y\u00fcre\u011fimizde parlard\u0131. Anam\u0131 o amans\u0131z hastal\u0131\u011f\u0131n pen\u00e7esinden kurtarmak isteyen cerrah\u0131n piyanist parmaklar\u0131nda evrensel uygarl\u0131\u011fa yaratan insano\u011flunu g\u00f6r\u00fcrd\u00fcm. <\/p>\n","protected":false},"excerpt":{"rendered":"<p>Onu tasvir edecek en uygun s\u00f6zc\u00fck bana &#8216;\u015f\u00f6valyelik&#8217; s\u0131fat\u0131d\u0131r gibi geliyor Yirminci y\u00fczy\u0131l\u0131n ilk \u00e7eyre\u011finden yirmi birinci y\u00fczy\u0131la atlam\u0131\u015f sevgi sayg\u0131 ilgi \u015fefkat bilgi ve insanl\u0131k<span class=\"excerpt-hellip\"> [\u2026]<\/span><\/p>\n","protected":false},"featured_media":0,"template":"","meta":{"_monsterinsights_skip_tracking":false,"_monsterinsights_sitenote_active":false,"_monsterinsights_sitenote_note":"","_monsterinsights_sitenote_category":0},"product_brand":[],"product_cat":[13946,12304],"product_tag":[],"class_list":{"0":"post-690073","1":"product","2":"type-product","3":"status-publish","5":"product_cat-biyografi-otobiyografi","6":"product_cat-tarih","7":"pa_cilt-ciltsiz","8":"pa_tur-kitap","9":"pa_yayinevi-kilit-yayinevi","10":"pa_yazar-aysun-oner","12":"first","13":"instock","14":"sale","15":"shipping-taxable","16":"purchasable","17":"product-type-simple"},"_links":{"self":[{"href":"https:\/\/roveyayinevi.com.tr\/index.php\/wp-json\/wp\/v2\/product\/690073","targetHints":{"allow":["GET"]}}],"collection":[{"href":"https:\/\/roveyayinevi.com.tr\/index.php\/wp-json\/wp\/v2\/product"}],"about":[{"href":"https:\/\/roveyayinevi.com.tr\/index.php\/wp-json\/wp\/v2\/types\/product"}],"wp:attachment":[{"href":"https:\/\/roveyayinevi.com.tr\/index.php\/wp-json\/wp\/v2\/media?parent=690073"}],"wp:term":[{"taxonomy":"product_brand","embeddable":true,"href":"https:\/\/roveyayinevi.com.tr\/index.php\/wp-json\/wp\/v2\/product_brand?post=690073"},{"taxonomy":"product_cat","embeddable":true,"href":"https:\/\/roveyayinevi.com.tr\/index.php\/wp-json\/wp\/v2\/product_cat?post=690073"},{"taxonomy":"product_tag","embeddable":true,"href":"https:\/\/roveyayinevi.com.tr\/index.php\/wp-json\/wp\/v2\/product_tag?post=690073"}],"curies":[{"name":"wp","href":"https:\/\/api.w.org\/{rel}","templated":true}]}}