{"id":690072,"date":"2025-08-27T13:49:53","date_gmt":"2025-08-27T10:49:53","guid":{"rendered":"https:\/\/roveyayinevi.com.tr\/index.php\/urun\/anadoludan-geldik\/"},"modified":"2026-04-16T01:59:46","modified_gmt":"2026-04-15T22:59:46","slug":"anadoludan-geldik","status":"publish","type":"product","link":"https:\/\/roveyayinevi.com.tr\/index.php\/urun\/anadoludan-geldik\/","title":{"rendered":"Anadolu\u2019dan Geldik"},"content":{"rendered":"<p>Anadoludan Geldik..!, devletin \u00e7ektirdi\u011fi \u00fclke tan\u0131t\u0131m filmlerinin ulusal kimlik ve co\u011frafya temelinde s\u00f6ylem \u00e7\u00f6z\u00fcmlemesini y\u00fcr\u00fct\u00fcyor, T\u00fcrkiyede d\u00fc\u015f\u00fcnce tarihi tart\u0131\u015fmalar\u0131n\u0131n bu filmlerde b\u0131rakt\u0131\u011f\u0131 izi, 1934ten 2005e kadar, d\u00f6nemler halinde s\u00fcr\u00fcyor. G\u00f6rece ge\u00e7 modernle\u015fen T\u00fcrkiye toplumunda devlet kendisini ve ulusunu nas\u0131l kurdu, tan\u0131mlad\u0131? Rejimin temel dinamiklerini d\u0131\u015f d\u00fcnyaya ve vatanda\u015f\u0131na hangi ba\u015fl\u0131klar \u00fczerinden tan\u0131tt\u0131? Filmlerde ulus, ulusal kimlik, Asyal\u0131l\u0131k ve Anadoluluk, tarih, co\u011frafya, mimari, Osmanl\u0131 ge\u00e7mi\u015fi, kad\u0131n, mit, ideoloji, Do\u011fu ve Bat\u0131 kavramlar\u0131na Cumhuriyetin farkl\u0131 d\u00f6nemlerinde hangi de\u011ferler atfedildi, Ankara-\u0130stanbul ayr\u0131\u015fmas\u0131na nas\u0131l yakla\u015f\u0131ld\u0131? Neler d\u0131\u015far\u0131da b\u0131rak\u0131l\u0131rken, neler T\u00fcrkl\u00fck ve Anadoluluk parantezinden okundu? Filmlerde Atat\u00fcrk imgesi nas\u0131l i\u015flendi..? <\/p>\n","protected":false},"excerpt":{"rendered":"<p>Anadoludan Geldik..!, devletin \u00e7ektirdi\u011fi \u00fclke tan\u0131t\u0131m filmlerinin ulusal kimlik ve co\u011frafya temelinde s\u00f6ylem \u00e7\u00f6z\u00fcmlemesini y\u00fcr\u00fct\u00fcyor, T\u00fcrkiyede d\u00fc\u015f\u00fcnce tarihi tart\u0131\u015fmalar\u0131n\u0131n bu filmlerde b\u0131rakt\u0131\u011f\u0131 izi, 1934ten 2005e kadar,<span class=\"excerpt-hellip\"> [\u2026]<\/span><\/p>\n","protected":false},"featured_media":0,"template":"","meta":{"_monsterinsights_skip_tracking":false,"_monsterinsights_sitenote_active":false,"_monsterinsights_sitenote_note":"","_monsterinsights_sitenote_category":0},"product_brand":[],"product_cat":[12304,13493],"product_tag":[],"class_list":{"0":"post-690072","1":"product","2":"type-product","3":"status-publish","5":"product_cat-tarih","6":"product_cat-turkiye-ve-cumhuriyet-tarihi","7":"pa_cilt-ciltsiz","8":"pa_tur-kitap","9":"pa_yayinevi-kilit-yayinevi","10":"pa_yazar-serpil-aydos","12":"first","13":"instock","14":"sale","15":"shipping-taxable","16":"purchasable","17":"product-type-simple"},"_links":{"self":[{"href":"https:\/\/roveyayinevi.com.tr\/index.php\/wp-json\/wp\/v2\/product\/690072","targetHints":{"allow":["GET"]}}],"collection":[{"href":"https:\/\/roveyayinevi.com.tr\/index.php\/wp-json\/wp\/v2\/product"}],"about":[{"href":"https:\/\/roveyayinevi.com.tr\/index.php\/wp-json\/wp\/v2\/types\/product"}],"wp:attachment":[{"href":"https:\/\/roveyayinevi.com.tr\/index.php\/wp-json\/wp\/v2\/media?parent=690072"}],"wp:term":[{"taxonomy":"product_brand","embeddable":true,"href":"https:\/\/roveyayinevi.com.tr\/index.php\/wp-json\/wp\/v2\/product_brand?post=690072"},{"taxonomy":"product_cat","embeddable":true,"href":"https:\/\/roveyayinevi.com.tr\/index.php\/wp-json\/wp\/v2\/product_cat?post=690072"},{"taxonomy":"product_tag","embeddable":true,"href":"https:\/\/roveyayinevi.com.tr\/index.php\/wp-json\/wp\/v2\/product_tag?post=690072"}],"curies":[{"name":"wp","href":"https:\/\/api.w.org\/{rel}","templated":true}]}}