{"id":690070,"date":"2025-08-27T13:49:53","date_gmt":"2025-08-27T10:49:53","guid":{"rendered":"https:\/\/roveyayinevi.com.tr\/index.php\/urun\/yurek-burgusu\/"},"modified":"2026-04-16T01:59:46","modified_gmt":"2026-04-15T22:59:46","slug":"yurek-burgusu","status":"publish","type":"product","link":"https:\/\/roveyayinevi.com.tr\/index.php\/urun\/yurek-burgusu\/","title":{"rendered":"Y\u00fcrek Burgusu"},"content":{"rendered":"<p>Henry James (1843 &#8211; 1916): 19. y\u00fczy\u0131l\u0131n son \u00e7eyre\u011finde yerle\u015fti\u011fi \u0130ngiltere&#8217;de, \u00f6l\u00fcm\u00fcne dek, gerek romanlar\u0131nda gerekse uzunlu &#8211; k\u0131sal\u0131 \u00f6yk\u00fclerinde, do\u011fup yeti\u015fti\u011fi Amerika k\u0131tas\u0131 ile Avrupa&#8217;n\u0131n birbirinden farkl\u0131 insanlar\u0131n\u0131 sars\u0131c\u0131 bir g\u00f6zlem g\u00fcc\u00fc ve derinlikle i\u015flemi\u015f bir yaz\u0131 ustas\u0131d\u0131r. Nitekim, yazar\u0131n orta d\u00f6neminin en \u00f6nemli yap\u0131tlar\u0131ndan olan Y\u00fcrek Burgusu&#8217;nun (1898) \u00fcrperticili\u011fi de, bir yandan bir hayalet \u00f6yk\u00fcs\u00fc olmas\u0131ndan ama bir okadar da, James&#8217;in, sayfalar \u00e7evrildik\u00e7e y\u00fcre\u011fimize i\u015fleyen \u00fcslubundan kaynaklanmaktad\u0131r.<\/p>\n","protected":false},"excerpt":{"rendered":"<p>Henry James (1843 &#8211; 1916): 19. y\u00fczy\u0131l\u0131n son \u00e7eyre\u011finde yerle\u015fti\u011fi \u0130ngiltere&#8217;de, \u00f6l\u00fcm\u00fcne dek, gerek romanlar\u0131nda gerekse uzunlu &#8211; k\u0131sal\u0131 \u00f6yk\u00fclerinde, do\u011fup yeti\u015fti\u011fi Amerika k\u0131tas\u0131 ile Avrupa&#8217;n\u0131n<span class=\"excerpt-hellip\"> [\u2026]<\/span><\/p>\n","protected":false},"featured_media":0,"template":"","meta":{"_monsterinsights_skip_tracking":false,"_monsterinsights_sitenote_active":false,"_monsterinsights_sitenote_note":"","_monsterinsights_sitenote_category":0},"product_brand":[],"product_cat":[12782,12291],"product_tag":[],"class_list":{"0":"post-690070","1":"product","2":"type-product","3":"status-publish","5":"product_cat-alman-edebiyati","6":"product_cat-edebiyat","7":"pa_cilt-ciltsiz","8":"pa_tur-kitap","9":"pa_yayinevi-is-bankasi-kultur-yayinlari","10":"pa_yazar-henry-james","12":"first","13":"instock","14":"sale","15":"shipping-taxable","16":"purchasable","17":"product-type-simple"},"_links":{"self":[{"href":"https:\/\/roveyayinevi.com.tr\/index.php\/wp-json\/wp\/v2\/product\/690070","targetHints":{"allow":["GET"]}}],"collection":[{"href":"https:\/\/roveyayinevi.com.tr\/index.php\/wp-json\/wp\/v2\/product"}],"about":[{"href":"https:\/\/roveyayinevi.com.tr\/index.php\/wp-json\/wp\/v2\/types\/product"}],"wp:attachment":[{"href":"https:\/\/roveyayinevi.com.tr\/index.php\/wp-json\/wp\/v2\/media?parent=690070"}],"wp:term":[{"taxonomy":"product_brand","embeddable":true,"href":"https:\/\/roveyayinevi.com.tr\/index.php\/wp-json\/wp\/v2\/product_brand?post=690070"},{"taxonomy":"product_cat","embeddable":true,"href":"https:\/\/roveyayinevi.com.tr\/index.php\/wp-json\/wp\/v2\/product_cat?post=690070"},{"taxonomy":"product_tag","embeddable":true,"href":"https:\/\/roveyayinevi.com.tr\/index.php\/wp-json\/wp\/v2\/product_tag?post=690070"}],"curies":[{"name":"wp","href":"https:\/\/api.w.org\/{rel}","templated":true}]}}