{"id":690066,"date":"2025-08-27T13:49:52","date_gmt":"2025-08-27T10:49:52","guid":{"rendered":"https:\/\/roveyayinevi.com.tr\/index.php\/urun\/unutulanlar-disinda-yeni-bir-sey-yok\/"},"modified":"2026-04-16T01:59:46","modified_gmt":"2026-04-15T22:59:46","slug":"unutulanlar-disinda-yeni-bir-sey-yok","status":"publish","type":"product","link":"https:\/\/roveyayinevi.com.tr\/index.php\/urun\/unutulanlar-disinda-yeni-bir-sey-yok\/","title":{"rendered":"Unutulanlar D\u0131\u015f\u0131nda Yeni Bir \u015eey Yok"},"content":{"rendered":"<p>Hakk\u00e2ri ve Kuzey Irak Da\u011flar\u0131ndaki Askerler  Siz sava\u015fla ilgilenmeyebilirsiniz, sava\u015f sizinle ilgilenir. Sava\u015f kazanan\u0131da yorar. \u00d6l\u00fcm her \u015feyi e\u015fit yapan do\u011fal sonu\u00e7tur\u00e7 \u00d6l\u00fcmden korkmayan \u00f6lmez; \u00f6l\u00fcm kendine ko\u015fanlar\u0131 hi\u00e7bir zaman vurmaz. \u00d6l\u00fcm korkusu, \u00f6l\u00fcm ac\u0131s\u0131ndan daha \u015fiddetlidir. \u00d6l\u00fcm te\u015fkilat\u0131n\u0131n bir anlam\u0131 yoktur. Size yol g\u00f6sterdim de diyebilirsiniz, ama askeri manada emir vermedim. Kahramanlara emir verilmez.  &#8211; Osman Pamuko\u011flu &#8211; <\/p>\n","protected":false},"excerpt":{"rendered":"<p>Hakk\u00e2ri ve Kuzey Irak Da\u011flar\u0131ndaki Askerler Siz sava\u015fla ilgilenmeyebilirsiniz, sava\u015f sizinle ilgilenir. Sava\u015f kazanan\u0131da yorar. \u00d6l\u00fcm her \u015feyi e\u015fit yapan do\u011fal sonu\u00e7tur\u00e7 \u00d6l\u00fcmden korkmayan \u00f6lmez; \u00f6l\u00fcm<span class=\"excerpt-hellip\"> [\u2026]<\/span><\/p>\n","protected":false},"featured_media":0,"template":"","meta":{"_monsterinsights_skip_tracking":false,"_monsterinsights_sitenote_active":false,"_monsterinsights_sitenote_note":"","_monsterinsights_sitenote_category":0},"product_brand":[],"product_cat":[12304,13493],"product_tag":[],"class_list":{"0":"post-690066","1":"product","2":"type-product","3":"status-publish","5":"product_cat-tarih","6":"product_cat-turkiye-ve-cumhuriyet-tarihi","7":"pa_cilt-ciltsiz","8":"pa_tur-kitap","9":"pa_yayinevi-inkilap-kitabevi","10":"pa_yazar-osman-pamukoglu","12":"first","13":"instock","14":"sale","15":"shipping-taxable","16":"purchasable","17":"product-type-simple"},"_links":{"self":[{"href":"https:\/\/roveyayinevi.com.tr\/index.php\/wp-json\/wp\/v2\/product\/690066","targetHints":{"allow":["GET"]}}],"collection":[{"href":"https:\/\/roveyayinevi.com.tr\/index.php\/wp-json\/wp\/v2\/product"}],"about":[{"href":"https:\/\/roveyayinevi.com.tr\/index.php\/wp-json\/wp\/v2\/types\/product"}],"wp:attachment":[{"href":"https:\/\/roveyayinevi.com.tr\/index.php\/wp-json\/wp\/v2\/media?parent=690066"}],"wp:term":[{"taxonomy":"product_brand","embeddable":true,"href":"https:\/\/roveyayinevi.com.tr\/index.php\/wp-json\/wp\/v2\/product_brand?post=690066"},{"taxonomy":"product_cat","embeddable":true,"href":"https:\/\/roveyayinevi.com.tr\/index.php\/wp-json\/wp\/v2\/product_cat?post=690066"},{"taxonomy":"product_tag","embeddable":true,"href":"https:\/\/roveyayinevi.com.tr\/index.php\/wp-json\/wp\/v2\/product_tag?post=690066"}],"curies":[{"name":"wp","href":"https:\/\/api.w.org\/{rel}","templated":true}]}}