{"id":690060,"date":"2025-08-27T13:49:51","date_gmt":"2025-08-27T10:49:51","guid":{"rendered":"https:\/\/roveyayinevi.com.tr\/index.php\/urun\/yarat-ey-sanatci\/"},"modified":"2026-04-16T01:59:46","modified_gmt":"2026-04-15T22:59:46","slug":"yarat-ey-sanatci","status":"publish","type":"product","link":"https:\/\/roveyayinevi.com.tr\/index.php\/urun\/yarat-ey-sanatci\/","title":{"rendered":"Yarat Ey Sanat\u00e7\u0131"},"content":{"rendered":"<p>Johann Wolfgang von Goethe (1749-1832): Gen\u00e7 Werther\u2019in Ac\u0131lar\u0131\u2019ndan Faust\u2019a Alman Romantizminin en g\u00fc\u00e7l\u00fc seslerinden biri oldu\u011fu kadar, d\u00fcnya edebiyat\u0131 yakla\u015f\u0131m\u0131yla k\u00fclt\u00fcr ve edebiyat\u0131n b\u00fcy\u00fck \u00e7\u0131\u011f\u0131r a\u00e7\u0131c\u0131lar\u0131ndand\u0131r da. Yarat Ey Sanat\u00e7\u0131\u2019daysa, k\u0131sa \u015fiirlerinden Roma A\u011f\u0131tlar\u0131\u2019na, yaz\u0131labilen tek b\u00f6l\u00fcm\u00fcyle bile bir ba\u015fka \u0130lyada olaca\u011f\u0131n\u0131 g\u00f6steren Akhilleus\u2019tan Bat\u0131-Do\u011fu D\u00eevan\u0131 tad\u0131ml\u0131klar\u0131na, denebilirse, Goethe\u2019nin b\u00fct\u00fcn yap\u0131tlar\u0131n\u0131n temelindeki \u015fiir, Ahmet Cemal\u2019in yetkin \u00e7evirisiyle okura ula\u015fmaktad\u0131r. \ufffcTan\u0131t\u0131m Metni<\/p>\n","protected":false},"excerpt":{"rendered":"<p>Johann Wolfgang von Goethe (1749-1832): Gen\u00e7 Werther\u2019in Ac\u0131lar\u0131\u2019ndan Faust\u2019a Alman Romantizminin en g\u00fc\u00e7l\u00fc seslerinden biri oldu\u011fu kadar, d\u00fcnya edebiyat\u0131 yakla\u015f\u0131m\u0131yla k\u00fclt\u00fcr ve edebiyat\u0131n b\u00fcy\u00fck \u00e7\u0131\u011f\u0131r a\u00e7\u0131c\u0131lar\u0131ndand\u0131r<span class=\"excerpt-hellip\"> [\u2026]<\/span><\/p>\n","protected":false},"featured_media":0,"template":"","meta":{"_monsterinsights_skip_tracking":false,"_monsterinsights_sitenote_active":false,"_monsterinsights_sitenote_note":"","_monsterinsights_sitenote_category":0},"product_brand":[],"product_cat":[12291,12509],"product_tag":[],"class_list":{"0":"post-690060","1":"product","2":"type-product","3":"status-publish","5":"product_cat-edebiyat","6":"product_cat-siir","7":"pa_cilt-ciltsiz","8":"pa_tur-kitap","9":"pa_yayinevi-is-bankasi-kultur-yayinlari","10":"pa_yazar-johann-wolfgang-von-goethe","12":"first","13":"instock","14":"sale","15":"shipping-taxable","16":"purchasable","17":"product-type-simple"},"_links":{"self":[{"href":"https:\/\/roveyayinevi.com.tr\/index.php\/wp-json\/wp\/v2\/product\/690060","targetHints":{"allow":["GET"]}}],"collection":[{"href":"https:\/\/roveyayinevi.com.tr\/index.php\/wp-json\/wp\/v2\/product"}],"about":[{"href":"https:\/\/roveyayinevi.com.tr\/index.php\/wp-json\/wp\/v2\/types\/product"}],"wp:attachment":[{"href":"https:\/\/roveyayinevi.com.tr\/index.php\/wp-json\/wp\/v2\/media?parent=690060"}],"wp:term":[{"taxonomy":"product_brand","embeddable":true,"href":"https:\/\/roveyayinevi.com.tr\/index.php\/wp-json\/wp\/v2\/product_brand?post=690060"},{"taxonomy":"product_cat","embeddable":true,"href":"https:\/\/roveyayinevi.com.tr\/index.php\/wp-json\/wp\/v2\/product_cat?post=690060"},{"taxonomy":"product_tag","embeddable":true,"href":"https:\/\/roveyayinevi.com.tr\/index.php\/wp-json\/wp\/v2\/product_tag?post=690060"}],"curies":[{"name":"wp","href":"https:\/\/api.w.org\/{rel}","templated":true}]}}