{"id":690059,"date":"2025-08-27T13:49:51","date_gmt":"2025-08-27T10:49:51","guid":{"rendered":"https:\/\/roveyayinevi.com.tr\/index.php\/urun\/guncel-kemalizm\/"},"modified":"2026-04-16T01:59:46","modified_gmt":"2026-04-15T22:59:46","slug":"guncel-kemalizm","status":"publish","type":"product","link":"https:\/\/roveyayinevi.com.tr\/index.php\/urun\/guncel-kemalizm\/","title":{"rendered":"G\u00fcncel Kemalizm"},"content":{"rendered":"<p>Kemalizm, T\u00fcrkiye Cumhuriyetinin kurucusu Mustafa Kemal Atat\u00fcrk&#8217;\u00fcn d\u00fc\u015f\u00fcncelerinin ve yapt\u0131klar\u0131n\u0131n sistemli b\u00fct\u00fcn\u00fcn\u00fc temsil eden siyasal ak\u0131m\u0131n ad\u0131d\u0131r. Bir anlamda, \u00e7a\u011fda\u015f T\u00fcrk Devletinin var olmas\u0131n\u0131 sa\u011flayan kurucu d\u00fc\u015f\u00fcnce sistemidir. T\u00fcrkiye Cumhuriyeti devleti bu d\u00fc\u015f\u00fcnce ak\u0131m\u0131n\u0131n sa\u011flad\u0131\u011f\u0131 toplumsal d\u00fczen ve hukuki yap\u0131 sayesinde yirmi birinci y\u00fczy\u0131la ula\u015fabilmi\u015ftir. Yeni d\u00f6nemde k\u00fcreselle\u015fme a\u015famas\u0131na ge\u00e7i\u015f ile beraber, Atat\u00fcrk ilkeleri ve Kemalizm, emperyal merkezlerin y\u00f6nlendirmesi \u00fczerine tart\u0131\u015f\u0131lma\u011fa ba\u015flanm\u0131\u015ft\u0131r. Bug\u00fcn s\u00fcrekli olarak t\u0131rmand\u0131r\u0131lan Atat\u00fcrk ve Kemalizm tart\u0131\u015fmalar\u0131n\u0131n arkas\u0131nda b\u00f6ylesine bir ger\u00e7eklik bulunmaktad\u0131r. Konunun bilimsel a\u00e7\u0131dan ele al\u0131nmas\u0131yla, arka plandaki plan ve programlar\u0131n emperyal hedeflere do\u011fru Atat\u00fcrk ve Kemalizm kar\u015f\u0131tl\u0131\u011f\u0131n\u0131 t\u0131rmand\u0131rd\u0131\u011f\u0131 anla\u015f\u0131lmaktad\u0131r.K\u00fcreselle\u015fme d\u00f6nemine giri\u015ften sonra, emperyalizm sosyalist sistem sonras\u0131nda ulus devletleri de ortadan kald\u0131rmay\u0131 hedefledi\u011fi i\u00e7in, i\u015fbirlik\u00e7i ve mandac\u0131 \u00e7evreler T\u00fcrk Devletleri ile beraber Atat\u00fcrk&#8217;e ve onun d\u00fc\u015f\u00fcnce sistemi olan Kemalizm&#8217;e sava\u015f a\u00e7m\u0131\u015flard\u0131r. K\u00fcresel sermayenin deste\u011finde bas\u0131n ve medya organlar\u0131n\u0131 ele ge\u00e7iren Yeni Bizans, Yeni Orta\u00e7a\u011f ya da B\u00fcy\u00fck \u0130srail Projelerinin dindar ve liberal taraftarlar\u0131 ortak bir i\u015fbirli\u011fi i\u00e7inde hem Atat\u00fcrk&#8217;e hem de Kemalizm&#8217;e sald\u0131rmay\u0131 ana g\u00f6rev bilmi\u015flerdir. Bu do\u011frultuda, O&#8217;nun kurmu\u015f oldu\u011fu laik ve \u00fcniter ulus devleti ortadan kald\u0131rabilmek i\u00e7in ellerinden gelen her yolu denemi\u015flerdir. Bu y\u00fczden k\u00fcreselle\u015fme d\u00f6nemi T\u00fcrkiye&#8217;de fazlas\u0131yla tart\u0131\u015fmal\u0131 ve \u00e7eki\u015fmeli ge\u00e7mektedir. Atat\u00fcrk ve Kemalizm, bu a\u015famada hi\u00e7 hak etmedi\u011fi kadar b\u00fcy\u00fck bir sald\u0131r\u0131 ve karalama kampanyas\u0131 ile kar\u015f\u0131 kar\u015f\u0131ya kalm\u0131\u015ft\u0131r.Bu kitap, k\u00fcreselle\u015fme s\u00fcrecinin son on y\u0131l\u0131ndaki, Atat\u00fcrk ve Kemalizm sald\u0131r\u0131lar\u0131na kar\u015f\u0131 kaleme al\u0131nm\u0131\u015f yan\u0131tlar\u0131n topluca bir araya getirilmesinden olu\u015fmaktad\u0131r. T\u00fcrkiye&#8217;yi ve T\u00fcrk Devletini sahipsiz zanneden emperyalizm i\u015fbirlik\u00e7ilerinin, d\u0131\u015fardan ald\u0131klar\u0131 desteklerle T\u00fcrkiye Cumhuriyetinin kurucusuna ve O&#8217;nun d\u00fc\u015f\u00fcncelerine kar\u015f\u0131 a\u00e7t\u0131klar\u0131 haks\u0131z sava\u015fa, bilimsel a\u00e7\u0131dan baz\u0131 yan\u0131tlar\u0131n tarihsel ve jeopolitik ger\u00e7ekler do\u011frultusunda verilmesi gerekiyordu. G\u00fcncel Kemalizm ad\u0131n\u0131 ta\u015f\u0131yan bu yap\u0131t bir anlamda, Atat\u00fcrk ve Kemalizm&#8217;e kar\u015f\u0131 s\u00fcrd\u00fcr\u00fclen y\u0131k\u0131c\u0131 kampanyaya kar\u015f\u0131, T\u00fcrkiye&#8217;de var olan bilimsel ve siyasal birikimin kamuoyuna sunulmas\u0131d\u0131r. D\u00fcnyan\u0131n merkezi alan\u0131nda 1000 y\u0131ll\u0131k T\u00fcrk egemenli\u011finin temsilcisi olarak kurulmu\u015f olan T\u00fcrkiye Cumhuriyetinin, sonradan olma bir devlet olmad\u0131\u011f\u0131 ve tarihten gelen siyasal birikimin bug\u00fcnk\u00fc yans\u0131mas\u0131 oldu\u011funu cumhuriyetin yeni ku\u015faklar\u0131n\u0131n bilmesi gerekmektedir. <\/p>\n","protected":false},"excerpt":{"rendered":"<p>Kemalizm, T\u00fcrkiye Cumhuriyetinin kurucusu Mustafa Kemal Atat\u00fcrk&#8217;\u00fcn d\u00fc\u015f\u00fcncelerinin ve yapt\u0131klar\u0131n\u0131n sistemli b\u00fct\u00fcn\u00fcn\u00fc temsil eden siyasal ak\u0131m\u0131n ad\u0131d\u0131r. Bir anlamda, \u00e7a\u011fda\u015f T\u00fcrk Devletinin var olmas\u0131n\u0131 sa\u011flayan kurucu<span class=\"excerpt-hellip\"> [\u2026]<\/span><\/p>\n","protected":false},"featured_media":0,"template":"","meta":{"_monsterinsights_skip_tracking":false,"_monsterinsights_sitenote_active":false,"_monsterinsights_sitenote_note":"","_monsterinsights_sitenote_category":0},"product_brand":[],"product_cat":[13590,12337],"product_tag":[],"class_list":{"0":"post-690059","1":"product","2":"type-product","3":"status-publish","5":"product_cat-arastirma-inceleme-politika-siyaset","6":"product_cat-politika-siyaset","7":"pa_cilt-ciltsiz","8":"pa_tur-kitap","9":"pa_yayinevi-kilit-yayinevi","10":"pa_yazar-anil-cecen","12":"first","13":"instock","14":"sale","15":"shipping-taxable","16":"purchasable","17":"product-type-simple"},"_links":{"self":[{"href":"https:\/\/roveyayinevi.com.tr\/index.php\/wp-json\/wp\/v2\/product\/690059","targetHints":{"allow":["GET"]}}],"collection":[{"href":"https:\/\/roveyayinevi.com.tr\/index.php\/wp-json\/wp\/v2\/product"}],"about":[{"href":"https:\/\/roveyayinevi.com.tr\/index.php\/wp-json\/wp\/v2\/types\/product"}],"wp:attachment":[{"href":"https:\/\/roveyayinevi.com.tr\/index.php\/wp-json\/wp\/v2\/media?parent=690059"}],"wp:term":[{"taxonomy":"product_brand","embeddable":true,"href":"https:\/\/roveyayinevi.com.tr\/index.php\/wp-json\/wp\/v2\/product_brand?post=690059"},{"taxonomy":"product_cat","embeddable":true,"href":"https:\/\/roveyayinevi.com.tr\/index.php\/wp-json\/wp\/v2\/product_cat?post=690059"},{"taxonomy":"product_tag","embeddable":true,"href":"https:\/\/roveyayinevi.com.tr\/index.php\/wp-json\/wp\/v2\/product_tag?post=690059"}],"curies":[{"name":"wp","href":"https:\/\/api.w.org\/{rel}","templated":true}]}}