{"id":690058,"date":"2025-08-27T13:49:50","date_gmt":"2025-08-27T10:49:50","guid":{"rendered":"https:\/\/roveyayinevi.com.tr\/index.php\/urun\/yuzbasinin-kizi-2\/"},"modified":"2026-04-16T01:59:46","modified_gmt":"2026-04-15T22:59:46","slug":"yuzbasinin-kizi-2","status":"publish","type":"product","link":"https:\/\/roveyayinevi.com.tr\/index.php\/urun\/yuzbasinin-kizi-2\/","title":{"rendered":"Y\u00fczba\u015f\u0131n\u0131n K\u0131z\u0131"},"content":{"rendered":"<p>Aleksandr Pu\u015fkin (1799-1837): 38 y\u0131l s\u00fcren hayat\u0131 komploya \u00e7ok benzeyen bir d\u00fcelloyla son buldu\u011funda Pu\u015fkin, \u015fiiri kadar roman ve \u00f6yk\u00fcleriyle de 19. y\u00fczy\u0131l\u0131n \u00f6nc\u00fc Rus klasikleri aras\u0131na girmeye hak kazanm\u0131\u015ft\u0131.Bu kitapta Y\u00fczba\u015f\u0131n\u0131n K\u0131z\u0131\u2019ndan Byelkin \u00d6yk\u00fcleri ve Erzurum Yolculu\u011fu\u2019na Aleksandr Pu\u015fkin\u2019in t\u00fcm \u00f6yk\u00fc ve romanlar\u0131 zamandizinsel s\u0131ralamayla bir arada okura sunulmaktad\u0131r. Ataol Behramo\u011flu (1942): \u015eiirimizin son 40 y\u0131l\u0131ndaki en \u00f6nemli toplumcu ozanlardan biri olman\u0131n yan\u0131 s\u0131ra, Pu\u015fkin\u2019den \u00c7ehov\u2019a, Lermontov ve Turgenyev\u2019den \u00c7a\u011fda\u015f Rus \u015eiiri Antolojisi\u2019ne \u00e7eviri edebiyat\u0131m\u0131z\u0131n da en yetkin adlar\u0131ndan biridir.<\/p>\n","protected":false},"excerpt":{"rendered":"<p>Aleksandr Pu\u015fkin (1799-1837): 38 y\u0131l s\u00fcren hayat\u0131 komploya \u00e7ok benzeyen bir d\u00fcelloyla son buldu\u011funda Pu\u015fkin, \u015fiiri kadar roman ve \u00f6yk\u00fcleriyle de 19. y\u00fczy\u0131l\u0131n \u00f6nc\u00fc Rus klasikleri<span class=\"excerpt-hellip\"> [\u2026]<\/span><\/p>\n","protected":false},"featured_media":0,"template":"","meta":{"_monsterinsights_skip_tracking":false,"_monsterinsights_sitenote_active":false,"_monsterinsights_sitenote_note":"","_monsterinsights_sitenote_category":0},"product_brand":[],"product_cat":[12291,13570],"product_tag":[],"class_list":{"0":"post-690058","1":"product","2":"type-product","3":"status-publish","5":"product_cat-edebiyat","6":"product_cat-rus-edebiyati","7":"pa_cilt-ciltsiz","8":"pa_tur-kitap","9":"pa_yayinevi-is-bankasi-kultur-yayinlari","10":"pa_yazar-aleksandr-sergeyevic-puskin","12":"first","13":"instock","14":"sale","15":"shipping-taxable","16":"purchasable","17":"product-type-simple"},"_links":{"self":[{"href":"https:\/\/roveyayinevi.com.tr\/index.php\/wp-json\/wp\/v2\/product\/690058","targetHints":{"allow":["GET"]}}],"collection":[{"href":"https:\/\/roveyayinevi.com.tr\/index.php\/wp-json\/wp\/v2\/product"}],"about":[{"href":"https:\/\/roveyayinevi.com.tr\/index.php\/wp-json\/wp\/v2\/types\/product"}],"wp:attachment":[{"href":"https:\/\/roveyayinevi.com.tr\/index.php\/wp-json\/wp\/v2\/media?parent=690058"}],"wp:term":[{"taxonomy":"product_brand","embeddable":true,"href":"https:\/\/roveyayinevi.com.tr\/index.php\/wp-json\/wp\/v2\/product_brand?post=690058"},{"taxonomy":"product_cat","embeddable":true,"href":"https:\/\/roveyayinevi.com.tr\/index.php\/wp-json\/wp\/v2\/product_cat?post=690058"},{"taxonomy":"product_tag","embeddable":true,"href":"https:\/\/roveyayinevi.com.tr\/index.php\/wp-json\/wp\/v2\/product_tag?post=690058"}],"curies":[{"name":"wp","href":"https:\/\/api.w.org\/{rel}","templated":true}]}}