{"id":690054,"date":"2025-08-27T13:49:50","date_gmt":"2025-08-27T10:49:50","guid":{"rendered":"https:\/\/roveyayinevi.com.tr\/index.php\/urun\/yukumlulukler-uzerine\/"},"modified":"2026-04-16T01:59:45","modified_gmt":"2026-04-15T22:59:45","slug":"yukumlulukler-uzerine","status":"publish","type":"product","link":"https:\/\/roveyayinevi.com.tr\/index.php\/urun\/yukumlulukler-uzerine\/","title":{"rendered":"Y\u00fck\u00fcml\u00fcl\u00fckler \u00dczerine"},"content":{"rendered":"<p>Cicero (M\u00d6 106 &#8211; M\u00d6 43): Romal\u0131 b\u00fcy\u00fck devlet adam\u0131, hatip ve d\u00fc\u015f\u00fcn\u00fcr. Gen\u00e7li\u011finde felsefe ve hukuk e\u011fitimi ald\u0131. Hitabet sanat\u0131ndaki ustal\u0131\u011f\u0131yla consullu\u011fa dek y\u00fckseldi. Roma\u2019y\u0131 birey, geleneksel toplum d\u00fczeni ve devlet \u00fc\u00e7geninde ele alan konu\u015fmalar\u0131, felsefi ve teknik eserleriyle her \u00e7a\u011f\u0131n insan\u0131n\u0131 etkilemeyi ba\u015farm\u0131\u015ft\u0131r. Y\u00fck\u00fcml\u00fcl\u00fckler \u00dczerine, ya\u015fam\u0131n\u0131 Roma devletinin ve gelene\u011fin s\u00fcreklili\u011fine adam\u0131\u015f olan Cicero\u2019nun \u00f6l\u00fcm\u00fcnden \u00f6nce yazd\u0131\u011f\u0131 son teknik eseridir. Temel bir felsefi problemi, yararl\u0131 olan ile ahlaken do\u011fru olan\u0131n \u00e7at\u0131\u015fmas\u0131n\u0131, probleme bireyin ve devletin y\u00fck\u00fcml\u00fcl\u00fcklerini de d\u00e2hil ederek derinlemesine inceler. O\u011fluna hitaben, mektup olarak kaleme ald\u0131\u011f\u0131 eserde, t\u00fcm Roma vatanda\u015flar\u0131na y\u00fck\u00fcml\u00fcl\u00fc\u011f\u00fcn ne oldu\u011funu ve ni\u00e7in \u00f6nem ta\u015f\u0131d\u0131\u011f\u0131n\u0131 tecr\u00fcbelerine dayanarak aktar\u0131r. \ufffcTan\u0131t\u0131m Metni<\/p>\n","protected":false},"excerpt":{"rendered":"<p>Cicero (M\u00d6 106 &#8211; M\u00d6 43): Romal\u0131 b\u00fcy\u00fck devlet adam\u0131, hatip ve d\u00fc\u015f\u00fcn\u00fcr. Gen\u00e7li\u011finde felsefe ve hukuk e\u011fitimi ald\u0131. Hitabet sanat\u0131ndaki ustal\u0131\u011f\u0131yla consullu\u011fa dek y\u00fckseldi. Roma\u2019y\u0131<span class=\"excerpt-hellip\"> [\u2026]<\/span><\/p>\n","protected":false},"featured_media":0,"template":"","meta":{"_monsterinsights_skip_tracking":false,"_monsterinsights_sitenote_active":false,"_monsterinsights_sitenote_note":"","_monsterinsights_sitenote_category":0},"product_brand":[],"product_cat":[12388,14717],"product_tag":[],"class_list":{"0":"post-690054","1":"product","2":"type-product","3":"status-publish","5":"product_cat-felsefe","6":"product_cat-felsefe-tarihi","7":"pa_cilt-ciltsiz","8":"pa_tur-kitap","9":"pa_yayinevi-is-bankasi-kultur-yayinlari","10":"pa_yazar-marcus-tullius-cicero","12":"first","13":"instock","14":"sale","15":"shipping-taxable","16":"purchasable","17":"product-type-simple"},"_links":{"self":[{"href":"https:\/\/roveyayinevi.com.tr\/index.php\/wp-json\/wp\/v2\/product\/690054","targetHints":{"allow":["GET"]}}],"collection":[{"href":"https:\/\/roveyayinevi.com.tr\/index.php\/wp-json\/wp\/v2\/product"}],"about":[{"href":"https:\/\/roveyayinevi.com.tr\/index.php\/wp-json\/wp\/v2\/types\/product"}],"wp:attachment":[{"href":"https:\/\/roveyayinevi.com.tr\/index.php\/wp-json\/wp\/v2\/media?parent=690054"}],"wp:term":[{"taxonomy":"product_brand","embeddable":true,"href":"https:\/\/roveyayinevi.com.tr\/index.php\/wp-json\/wp\/v2\/product_brand?post=690054"},{"taxonomy":"product_cat","embeddable":true,"href":"https:\/\/roveyayinevi.com.tr\/index.php\/wp-json\/wp\/v2\/product_cat?post=690054"},{"taxonomy":"product_tag","embeddable":true,"href":"https:\/\/roveyayinevi.com.tr\/index.php\/wp-json\/wp\/v2\/product_tag?post=690054"}],"curies":[{"name":"wp","href":"https:\/\/api.w.org\/{rel}","templated":true}]}}