{"id":690053,"date":"2025-08-27T13:49:50","date_gmt":"2025-08-27T10:49:50","guid":{"rendered":"https:\/\/roveyayinevi.com.tr\/index.php\/urun\/yuce-sultan\/"},"modified":"2026-04-16T01:59:45","modified_gmt":"2026-04-15T22:59:45","slug":"yuce-sultan","status":"publish","type":"product","link":"https:\/\/roveyayinevi.com.tr\/index.php\/urun\/yuce-sultan\/","title":{"rendered":"Y\u00fcce Sultan"},"content":{"rendered":"<p>Miguel de Cervantes Saavedra (1547-1616): \u00c7a\u011fda\u015f h\u00fcmanist d\u00fc\u015f\u00fcnceleri \u0130spanyol halk edebiyat\u0131 ile birle\u015ftiren sanat\u00e7\u0131 d\u00fcnya edebiyat\u0131n\u0131n en \u00f6nemli yazarlar\u0131ndand\u0131r. 1605 y\u0131l\u0131nda yazd\u0131\u011f\u0131 Don Quijote ile \u00e7a\u011fda\u015f roman\u0131n yolunu a\u00e7an Cervantes ard\u0131nda pek \u00e7ok \u015fiir ve tiyatro oyunu da b\u0131rakm\u0131\u015ft\u0131r. 1615 y\u0131l\u0131nda yay\u0131mland\u0131\u011f\u0131 halde d\u00f6neminde hi\u00e7 oynamayan Y\u00fcce Sultan, bu oyunlar aras\u0131nda en \u00e7ok okunan ve en s\u00fcr\u00fckleyici olan\u0131d\u0131r. \ufffcTan\u0131t\u0131m Metni<\/p>\n","protected":false},"excerpt":{"rendered":"<p>Miguel de Cervantes Saavedra (1547-1616): \u00c7a\u011fda\u015f h\u00fcmanist d\u00fc\u015f\u00fcnceleri \u0130spanyol halk edebiyat\u0131 ile birle\u015ftiren sanat\u00e7\u0131 d\u00fcnya edebiyat\u0131n\u0131n en \u00f6nemli yazarlar\u0131ndand\u0131r. 1605 y\u0131l\u0131nda yazd\u0131\u011f\u0131 Don Quijote ile \u00e7a\u011fda\u015f<span class=\"excerpt-hellip\"> [\u2026]<\/span><\/p>\n","protected":false},"featured_media":0,"template":"","meta":{"_monsterinsights_skip_tracking":false,"_monsterinsights_sitenote_active":false,"_monsterinsights_sitenote_note":"","_monsterinsights_sitenote_category":0},"product_brand":[],"product_cat":[12291,14272],"product_tag":[],"class_list":{"0":"post-690053","1":"product","2":"type-product","3":"status-publish","5":"product_cat-edebiyat","6":"product_cat-tiyatro","7":"pa_cilt-ciltsiz","8":"pa_tur-kitap","9":"pa_yayinevi-is-bankasi-kultur-yayinlari","10":"pa_yazar-miguel-de-cervantes-saavedra","12":"first","13":"instock","14":"sale","15":"shipping-taxable","16":"purchasable","17":"product-type-simple"},"_links":{"self":[{"href":"https:\/\/roveyayinevi.com.tr\/index.php\/wp-json\/wp\/v2\/product\/690053","targetHints":{"allow":["GET"]}}],"collection":[{"href":"https:\/\/roveyayinevi.com.tr\/index.php\/wp-json\/wp\/v2\/product"}],"about":[{"href":"https:\/\/roveyayinevi.com.tr\/index.php\/wp-json\/wp\/v2\/types\/product"}],"wp:attachment":[{"href":"https:\/\/roveyayinevi.com.tr\/index.php\/wp-json\/wp\/v2\/media?parent=690053"}],"wp:term":[{"taxonomy":"product_brand","embeddable":true,"href":"https:\/\/roveyayinevi.com.tr\/index.php\/wp-json\/wp\/v2\/product_brand?post=690053"},{"taxonomy":"product_cat","embeddable":true,"href":"https:\/\/roveyayinevi.com.tr\/index.php\/wp-json\/wp\/v2\/product_cat?post=690053"},{"taxonomy":"product_tag","embeddable":true,"href":"https:\/\/roveyayinevi.com.tr\/index.php\/wp-json\/wp\/v2\/product_tag?post=690053"}],"curies":[{"name":"wp","href":"https:\/\/api.w.org\/{rel}","templated":true}]}}