{"id":690052,"date":"2025-08-27T13:49:49","date_gmt":"2025-08-27T10:49:49","guid":{"rendered":"https:\/\/roveyayinevi.com.tr\/index.php\/urun\/yunus-emre-hayati-ve-butun-siirleri\/"},"modified":"2026-04-16T01:59:45","modified_gmt":"2026-04-15T22:59:45","slug":"yunus-emre-hayati-ve-butun-siirleri","status":"publish","type":"product","link":"https:\/\/roveyayinevi.com.tr\/index.php\/urun\/yunus-emre-hayati-ve-butun-siirleri\/","title":{"rendered":"Yunus Emre Hayat\u0131 ve B\u00fct\u00fcn \u015eiirleri"},"content":{"rendered":"<p>Yunus Emre: Hayat\u0131n ve halk\u0131n dili ile g\u00fcr bir lirizmi kayna\u015ft\u0131rarak, tasavvuf \u015fiirinin kurucular\u0131ndan biri olan unutulmaz bir ozand\u0131r. \ufffcTan\u0131t\u0131m Metni<\/p>\n","protected":false},"excerpt":{"rendered":"<p>Yunus Emre: Hayat\u0131n ve halk\u0131n dili ile g\u00fcr bir lirizmi kayna\u015ft\u0131rarak, tasavvuf \u015fiirinin kurucular\u0131ndan biri olan unutulmaz bir ozand\u0131r. \ufffcTan\u0131t\u0131m Metni<\/p>\n","protected":false},"featured_media":0,"template":"","meta":{"_monsterinsights_skip_tracking":false,"_monsterinsights_sitenote_active":false,"_monsterinsights_sitenote_note":"","_monsterinsights_sitenote_category":0},"product_brand":[],"product_cat":[12718,12719,15238],"product_tag":[],"class_list":{"0":"post-690052","1":"product","2":"type-product","3":"status-publish","5":"product_cat-din","6":"product_cat-islam","7":"product_cat-tasavvuf","8":"pa_cilt-ciltsiz","9":"pa_tur-kitap","10":"pa_yayinevi-is-bankasi-kultur-yayinlari","11":"pa_yazar-abdulbaki-golpinarli","13":"first","14":"instock","15":"sale","16":"shipping-taxable","17":"purchasable","18":"product-type-simple"},"_links":{"self":[{"href":"https:\/\/roveyayinevi.com.tr\/index.php\/wp-json\/wp\/v2\/product\/690052","targetHints":{"allow":["GET"]}}],"collection":[{"href":"https:\/\/roveyayinevi.com.tr\/index.php\/wp-json\/wp\/v2\/product"}],"about":[{"href":"https:\/\/roveyayinevi.com.tr\/index.php\/wp-json\/wp\/v2\/types\/product"}],"wp:attachment":[{"href":"https:\/\/roveyayinevi.com.tr\/index.php\/wp-json\/wp\/v2\/media?parent=690052"}],"wp:term":[{"taxonomy":"product_brand","embeddable":true,"href":"https:\/\/roveyayinevi.com.tr\/index.php\/wp-json\/wp\/v2\/product_brand?post=690052"},{"taxonomy":"product_cat","embeddable":true,"href":"https:\/\/roveyayinevi.com.tr\/index.php\/wp-json\/wp\/v2\/product_cat?post=690052"},{"taxonomy":"product_tag","embeddable":true,"href":"https:\/\/roveyayinevi.com.tr\/index.php\/wp-json\/wp\/v2\/product_tag?post=690052"}],"curies":[{"name":"wp","href":"https:\/\/api.w.org\/{rel}","templated":true}]}}