{"id":690043,"date":"2025-08-27T13:49:48","date_gmt":"2025-08-27T10:49:48","guid":{"rendered":"https:\/\/roveyayinevi.com.tr\/index.php\/urun\/osmanli-dusunce-dunyasi-ve-tarihyazimi\/"},"modified":"2026-04-16T01:59:45","modified_gmt":"2026-04-15T22:59:45","slug":"osmanli-dusunce-dunyasi-ve-tarihyazimi","status":"publish","type":"product","link":"https:\/\/roveyayinevi.com.tr\/index.php\/urun\/osmanli-dusunce-dunyasi-ve-tarihyazimi\/","title":{"rendered":"Osmanl\u0131 D\u00fc\u015f\u00fcnce D\u00fcnyas\u0131 ve Tarihyaz\u0131m\u0131"},"content":{"rendered":"<p>Bir ta\u015ftaki yaz\u0131y\u0131 nas\u0131l okursun? Numizmatik meseleleri nas\u0131l de\u011ferlendirirsin? Bir k\u00e2\u011f\u0131d\u0131 eline ald\u0131\u011f\u0131n zaman paleografik ve diplomatik y\u00f6nden nas\u0131l bakars\u0131n? Tarihlendirmeyi nas\u0131l koyars\u0131n? Bu ilimdir. Bu bak\u0131mdan da tarih ilmi, di\u011fer sosyal bilimlerin i\u00e7indedir; hatt\u00e2 do\u011fa bilimleri gibi pekinli\u011fi, kesinli\u011fi olan bir ilimdir. (&#8230;) Fakat tarih\u00e7ilik bu kadar de\u011fildir. Ondan sonra bir spek\u00fclasyon safhas\u0131 vard\u0131r ki, bu sanat\u00e7\u0131l\u0131kt\u0131r. Belirgin bir \u015fekilde, abartma ve yalana sapmadan yorumlama meselesidir. Dolay\u0131s\u0131yla, bu, tarih\u00e7ide bir yerden sonra bir sanat\u00e7\u0131l\u0131k vasf\u0131 oldu\u011funu g\u00f6sterir. Johann Gustav Droysen\u2019in dedi\u011fi gibi, Tarih bilim de\u011fildir, bilimin de \u00fcst\u00fcnde bir \u015feydir. Prof. Dr. \u0130lber Ortayl\u0131\u2019n\u0131n Se\u00e7me Eserleri nin d\u00f6rd\u00fcnc\u00fc cildi, tarih ilmini ilk ba\u015flang\u0131\u00e7lar\u0131ndan g\u00fcn\u00fcm\u00fcze dek uzanan s\u00fcreci i\u00e7inde ele alan makalelerin yan\u0131 s\u0131ra, okuyucuyu 18. ve 19. y\u00fczy\u0131l Osmanl\u0131 d\u00fc\u015f\u00fcnce d\u00fcnyas\u0131nda keyifli bir gezintiye \u00e7\u0131karan yaz\u0131lar\u0131yla da \u00f6nemli bir bo\u015flu\u011fu dolduruyor. Ortayl\u0131, seyahatnamelerden l\u00e2yihalara, Thukydides\u2019ten \u0130bn-i Haldun\u2019a, Tanzimat edebiyat\u0131ndan ilk T\u00fcrkoloji \u00fcr\u00fcnlerine, metinler ve tarih\u00e7iler aras\u0131nda dola\u015f\u0131rken, Akdeniz d\u00fcnyas\u0131 i\u00e7inde T\u00fcrkiye, Galata\u2019daki yabanc\u0131 misyonlar\u0131n g\u00fcnl\u00fck ya\u015fam\u0131, Osmanl\u0131 se\u00e7kinleri ve Osmanl\u0131 devletinde laiklik hareketleri gibi geni\u015f bir yelpazede okurlar\u0131n\u0131 zenginle\u015ftirmeyi s\u00fcrd\u00fcr\u00fcyor. \u0130\u015f Bankas\u0131 K\u00fclt\u00fcr Yay\u0131nlar\u0131&#8217;ndan \u00e7\u0131km\u0131\u015f Se\u00e7me Eserleri: 1-Avrupa ve Biz, 7. bask\u0131 2- Osmanl\u0131&#8217;da De\u011fi\u015fim ve Anayasal RejimSorunu, 3. bask\u0131 3-Osmanl\u0131&#8217;da Milletler ve Diplomasi, 3. bask\u0131 \ufffcTan\u0131t\u0131m Metni<\/p>\n","protected":false},"excerpt":{"rendered":"<p>Bir ta\u015ftaki yaz\u0131y\u0131 nas\u0131l okursun? Numizmatik meseleleri nas\u0131l de\u011ferlendirirsin? Bir k\u00e2\u011f\u0131d\u0131 eline ald\u0131\u011f\u0131n zaman paleografik ve diplomatik y\u00f6nden nas\u0131l bakars\u0131n? Tarihlendirmeyi nas\u0131l koyars\u0131n? Bu ilimdir. Bu<span class=\"excerpt-hellip\"> [\u2026]<\/span><\/p>\n","protected":false},"featured_media":0,"template":"","meta":{"_monsterinsights_skip_tracking":false,"_monsterinsights_sitenote_active":false,"_monsterinsights_sitenote_note":"","_monsterinsights_sitenote_category":0},"product_brand":[],"product_cat":[13517,12304],"product_tag":[],"class_list":{"0":"post-690043","1":"product","2":"type-product","3":"status-publish","5":"product_cat-osmanli-tarihi","6":"product_cat-tarih","7":"pa_cilt-ciltsiz","8":"pa_tur-kitap","9":"pa_yayinevi-is-bankasi-kultur-yayinlari","10":"pa_yazar-ilber-ortayli","12":"first","13":"instock","14":"sale","15":"shipping-taxable","16":"purchasable","17":"product-type-simple"},"_links":{"self":[{"href":"https:\/\/roveyayinevi.com.tr\/index.php\/wp-json\/wp\/v2\/product\/690043","targetHints":{"allow":["GET"]}}],"collection":[{"href":"https:\/\/roveyayinevi.com.tr\/index.php\/wp-json\/wp\/v2\/product"}],"about":[{"href":"https:\/\/roveyayinevi.com.tr\/index.php\/wp-json\/wp\/v2\/types\/product"}],"wp:attachment":[{"href":"https:\/\/roveyayinevi.com.tr\/index.php\/wp-json\/wp\/v2\/media?parent=690043"}],"wp:term":[{"taxonomy":"product_brand","embeddable":true,"href":"https:\/\/roveyayinevi.com.tr\/index.php\/wp-json\/wp\/v2\/product_brand?post=690043"},{"taxonomy":"product_cat","embeddable":true,"href":"https:\/\/roveyayinevi.com.tr\/index.php\/wp-json\/wp\/v2\/product_cat?post=690043"},{"taxonomy":"product_tag","embeddable":true,"href":"https:\/\/roveyayinevi.com.tr\/index.php\/wp-json\/wp\/v2\/product_tag?post=690043"}],"curies":[{"name":"wp","href":"https:\/\/api.w.org\/{rel}","templated":true}]}}