{"id":690041,"date":"2025-08-27T13:49:47","date_gmt":"2025-08-27T10:49:47","guid":{"rendered":"https:\/\/roveyayinevi.com.tr\/index.php\/urun\/yeraltindan-notlar-2\/"},"modified":"2026-04-16T01:59:45","modified_gmt":"2026-04-15T22:59:45","slug":"yeraltindan-notlar-2","status":"publish","type":"product","link":"https:\/\/roveyayinevi.com.tr\/index.php\/urun\/yeraltindan-notlar-2\/","title":{"rendered":"Yeralt\u0131ndan Notlar"},"content":{"rendered":"<p>Fyodor Mihaylovi\u00e7 Dostoyevski (1821-1881 ): \u0130lk roman \u0130nsanc\u0131klar&#8217;\u0131n \u00e7arp\u0131c\u0131 konusu ve farkl\u0131 kurgusuyla dikkatleri \u00e7ekti.\u0130nsan ruhunun derinliklerini sergileyi\u015f g\u00fcc\u00fcyle \u00f6nemli bir yazar olarak \u00fcn kazand\u0131.Ancak daha sonra yay\u0131mlanan eseri o d\u00f6nemde fazla ilgi g\u00f6rmedi. Dostoyevski 1849&#8217;da 1.Nikolay&#8217;\u0131n bask\u0131c\u0131 rejimine muhalif Petra\u015fevski grubunu \u00fcyesi oldu\u011fu gerek\u00e7esiyle tutukland\u0131.Kur\u015funa dizilmek \u00fczereyken cezas\u0131 s\u00fcrg\u00fcn ve zorunlu askerli\u011fe \u00e7evrildi.Sibirya s\u00fcrg\u00fcn\u00fcnden sonra yazd\u0131\u011f\u0131 romanlarla tekrar eski \u00fcn\u00fcne kavu\u015ftu.1864&#8217;de Vremya dergisinde yay\u0131mlad\u0131\u011f\u0131 Yeralt\u0131ndan Notlar ger\u00e7ek d\u00fcnyadan kendini soyutlam\u0131\u015f bir ki\u015finin i\u00e7 \u00e7at\u0131\u015fmalar\u0131n\u0131 ve hezeyanlar\u0131n\u0131 konu al\u0131r.Bu roman Dostoyevski&#8217;nin daha sonra yazaca\u011f\u0131 b\u00fcy\u00fck romanlar\u0131n ipu\u00e7lar\u0131n\u0131 ta\u015f\u0131maktad\u0131r.  <\/p>\n","protected":false},"excerpt":{"rendered":"<p>Fyodor Mihaylovi\u00e7 Dostoyevski (1821-1881 ): \u0130lk roman \u0130nsanc\u0131klar&#8217;\u0131n \u00e7arp\u0131c\u0131 konusu ve farkl\u0131 kurgusuyla dikkatleri \u00e7ekti.\u0130nsan ruhunun derinliklerini sergileyi\u015f g\u00fcc\u00fcyle \u00f6nemli bir yazar olarak \u00fcn kazand\u0131.Ancak daha<span class=\"excerpt-hellip\"> [\u2026]<\/span><\/p>\n","protected":false},"featured_media":0,"template":"","meta":{"_monsterinsights_skip_tracking":false,"_monsterinsights_sitenote_active":false,"_monsterinsights_sitenote_note":"","_monsterinsights_sitenote_category":0},"product_brand":[],"product_cat":[13835],"product_tag":[],"class_list":{"0":"post-690041","1":"product","2":"type-product","3":"status-publish","5":"product_cat-cok-satanlar","6":"pa_cilt-ciltsiz","7":"pa_tur-kitap","8":"pa_yayinevi-is-bankasi-kultur-yayinlari","9":"pa_yazar-fyodor-mihaylovic-dostoyevski","11":"first","12":"instock","13":"sale","14":"shipping-taxable","15":"purchasable","16":"product-type-simple"},"_links":{"self":[{"href":"https:\/\/roveyayinevi.com.tr\/index.php\/wp-json\/wp\/v2\/product\/690041","targetHints":{"allow":["GET"]}}],"collection":[{"href":"https:\/\/roveyayinevi.com.tr\/index.php\/wp-json\/wp\/v2\/product"}],"about":[{"href":"https:\/\/roveyayinevi.com.tr\/index.php\/wp-json\/wp\/v2\/types\/product"}],"wp:attachment":[{"href":"https:\/\/roveyayinevi.com.tr\/index.php\/wp-json\/wp\/v2\/media?parent=690041"}],"wp:term":[{"taxonomy":"product_brand","embeddable":true,"href":"https:\/\/roveyayinevi.com.tr\/index.php\/wp-json\/wp\/v2\/product_brand?post=690041"},{"taxonomy":"product_cat","embeddable":true,"href":"https:\/\/roveyayinevi.com.tr\/index.php\/wp-json\/wp\/v2\/product_cat?post=690041"},{"taxonomy":"product_tag","embeddable":true,"href":"https:\/\/roveyayinevi.com.tr\/index.php\/wp-json\/wp\/v2\/product_tag?post=690041"}],"curies":[{"name":"wp","href":"https:\/\/api.w.org\/{rel}","templated":true}]}}