{"id":690040,"date":"2025-08-27T13:49:47","date_gmt":"2025-08-27T10:49:47","guid":{"rendered":"https:\/\/roveyayinevi.com.tr\/index.php\/urun\/yeter-ki-sonu-iyi-bitsin\/"},"modified":"2026-04-16T01:59:45","modified_gmt":"2026-04-15T22:59:45","slug":"yeter-ki-sonu-iyi-bitsin","status":"publish","type":"product","link":"https:\/\/roveyayinevi.com.tr\/index.php\/urun\/yeter-ki-sonu-iyi-bitsin\/","title":{"rendered":"Yeter ki Sonu \u0130yi Bitsin"},"content":{"rendered":"<p>william shakespeare (1564-1616): Oyunlar\u0131 ve \u015fiirlerinde insanl\u0131k durumlar\u0131n\u0131 dile getiri\u015f g\u00fcc\u00fcyle yakla\u015f\u0131k 400 y\u0131ld\u0131r b\u00fct\u00fcn d\u00fcnya okur ve seyircilerini etkilemeyi s\u00fcrd\u00fcren efsanevi yazar, Yeter ki Sonu \u0130yi Bitsin\u2019de farkl\u0131 s\u0131n\u0131flardan iki gencin a\u015fk \u00f6yk\u00fcs\u00fcn\u00fc konu al\u0131r. Oyun bir a\u015fk ser\u00fcveni ile ta\u015flama aras\u0131nda gidip gelir. Yazar\u0131n \u00f6teki komedyalar\u0131ndaki ne\u015feli \u00e7\u0131k\u0131\u015flar, e\u011flendirici ezgiler, danslar, duygulu a\u015fk sahneleri, oyun i\u00e7inde oyun ve c\u00fcmb\u00fc\u015fl\u00fc ge\u00e7i\u015flere rastlanmaz. Ki\u015filerin tutum ve davran\u0131\u015flar\u0131 da al\u0131\u015f\u0131lagelenden farkl\u0131d\u0131r. Bu eserin Shakespeare oyunlar\u0131 aras\u0131nda bir sorun komedyas\u0131 olarak ayr\u0131 ve \u00f6nemli bir yeri vard\u0131r. <\/p>\n","protected":false},"excerpt":{"rendered":"<p>william shakespeare (1564-1616): Oyunlar\u0131 ve \u015fiirlerinde insanl\u0131k durumlar\u0131n\u0131 dile getiri\u015f g\u00fcc\u00fcyle yakla\u015f\u0131k 400 y\u0131ld\u0131r b\u00fct\u00fcn d\u00fcnya okur ve seyircilerini etkilemeyi s\u00fcrd\u00fcren efsanevi yazar, Yeter ki Sonu<span class=\"excerpt-hellip\"> [\u2026]<\/span><\/p>\n","protected":false},"featured_media":0,"template":"","meta":{"_monsterinsights_skip_tracking":false,"_monsterinsights_sitenote_active":false,"_monsterinsights_sitenote_note":"","_monsterinsights_sitenote_category":0},"product_brand":[],"product_cat":[12291,14272],"product_tag":[],"class_list":{"0":"post-690040","1":"product","2":"type-product","3":"status-publish","5":"product_cat-edebiyat","6":"product_cat-tiyatro","7":"pa_cilt-ciltsiz","8":"pa_tur-kitap","9":"pa_yayinevi-is-bankasi-kultur-yayinlari","10":"pa_yazar-william-shakespeare","12":"first","13":"instock","14":"sale","15":"shipping-taxable","16":"purchasable","17":"product-type-simple"},"_links":{"self":[{"href":"https:\/\/roveyayinevi.com.tr\/index.php\/wp-json\/wp\/v2\/product\/690040","targetHints":{"allow":["GET"]}}],"collection":[{"href":"https:\/\/roveyayinevi.com.tr\/index.php\/wp-json\/wp\/v2\/product"}],"about":[{"href":"https:\/\/roveyayinevi.com.tr\/index.php\/wp-json\/wp\/v2\/types\/product"}],"wp:attachment":[{"href":"https:\/\/roveyayinevi.com.tr\/index.php\/wp-json\/wp\/v2\/media?parent=690040"}],"wp:term":[{"taxonomy":"product_brand","embeddable":true,"href":"https:\/\/roveyayinevi.com.tr\/index.php\/wp-json\/wp\/v2\/product_brand?post=690040"},{"taxonomy":"product_cat","embeddable":true,"href":"https:\/\/roveyayinevi.com.tr\/index.php\/wp-json\/wp\/v2\/product_cat?post=690040"},{"taxonomy":"product_tag","embeddable":true,"href":"https:\/\/roveyayinevi.com.tr\/index.php\/wp-json\/wp\/v2\/product_tag?post=690040"}],"curies":[{"name":"wp","href":"https:\/\/api.w.org\/{rel}","templated":true}]}}