{"id":690032,"date":"2025-08-27T13:49:15","date_gmt":"2025-08-27T10:49:15","guid":{"rendered":"https:\/\/roveyayinevi.com.tr\/index.php\/urun\/yaramaz-sirma-ile-ayiciklar\/"},"modified":"2026-04-16T01:59:45","modified_gmt":"2026-04-15T22:59:45","slug":"yaramaz-sirma-ile-ayiciklar","status":"publish","type":"product","link":"https:\/\/roveyayinevi.com.tr\/index.php\/urun\/yaramaz-sirma-ile-ayiciklar\/","title":{"rendered":"Yaramaz S\u0131rma ile Ay\u0131c\u0131klar"},"content":{"rendered":"<p>\u0130lk\u00f6\u011fretime el yaz\u0131s\u0131 geri d\u00f6nd\u00fc. Art\u0131k \u00e7ocuklar\u0131m\u0131z yazmay\u0131 el yaz\u0131s\u0131 ile \u00f6\u011frenecekler. Yay\u0131nevimiz, bu g\u00fczel geli\u015fmeye kat\u0131lmak ve \u00e7ocuklar\u0131m\u0131z\u0131n, \u00f6\u011frenme s\u00fcrecini ne\u015felendirmek i\u00e7in el yaz\u0131s\u0131 ile \u00f6yk\u00fc kitaplar\u0131 yay\u0131mlan\u0131r. Klasik d\u00fcnya masallar\u0131ndan uyarlanan ve Milli E\u011fitim Bakanl\u0131\u011f\u0131\u2019n\u0131n belirledi\u011fi yaz\u0131 karakteriyle haz\u0131rlanan bu kitaplarla \u00e7ovuklar\u0131n \u00f6\u011frenme s\u00fcreci daha kolay ve e\u011flenceli olacak. \ufffcTan\u0131t\u0131m Metni<\/p>\n","protected":false},"excerpt":{"rendered":"<p>\u0130lk\u00f6\u011fretime el yaz\u0131s\u0131 geri d\u00f6nd\u00fc. Art\u0131k \u00e7ocuklar\u0131m\u0131z yazmay\u0131 el yaz\u0131s\u0131 ile \u00f6\u011frenecekler. Yay\u0131nevimiz, bu g\u00fczel geli\u015fmeye kat\u0131lmak ve \u00e7ocuklar\u0131m\u0131z\u0131n, \u00f6\u011frenme s\u00fcrecini ne\u015felendirmek i\u00e7in el yaz\u0131s\u0131 ile<span class=\"excerpt-hellip\"> [\u2026]<\/span><\/p>\n","protected":false},"featured_media":0,"template":"","meta":{"_monsterinsights_skip_tracking":false,"_monsterinsights_sitenote_active":false,"_monsterinsights_sitenote_note":"","_monsterinsights_sitenote_category":0},"product_brand":[],"product_cat":[12913,12274],"product_tag":[],"class_list":{"0":"post-690032","1":"product","2":"type-product","3":"status-publish","5":"product_cat-3-6-yas-kitaplari","6":"product_cat-cocuk-ve-genclik-kitaplari","7":"pa_cilt-ciltsiz","8":"pa_tur-kitap","9":"pa_yayinevi-is-bankasi-kultur-yayinlari","10":"pa_yazar-heather-amery","12":"first","13":"instock","14":"sale","15":"shipping-taxable","16":"purchasable","17":"product-type-simple"},"_links":{"self":[{"href":"https:\/\/roveyayinevi.com.tr\/index.php\/wp-json\/wp\/v2\/product\/690032","targetHints":{"allow":["GET"]}}],"collection":[{"href":"https:\/\/roveyayinevi.com.tr\/index.php\/wp-json\/wp\/v2\/product"}],"about":[{"href":"https:\/\/roveyayinevi.com.tr\/index.php\/wp-json\/wp\/v2\/types\/product"}],"wp:attachment":[{"href":"https:\/\/roveyayinevi.com.tr\/index.php\/wp-json\/wp\/v2\/media?parent=690032"}],"wp:term":[{"taxonomy":"product_brand","embeddable":true,"href":"https:\/\/roveyayinevi.com.tr\/index.php\/wp-json\/wp\/v2\/product_brand?post=690032"},{"taxonomy":"product_cat","embeddable":true,"href":"https:\/\/roveyayinevi.com.tr\/index.php\/wp-json\/wp\/v2\/product_cat?post=690032"},{"taxonomy":"product_tag","embeddable":true,"href":"https:\/\/roveyayinevi.com.tr\/index.php\/wp-json\/wp\/v2\/product_tag?post=690032"}],"curies":[{"name":"wp","href":"https:\/\/api.w.org\/{rel}","templated":true}]}}