{"id":690027,"date":"2025-08-27T13:49:14","date_gmt":"2025-08-27T10:49:14","guid":{"rendered":"https:\/\/roveyayinevi.com.tr\/index.php\/urun\/40inin-da-kulpu-kirik-40-turk\/"},"modified":"2026-04-16T01:59:45","modified_gmt":"2026-04-15T22:59:45","slug":"40inin-da-kulpu-kirik-40-turk","status":"publish","type":"product","link":"https:\/\/roveyayinevi.com.tr\/index.php\/urun\/40inin-da-kulpu-kirik-40-turk\/","title":{"rendered":"40\u2019\u0131n\u0131n da Kulpu K\u0131r\u0131k 40 T\u00fcrk"},"content":{"rendered":"<p>K\u0131rk \u00fcnl\u00fc yabanc\u0131 karakter T\u00fcrk olsayd\u0131, ne olurdu? Brad Pitt &#8220;Sar\u0131&#8221;, Lost dizisindeki Charlie, Charlie Day\u0131 olarak kar\u015f\u0131m\u0131za \u00e7\u0131kard\u0131. Obama zenci a\u00e7\u0131l\u0131m\u0131 yapar, E.T. camiye m\u00fcezzin olur, Kedi K\u0131z mahalle bask\u0131s\u0131yla b\u00fcy\u00fcrd\u00fc. Jaws, Adana&#8217;dan \u00e7\u0131kan delikanl\u0131 bir bal\u0131k muamelesi g\u00f6r\u00fcrken, Avatarlar kurban edilmekten zor kurtulurdu. Okurken g\u00fcl\u00fcmseyece\u011fimiz, g\u00fcndelik hayat\u0131m\u0131zda g\u00f6rd\u00fc\u011f\u00fcm\u00fcz manzaralara farkl\u0131 bir g\u00f6zle bakarak kendimizi ele\u015ftirmeden ge\u00e7emeyece\u011fimiz bir mizah kitab\u0131&#8230; En \u00e7ok Lost&#8217;tan s\u00f6z edilirken &#8220;Adada yat\u0131r varm\u0131\u015f abi!&#8221; c\u00fcmlesine g\u00fcld\u00fcm. Bence bu c\u00fcmlenin ard\u0131ndan \u015fu olurdu: An\u0131nda bir \u00fcf\u00fcr\u00fck\u00e7\u00fc ortaya \u00e7\u0131kar ve herkesi duman\u0131 \u00fcf\u00fcr\u00fck y\u00f6ntemiyle etkisiz h\u00e2le getirece\u011fine inand\u0131rmaya \u00e7al\u0131\u015f\u0131rd\u0131. Hocam ellerine, diline sa\u011fl\u0131k, \u00e7ok isabetli tespitler ve herkesin okurken y\u00fcz\u00fcnde mutlaka tebess\u00fcm yarataca\u011f\u0131na inand\u0131\u011f\u0131m enfes bir kitap. -G\u00f6kay \u00d6zen\u00e7- \u00d6zellikle Harry Potter&#8217;a \u00e7ok g\u00fcld\u00fcm. Ben de bu filmi izlerken bu \u00e7ocu\u011fu birine benzetiyorum, diyordum. Elime ald\u0131m ve b\u0131rakamad\u0131m kitab\u0131, bir gecede bitirdim. G\u00fcl\u00fcmsemeye hasret oldu\u011fumuz \u015fu g\u00fcnlerde, her sat\u0131r\u0131nda ayr\u0131 bir kahkaha att\u0131ran, g\u00fclerken d\u00fc\u015f\u00fcnd\u00fcren ve g\u00fcndelik ya\u015fant\u0131m\u0131za farkl\u0131 bir pencereden bakt\u0131ran bir mizah kitab\u0131&#8230; &#8220;Ben \u00f6ks\u00fcz, ben yetim!&#8221; <\/p>\n","protected":false},"excerpt":{"rendered":"<p>K\u0131rk \u00fcnl\u00fc yabanc\u0131 karakter T\u00fcrk olsayd\u0131, ne olurdu? Brad Pitt &#8220;Sar\u0131&#8221;, Lost dizisindeki Charlie, Charlie Day\u0131 olarak kar\u015f\u0131m\u0131za \u00e7\u0131kard\u0131. Obama zenci a\u00e7\u0131l\u0131m\u0131 yapar, E.T. camiye m\u00fcezzin<span class=\"excerpt-hellip\"> [\u2026]<\/span><\/p>\n","protected":false},"featured_media":0,"template":"","meta":{"_monsterinsights_skip_tracking":false,"_monsterinsights_sitenote_active":false,"_monsterinsights_sitenote_note":"","_monsterinsights_sitenote_category":0},"product_brand":[],"product_cat":[12477,12364],"product_tag":[],"class_list":{"0":"post-690027","1":"product","2":"type-product","3":"status-publish","5":"product_cat-eglence-mizah","6":"product_cat-genel-konular","7":"pa_cilt-ciltsiz","8":"pa_tur-kitap","9":"pa_yayinevi-izgoren-yayinlari","10":"pa_yazar-ahmet-serif-izgoren","12":"first","13":"instock","14":"sale","15":"shipping-taxable","16":"purchasable","17":"product-type-simple"},"_links":{"self":[{"href":"https:\/\/roveyayinevi.com.tr\/index.php\/wp-json\/wp\/v2\/product\/690027","targetHints":{"allow":["GET"]}}],"collection":[{"href":"https:\/\/roveyayinevi.com.tr\/index.php\/wp-json\/wp\/v2\/product"}],"about":[{"href":"https:\/\/roveyayinevi.com.tr\/index.php\/wp-json\/wp\/v2\/types\/product"}],"wp:attachment":[{"href":"https:\/\/roveyayinevi.com.tr\/index.php\/wp-json\/wp\/v2\/media?parent=690027"}],"wp:term":[{"taxonomy":"product_brand","embeddable":true,"href":"https:\/\/roveyayinevi.com.tr\/index.php\/wp-json\/wp\/v2\/product_brand?post=690027"},{"taxonomy":"product_cat","embeddable":true,"href":"https:\/\/roveyayinevi.com.tr\/index.php\/wp-json\/wp\/v2\/product_cat?post=690027"},{"taxonomy":"product_tag","embeddable":true,"href":"https:\/\/roveyayinevi.com.tr\/index.php\/wp-json\/wp\/v2\/product_tag?post=690027"}],"curies":[{"name":"wp","href":"https:\/\/api.w.org\/{rel}","templated":true}]}}