{"id":690026,"date":"2025-08-27T13:49:14","date_gmt":"2025-08-27T10:49:14","guid":{"rendered":"https:\/\/roveyayinevi.com.tr\/index.php\/urun\/northanger-manastiri\/"},"modified":"2026-04-16T01:59:45","modified_gmt":"2026-04-15T22:59:45","slug":"northanger-manastiri","status":"publish","type":"product","link":"https:\/\/roveyayinevi.com.tr\/index.php\/urun\/northanger-manastiri\/","title":{"rendered":"Northanger Manast\u0131r\u0131"},"content":{"rendered":"<p>Jane Austen (1775-1817): K\u0131rk iki y\u0131ll\u0131k sade ve g\u00f6zden uzak ya\u015fant\u0131s\u0131na kar\u015f\u0131n yazd\u0131klar\u0131yla \u0130ngiliz edebiyat tarihinin bir k\u00fclt romanc\u0131s\u0131 olmay\u0131 ba\u015fard\u0131. Eserlerinde s\u0131radan insanlar\u0131n g\u00fcndelik ya\u015fam\u0131n\u0131 derin bir g\u00f6zlem g\u00fcc\u00fcyle ele ald\u0131. Ta\u015fra hayat\u0131n\u0131, gen\u00e7 k\u0131z masumiyetini ve aile de\u011ferlerini zarif oldu\u011fu kadar ironik \u00fcslubuyla i\u015fledi. G\u00fc\u00e7l\u00fc kad\u0131n karakterlerin ba\u015frol\u00fc oynad\u0131\u011f\u0131 romanlar\u0131n\u0131n t\u00fcm\u00fc sinemaya uyarland\u0131. Northanger Manast\u0131r\u0131 Jane Austen&#8217;\u0131n yay\u0131mlanmak \u00fczere tamamlad\u0131\u011f\u0131 ilk roman\u0131d\u0131r. Yap\u0131sal sa\u011flaml\u0131\u011f\u0131yla \u00e7a\u011fda\u015f ele\u015ftirmenlerin de hayranl\u0131\u011f\u0131n\u0131 kazanan eser yazar\u0131n \u00f6l\u00fcm\u00fcnden sonra 1817 y\u0131l\u0131nda yay\u0131mland\u0131. Hamdi Ko\u00e7 (1963): \u0130stanbul \u00dcniversitesi \u0130ngiliz Dili ve Edebiyat\u0131 B\u00f6l\u00fcm\u00fc&#8217;n\u00fc bitirdi. Hokka dergisinin yay\u0131n kurulunda bulundu. 1992&#8217;de \u00c7ocuk \u00d6l\u00fcm\u00fc \u015eark\u0131lar\u0131&#8217;ndan ba\u015flayarak hemen her yap\u0131t\u0131yla dikkat \u00e7eken Hamdi Ko\u00e7&#8217;un o tarihten bu yana be\u015f roman\u0131 yay\u0131mland\u0131. Eserlerini \u00e7evirdi\u011fi yazarlar aras\u0131nda Shakespeare, Faulkner, Beckett ve Joyce yer al\u0131yor. \ufffcTan\u0131t\u0131m Metni<\/p>\n","protected":false},"excerpt":{"rendered":"<p>Jane Austen (1775-1817): K\u0131rk iki y\u0131ll\u0131k sade ve g\u00f6zden uzak ya\u015fant\u0131s\u0131na kar\u015f\u0131n yazd\u0131klar\u0131yla \u0130ngiliz edebiyat tarihinin bir k\u00fclt romanc\u0131s\u0131 olmay\u0131 ba\u015fard\u0131. Eserlerinde s\u0131radan insanlar\u0131n g\u00fcndelik ya\u015fam\u0131n\u0131<span class=\"excerpt-hellip\"> [\u2026]<\/span><\/p>\n","protected":false},"featured_media":0,"template":"","meta":{"_monsterinsights_skip_tracking":false,"_monsterinsights_sitenote_active":false,"_monsterinsights_sitenote_note":"","_monsterinsights_sitenote_category":0},"product_brand":[],"product_cat":[12291,12866],"product_tag":[],"class_list":{"0":"post-690026","1":"product","2":"type-product","3":"status-publish","5":"product_cat-edebiyat","6":"product_cat-ingiliz-edebiyati","7":"pa_cilt-ciltsiz","8":"pa_tur-kitap","9":"pa_yayinevi-is-bankasi-kultur-yayinlari","10":"pa_yazar-jane-austen","12":"first","13":"instock","14":"sale","15":"shipping-taxable","16":"purchasable","17":"product-type-simple"},"_links":{"self":[{"href":"https:\/\/roveyayinevi.com.tr\/index.php\/wp-json\/wp\/v2\/product\/690026","targetHints":{"allow":["GET"]}}],"collection":[{"href":"https:\/\/roveyayinevi.com.tr\/index.php\/wp-json\/wp\/v2\/product"}],"about":[{"href":"https:\/\/roveyayinevi.com.tr\/index.php\/wp-json\/wp\/v2\/types\/product"}],"wp:attachment":[{"href":"https:\/\/roveyayinevi.com.tr\/index.php\/wp-json\/wp\/v2\/media?parent=690026"}],"wp:term":[{"taxonomy":"product_brand","embeddable":true,"href":"https:\/\/roveyayinevi.com.tr\/index.php\/wp-json\/wp\/v2\/product_brand?post=690026"},{"taxonomy":"product_cat","embeddable":true,"href":"https:\/\/roveyayinevi.com.tr\/index.php\/wp-json\/wp\/v2\/product_cat?post=690026"},{"taxonomy":"product_tag","embeddable":true,"href":"https:\/\/roveyayinevi.com.tr\/index.php\/wp-json\/wp\/v2\/product_tag?post=690026"}],"curies":[{"name":"wp","href":"https:\/\/api.w.org\/{rel}","templated":true}]}}