{"id":689995,"date":"2025-08-27T13:49:08","date_gmt":"2025-08-27T10:49:08","guid":{"rendered":"https:\/\/roveyayinevi.com.tr\/index.php\/urun\/on-ikinci-gece-ciltli\/"},"modified":"2026-04-16T01:59:44","modified_gmt":"2026-04-15T22:59:44","slug":"on-ikinci-gece-ciltli","status":"publish","type":"product","link":"https:\/\/roveyayinevi.com.tr\/index.php\/urun\/on-ikinci-gece-ciltli\/","title":{"rendered":"On \u0130kinci Gece (Ciltli)"},"content":{"rendered":"<p>William Shakespeare (1564-1616): Oyunlar\u0131 ve \u015fiirlerinde insanl\u0131k durumlar\u0131n\u0131 dile getiri\u015f g\u00fcc\u00fcyle yakla\u015f\u0131k 400 y\u0131ld\u0131r b\u00fct\u00fcn d\u00fcnya okur ve seyircilerini etkilemeyi s\u00fcrd\u00fcrmektedir. On \u0130kinci Gece\u2019nin konusu yazar\u0131n \u00f6teki romantik komedilerinde oldu\u011fu gibi, a\u015fkt\u0131r. Gizlenen kimlikler, birbirine kar\u0131\u015ft\u0131r\u0131lan ki\u015filer olaylar\u0131 g\u00fcl\u00fcn\u00e7 hale getirir. Ancak konudan daha \u00f6nemli olan, g\u00fczelli\u011fiyle \u00f6ne \u00e7\u0131kar bir \u015fiir diliyle g\u00fclmece \u00f6\u011felerinin sergilenmesi, ilgin\u00e7 duygu ve d\u00fc\u015f\u00fcncelerle ki\u015filerin ger\u00e7eklik kazanmas\u0131d\u0131r. \ufffcTan\u0131t\u0131m Metni<\/p>\n","protected":false},"excerpt":{"rendered":"<p>William Shakespeare (1564-1616): Oyunlar\u0131 ve \u015fiirlerinde insanl\u0131k durumlar\u0131n\u0131 dile getiri\u015f g\u00fcc\u00fcyle yakla\u015f\u0131k 400 y\u0131ld\u0131r b\u00fct\u00fcn d\u00fcnya okur ve seyircilerini etkilemeyi s\u00fcrd\u00fcrmektedir. On \u0130kinci Gece\u2019nin konusu yazar\u0131n<span class=\"excerpt-hellip\"> [\u2026]<\/span><\/p>\n","protected":false},"featured_media":0,"template":"","meta":{"_monsterinsights_skip_tracking":false,"_monsterinsights_sitenote_active":false,"_monsterinsights_sitenote_note":"","_monsterinsights_sitenote_category":0},"product_brand":[],"product_cat":[12291,12332],"product_tag":[],"class_list":{"0":"post-689995","1":"product","2":"type-product","3":"status-publish","5":"product_cat-edebiyat","6":"product_cat-senaryo","7":"pa_cilt-ciltli","8":"pa_tur-kitap","9":"pa_yayinevi-is-bankasi-kultur-yayinlari","10":"pa_yazar-william-shakespeare","12":"first","13":"instock","14":"sale","15":"shipping-taxable","16":"purchasable","17":"product-type-simple"},"_links":{"self":[{"href":"https:\/\/roveyayinevi.com.tr\/index.php\/wp-json\/wp\/v2\/product\/689995","targetHints":{"allow":["GET"]}}],"collection":[{"href":"https:\/\/roveyayinevi.com.tr\/index.php\/wp-json\/wp\/v2\/product"}],"about":[{"href":"https:\/\/roveyayinevi.com.tr\/index.php\/wp-json\/wp\/v2\/types\/product"}],"wp:attachment":[{"href":"https:\/\/roveyayinevi.com.tr\/index.php\/wp-json\/wp\/v2\/media?parent=689995"}],"wp:term":[{"taxonomy":"product_brand","embeddable":true,"href":"https:\/\/roveyayinevi.com.tr\/index.php\/wp-json\/wp\/v2\/product_brand?post=689995"},{"taxonomy":"product_cat","embeddable":true,"href":"https:\/\/roveyayinevi.com.tr\/index.php\/wp-json\/wp\/v2\/product_cat?post=689995"},{"taxonomy":"product_tag","embeddable":true,"href":"https:\/\/roveyayinevi.com.tr\/index.php\/wp-json\/wp\/v2\/product_tag?post=689995"}],"curies":[{"name":"wp","href":"https:\/\/api.w.org\/{rel}","templated":true}]}}