{"id":689993,"date":"2025-08-27T13:49:07","date_gmt":"2025-08-27T10:49:07","guid":{"rendered":"https:\/\/roveyayinevi.com.tr\/index.php\/urun\/hizlandikca-azaliyorum\/"},"modified":"2026-04-16T01:59:44","modified_gmt":"2026-04-15T22:59:44","slug":"hizlandikca-azaliyorum","status":"publish","type":"product","link":"https:\/\/roveyayinevi.com.tr\/index.php\/urun\/hizlandikca-azaliyorum\/","title":{"rendered":"H\u0131zland\u0131k\u00e7a Azal\u0131yorum"},"content":{"rendered":"<p>\u201cYery\u00fcz\u00fcnde ya\u015fad\u0131\u011f\u0131n her mutlu an kederle \u00f6denmek zorundad\u0131r.\u201d Son y\u0131llarda Norve\u00e7\u2019in \u00e7\u0131kard\u0131\u011f\u0131 en g\u00fc\u00e7l\u00fc yazarlardan Kjersti Skomsvold, \u015fiirsel ve dokunakl\u0131 roman\u0131yla T\u00fcrk\u00e7ede. Mathea\u2019n\u0131n ya\u015fam ve \u00f6l\u00fcm, ya\u015fl\u0131l\u0131k ve yaln\u0131zl\u0131k hakk\u0131nda inceliklerle \u00f6r\u00fcl\u00fc zarif hik\u00e2yesi&#8230; Derinlikli bir melankoli, farkl\u0131 bir mizah, k\u00fc\u00e7\u00fck kelimeler, k\u0131sa c\u00fcmleler, ufak paragraflar ve b\u00fcy\u00fck bir yetenek&#8230; Norve\u00e7\u2019te yay\u0131mland\u0131\u011f\u0131 y\u0131l Tarjei Vesaas \u0130lk Kitap \u00d6d\u00fcl\u00fc\u2019ne lay\u0131k g\u00f6r\u00fclen H\u0131zland\u0131k\u00e7a Azal\u0131yorum\u2019u Norve\u00e7\u00e7e asl\u0131ndan Deniz Canefe \u00e7evirdi. <\/p>\n","protected":false},"excerpt":{"rendered":"<p>\u201cYery\u00fcz\u00fcnde ya\u015fad\u0131\u011f\u0131n her mutlu an kederle \u00f6denmek zorundad\u0131r.\u201d Son y\u0131llarda Norve\u00e7\u2019in \u00e7\u0131kard\u0131\u011f\u0131 en g\u00fc\u00e7l\u00fc yazarlardan Kjersti Skomsvold, \u015fiirsel ve dokunakl\u0131 roman\u0131yla T\u00fcrk\u00e7ede. Mathea\u2019n\u0131n ya\u015fam ve \u00f6l\u00fcm,<span class=\"excerpt-hellip\"> [\u2026]<\/span><\/p>\n","protected":false},"featured_media":0,"template":"","meta":{"_monsterinsights_skip_tracking":false,"_monsterinsights_sitenote_active":false,"_monsterinsights_sitenote_note":"","_monsterinsights_sitenote_category":0},"product_brand":[],"product_cat":[13661,12291],"product_tag":[],"class_list":{"0":"post-689993","1":"product","2":"type-product","3":"status-publish","5":"product_cat-diger-ulke-edebiyatlari","6":"product_cat-edebiyat","7":"pa_tur-kitap","8":"pa_yayinevi-jaguar-kitap","9":"pa_yazar-kjersti-skomsvold","11":"first","12":"instock","13":"sale","14":"shipping-taxable","15":"purchasable","16":"product-type-simple"},"_links":{"self":[{"href":"https:\/\/roveyayinevi.com.tr\/index.php\/wp-json\/wp\/v2\/product\/689993","targetHints":{"allow":["GET"]}}],"collection":[{"href":"https:\/\/roveyayinevi.com.tr\/index.php\/wp-json\/wp\/v2\/product"}],"about":[{"href":"https:\/\/roveyayinevi.com.tr\/index.php\/wp-json\/wp\/v2\/types\/product"}],"wp:attachment":[{"href":"https:\/\/roveyayinevi.com.tr\/index.php\/wp-json\/wp\/v2\/media?parent=689993"}],"wp:term":[{"taxonomy":"product_brand","embeddable":true,"href":"https:\/\/roveyayinevi.com.tr\/index.php\/wp-json\/wp\/v2\/product_brand?post=689993"},{"taxonomy":"product_cat","embeddable":true,"href":"https:\/\/roveyayinevi.com.tr\/index.php\/wp-json\/wp\/v2\/product_cat?post=689993"},{"taxonomy":"product_tag","embeddable":true,"href":"https:\/\/roveyayinevi.com.tr\/index.php\/wp-json\/wp\/v2\/product_tag?post=689993"}],"curies":[{"name":"wp","href":"https:\/\/api.w.org\/{rel}","templated":true}]}}