{"id":689990,"date":"2025-08-27T13:49:07","date_gmt":"2025-08-27T10:49:07","guid":{"rendered":"https:\/\/roveyayinevi.com.tr\/index.php\/urun\/cumhuriyetle-buyuyen-kadin-neriman-samurcay\/"},"modified":"2026-04-16T01:59:44","modified_gmt":"2026-04-15T22:59:44","slug":"cumhuriyetle-buyuyen-kadin-neriman-samurcay","status":"publish","type":"product","link":"https:\/\/roveyayinevi.com.tr\/index.php\/urun\/cumhuriyetle-buyuyen-kadin-neriman-samurcay\/","title":{"rendered":"Cumhuriyet\u2019le B\u00fcy\u00fcyen Kad\u0131n: Neriman Samur\u00e7ay"},"content":{"rendered":"<p>Neriman Samur\u00e7ay, ya\u015fam\u0131nda ve \u00f6\u011fretilerinde psikoloji ile sanat\u0131 bulu\u015fturan \u00f6zg\u00fcn (nevi \u015fahs\u0131na m\u00fcnhas\u0131r) bir insan. O bir bilim insan\u0131 kafas\u0131yla d\u00fc\u015f\u00fcnd\u00fc, d\u00fcnyaya ve sanata bir psikolo\u011fun g\u00f6zleri ile bakt\u0131, bir sanat\u00e7\u0131 tavr\u0131yla giyindi ve ya\u015fad\u0131. T\u00fcrkiye&#8217;yi Paris&#8217;e, Paris&#8217;i Anadolu&#8217;ya ta\u015f\u0131d\u0131 ve Anadolu&#8217;nun ta\u015f\u0131na, topra\u011f\u0131na sinmi\u015f cevherleri, sanat\u00e7\u0131lar\u0131 tan\u0131tt\u0131 bize. <\/p>\n","protected":false},"excerpt":{"rendered":"<p>Neriman Samur\u00e7ay, ya\u015fam\u0131nda ve \u00f6\u011fretilerinde psikoloji ile sanat\u0131 bulu\u015fturan \u00f6zg\u00fcn (nevi \u015fahs\u0131na m\u00fcnhas\u0131r) bir insan. O bir bilim insan\u0131 kafas\u0131yla d\u00fc\u015f\u00fcnd\u00fc, d\u00fcnyaya ve sanata bir psikolo\u011fun<span class=\"excerpt-hellip\"> [\u2026]<\/span><\/p>\n","protected":false},"featured_media":0,"template":"","meta":{"_monsterinsights_skip_tracking":false,"_monsterinsights_sitenote_active":false,"_monsterinsights_sitenote_note":"","_monsterinsights_sitenote_category":0},"product_brand":[],"product_cat":[13701,12291],"product_tag":[],"class_list":{"0":"post-689990","1":"product","2":"type-product","3":"status-publish","5":"product_cat-ani-mektup-gunluk","6":"product_cat-edebiyat","7":"pa_cilt-ciltsiz","8":"pa_tur-kitap","9":"pa_yayinevi-izgoren-yayinlari","10":"pa_yazar-bircan-kirlangic-simsek","12":"first","13":"instock","14":"sale","15":"shipping-taxable","16":"purchasable","17":"product-type-simple"},"_links":{"self":[{"href":"https:\/\/roveyayinevi.com.tr\/index.php\/wp-json\/wp\/v2\/product\/689990","targetHints":{"allow":["GET"]}}],"collection":[{"href":"https:\/\/roveyayinevi.com.tr\/index.php\/wp-json\/wp\/v2\/product"}],"about":[{"href":"https:\/\/roveyayinevi.com.tr\/index.php\/wp-json\/wp\/v2\/types\/product"}],"wp:attachment":[{"href":"https:\/\/roveyayinevi.com.tr\/index.php\/wp-json\/wp\/v2\/media?parent=689990"}],"wp:term":[{"taxonomy":"product_brand","embeddable":true,"href":"https:\/\/roveyayinevi.com.tr\/index.php\/wp-json\/wp\/v2\/product_brand?post=689990"},{"taxonomy":"product_cat","embeddable":true,"href":"https:\/\/roveyayinevi.com.tr\/index.php\/wp-json\/wp\/v2\/product_cat?post=689990"},{"taxonomy":"product_tag","embeddable":true,"href":"https:\/\/roveyayinevi.com.tr\/index.php\/wp-json\/wp\/v2\/product_tag?post=689990"}],"curies":[{"name":"wp","href":"https:\/\/api.w.org\/{rel}","templated":true}]}}