{"id":689985,"date":"2025-08-27T13:49:06","date_gmt":"2025-08-27T10:49:06","guid":{"rendered":"https:\/\/roveyayinevi.com.tr\/index.php\/urun\/zaman-makinesi\/"},"modified":"2026-04-16T01:59:44","modified_gmt":"2026-04-15T22:59:44","slug":"zaman-makinesi","status":"publish","type":"product","link":"https:\/\/roveyayinevi.com.tr\/index.php\/urun\/zaman-makinesi\/","title":{"rendered":"Zaman Makinesi"},"content":{"rendered":"<p>Ondokuzuncu y\u00fczy\u0131l\u0131n sonlar\u0131nda \u0130ngiltere\u2019de bir bilim adam\u0131 ak\u015fam yeme\u011fine \u00e7a\u011f\u0131rd\u0131\u011f\u0131 konuklar\u0131na zaman makinesi oldu\u011funu iddia etti\u011fi bir ayg\u0131t\u0131 g\u00f6sterir. Sayg\u0131de\u011fer konuklar\u0131 ona inanmay\u0131 rededer, ancak bir hafta sonra tekrar evinde topland\u0131klar\u0131nda onu bitkin, sefil ve peri\u015fan bir halde bulurlar. 802701 y\u0131l\u0131nda, bir zamanlar Londra\u2019n\u0131n bulundu\u011fu noktada tan\u0131k oldu\u011fu ya\u015fam\u0131 anlat\u0131r onlara. Gelece\u011fe yolculuk etmi\u015f, gelece\u011fin \u0131rk\u0131yla tan\u0131\u015fm\u0131\u015ft\u0131r; birer peri kadar ho\u015f, meyveyle beslenen, ya\u015famlar\u0131n\u0131 ne\u015feli bir tembellik i\u00e7inde ge\u00e7iren sevimle torunlar\u0131m\u0131zla&#8230; Ancak insan\u0131n evriminin tek sonucu, d\u00fcnyay\u0131 miras alan tek t\u00fcr onlar de\u011fildir. Yeni Aden\u2019in alt\u0131ndaki t\u00fcnellerde ya\u015fayan ba\u015fka bir canl\u0131 t\u00fcr\u00fc daha vard\u0131r. Bilimkurgu ser\u00fcvenini ba\u015flatan ilk ve en g\u00f6rkemli ad\u0131mlardan biri olan bu klasik romanda H.G. Wells, insano\u011flunun hi\u00e7 eskimeyecek zaman yolculu\u011fu d\u00fc\u015f\u00fcnden yola \u00e7\u0131karak ya\u015fam bi\u00e7imlerimizin evrildi\u011fi y\u00f6n\u00fc sorguluyor. <\/p>\n","protected":false},"excerpt":{"rendered":"<p>Ondokuzuncu y\u00fczy\u0131l\u0131n sonlar\u0131nda \u0130ngiltere\u2019de bir bilim adam\u0131 ak\u015fam yeme\u011fine \u00e7a\u011f\u0131rd\u0131\u011f\u0131 konuklar\u0131na zaman makinesi oldu\u011funu iddia etti\u011fi bir ayg\u0131t\u0131 g\u00f6sterir. Sayg\u0131de\u011fer konuklar\u0131 ona inanmay\u0131 rededer, ancak bir<span class=\"excerpt-hellip\"> [\u2026]<\/span><\/p>\n","protected":false},"featured_media":0,"template":"","meta":{"_monsterinsights_skip_tracking":false,"_monsterinsights_sitenote_active":false,"_monsterinsights_sitenote_note":"","_monsterinsights_sitenote_category":0},"product_brand":[],"product_cat":[12540,12291],"product_tag":[],"class_list":{"0":"post-689985","1":"product","2":"type-product","3":"status-publish","5":"product_cat-bilim-kurgu","6":"product_cat-edebiyat","7":"pa_cilt-ciltsiz","8":"pa_tur-kitap","9":"pa_yayinevi-ithaki-yayinlari","10":"pa_yazar-h-g-wells","12":"first","13":"instock","14":"sale","15":"shipping-taxable","16":"purchasable","17":"product-type-simple"},"_links":{"self":[{"href":"https:\/\/roveyayinevi.com.tr\/index.php\/wp-json\/wp\/v2\/product\/689985","targetHints":{"allow":["GET"]}}],"collection":[{"href":"https:\/\/roveyayinevi.com.tr\/index.php\/wp-json\/wp\/v2\/product"}],"about":[{"href":"https:\/\/roveyayinevi.com.tr\/index.php\/wp-json\/wp\/v2\/types\/product"}],"wp:attachment":[{"href":"https:\/\/roveyayinevi.com.tr\/index.php\/wp-json\/wp\/v2\/media?parent=689985"}],"wp:term":[{"taxonomy":"product_brand","embeddable":true,"href":"https:\/\/roveyayinevi.com.tr\/index.php\/wp-json\/wp\/v2\/product_brand?post=689985"},{"taxonomy":"product_cat","embeddable":true,"href":"https:\/\/roveyayinevi.com.tr\/index.php\/wp-json\/wp\/v2\/product_cat?post=689985"},{"taxonomy":"product_tag","embeddable":true,"href":"https:\/\/roveyayinevi.com.tr\/index.php\/wp-json\/wp\/v2\/product_tag?post=689985"}],"curies":[{"name":"wp","href":"https:\/\/api.w.org\/{rel}","templated":true}]}}