{"id":689977,"date":"2025-08-27T13:49:04","date_gmt":"2025-08-27T10:49:04","guid":{"rendered":"https:\/\/roveyayinevi.com.tr\/index.php\/urun\/o-sarisin-kurt\/"},"modified":"2026-04-16T01:59:44","modified_gmt":"2026-04-15T22:59:44","slug":"o-sarisin-kurt","status":"publish","type":"product","link":"https:\/\/roveyayinevi.com.tr\/index.php\/urun\/o-sarisin-kurt\/","title":{"rendered":"O Sar\u0131\u015f\u0131n Kurt"},"content":{"rendered":"<p>Evet, benim n\u00e2\u00e7iz v\u00fcc\u00fbdum&#8230; birg\u00fcn elbet toprak olacakt\u0131r&#8230; fakat T\u00fcrkiye Cumhuriyeti&#8230; ilelebet p\u00e2yid\u00e2r kalacakt\u0131r. \u0130\u015fgal Kuvvetleri\u2019nin \u0130stanbul\u2019a giri\u015fi ile a\u00e7\u0131lan O Sar\u0131\u015f\u0131n Kurt, Attil\u00e2 \u0130lhan\u2019\u0131n kaleminden Lozan\u2019dan Terakkiperver Cumhuriyet F\u0131rkas\u0131\u2019na, Cumhuriyet\u2019in ilan\u0131ndan \u0130zmir suikastine Cumhuriyetimizin kurulu\u015f y\u0131llar\u0131n\u0131, bireysel ve toplumsal co\u015fkular\u0131 ve ac\u0131lar\u0131yla g\u00f6zlerimizin \u00f6n\u00fcnde canland\u0131rd\u0131\u011f\u0131, y\u00fcre\u011fe i\u015fleyen ola\u011fan\u00fcst\u00fc g\u00f6rsellikte bir destan&#8230; O Sar\u0131\u015f\u0131n Kurt, Selim \u0130leri\u2019nin Sunu\u015f\u2019undaki ifadesiyle, Attil\u00e2 A\u011fbi\u2019nin , siyasal d\u00fc\u015f\u00fcncesinin en b\u00fcy\u00fck kahraman\u0131 i\u00e7in yazarl\u0131\u011f\u0131n\u0131n en b\u00fcy\u00fck eserlerinden biri&#8230; \ufffcTan\u0131t\u0131m Metni<\/p>\n","protected":false},"excerpt":{"rendered":"<p>Evet, benim n\u00e2\u00e7iz v\u00fcc\u00fbdum&#8230; birg\u00fcn elbet toprak olacakt\u0131r&#8230; fakat T\u00fcrkiye Cumhuriyeti&#8230; ilelebet p\u00e2yid\u00e2r kalacakt\u0131r. \u0130\u015fgal Kuvvetleri\u2019nin \u0130stanbul\u2019a giri\u015fi ile a\u00e7\u0131lan O Sar\u0131\u015f\u0131n Kurt, Attil\u00e2 \u0130lhan\u2019\u0131n kaleminden<span class=\"excerpt-hellip\"> [\u2026]<\/span><\/p>\n","protected":false},"featured_media":0,"template":"","meta":{"_monsterinsights_skip_tracking":false,"_monsterinsights_sitenote_active":false,"_monsterinsights_sitenote_note":"","_monsterinsights_sitenote_category":0},"product_brand":[],"product_cat":[12312,12304],"product_tag":[],"class_list":{"0":"post-689977","1":"product","2":"type-product","3":"status-publish","5":"product_cat-diger","6":"product_cat-tarih","7":"pa_cilt-ciltsiz","8":"pa_tur-kitap","9":"pa_yayinevi-is-bankasi-kultur-yayinlari","10":"pa_yazar-attila-ilhan","12":"first","13":"instock","14":"sale","15":"shipping-taxable","16":"purchasable","17":"product-type-simple"},"_links":{"self":[{"href":"https:\/\/roveyayinevi.com.tr\/index.php\/wp-json\/wp\/v2\/product\/689977","targetHints":{"allow":["GET"]}}],"collection":[{"href":"https:\/\/roveyayinevi.com.tr\/index.php\/wp-json\/wp\/v2\/product"}],"about":[{"href":"https:\/\/roveyayinevi.com.tr\/index.php\/wp-json\/wp\/v2\/types\/product"}],"wp:attachment":[{"href":"https:\/\/roveyayinevi.com.tr\/index.php\/wp-json\/wp\/v2\/media?parent=689977"}],"wp:term":[{"taxonomy":"product_brand","embeddable":true,"href":"https:\/\/roveyayinevi.com.tr\/index.php\/wp-json\/wp\/v2\/product_brand?post=689977"},{"taxonomy":"product_cat","embeddable":true,"href":"https:\/\/roveyayinevi.com.tr\/index.php\/wp-json\/wp\/v2\/product_cat?post=689977"},{"taxonomy":"product_tag","embeddable":true,"href":"https:\/\/roveyayinevi.com.tr\/index.php\/wp-json\/wp\/v2\/product_tag?post=689977"}],"curies":[{"name":"wp","href":"https:\/\/api.w.org\/{rel}","templated":true}]}}