{"id":689975,"date":"2025-08-27T13:49:04","date_gmt":"2025-08-27T10:49:04","guid":{"rendered":"https:\/\/roveyayinevi.com.tr\/index.php\/urun\/goldeki-canavar-ejder-cetesi-serisi-2-kitap\/"},"modified":"2026-04-16T01:59:43","modified_gmt":"2026-04-15T22:59:43","slug":"goldeki-canavar-ejder-cetesi-serisi-2-kitap","status":"publish","type":"product","link":"https:\/\/roveyayinevi.com.tr\/index.php\/urun\/goldeki-canavar-ejder-cetesi-serisi-2-kitap\/","title":{"rendered":"G\u00f6ldeki Canavar (Ejder \u00c7etesi Serisi 2. Kitap)"},"content":{"rendered":"<p>\u0130\u015fte Ejder \u00c7etesi\u2019nin \u00fcyeleri: Jan, Einstein, Marie ve Julia. Ejder Yuvas\u0131 ise onlar\u0131n gizli toplant\u0131 yeri. D\u00f6rt s\u0131rda\u015f, burada bir araya geliyor, gizemli olaylar ve karanl\u0131k s\u0131rlar hakk\u0131nda kafa yoruyorlar. <\/p>\n","protected":false},"excerpt":{"rendered":"<p>\u0130\u015fte Ejder \u00c7etesi\u2019nin \u00fcyeleri: Jan, Einstein, Marie ve Julia. Ejder Yuvas\u0131 ise onlar\u0131n gizli toplant\u0131 yeri. D\u00f6rt s\u0131rda\u015f, burada bir araya geliyor, gizemli olaylar ve karanl\u0131k<span class=\"excerpt-hellip\"> [\u2026]<\/span><\/p>\n","protected":false},"featured_media":0,"template":"","meta":{"_monsterinsights_skip_tracking":false,"_monsterinsights_sitenote_active":false,"_monsterinsights_sitenote_note":"","_monsterinsights_sitenote_category":0},"product_brand":[],"product_cat":[12291,14777],"product_tag":[],"class_list":{"0":"post-689975","1":"product","2":"type-product","3":"status-publish","5":"product_cat-edebiyat","6":"product_cat-fantastik","7":"pa_tur-kitap","8":"pa_yayinevi-ithaki-yayinlari","9":"pa_yazar-florian-freund","10":"pa_yazar-peter-freund","12":"first","13":"instock","14":"sale","15":"shipping-taxable","16":"purchasable","17":"product-type-simple"},"_links":{"self":[{"href":"https:\/\/roveyayinevi.com.tr\/index.php\/wp-json\/wp\/v2\/product\/689975","targetHints":{"allow":["GET"]}}],"collection":[{"href":"https:\/\/roveyayinevi.com.tr\/index.php\/wp-json\/wp\/v2\/product"}],"about":[{"href":"https:\/\/roveyayinevi.com.tr\/index.php\/wp-json\/wp\/v2\/types\/product"}],"wp:attachment":[{"href":"https:\/\/roveyayinevi.com.tr\/index.php\/wp-json\/wp\/v2\/media?parent=689975"}],"wp:term":[{"taxonomy":"product_brand","embeddable":true,"href":"https:\/\/roveyayinevi.com.tr\/index.php\/wp-json\/wp\/v2\/product_brand?post=689975"},{"taxonomy":"product_cat","embeddable":true,"href":"https:\/\/roveyayinevi.com.tr\/index.php\/wp-json\/wp\/v2\/product_cat?post=689975"},{"taxonomy":"product_tag","embeddable":true,"href":"https:\/\/roveyayinevi.com.tr\/index.php\/wp-json\/wp\/v2\/product_tag?post=689975"}],"curies":[{"name":"wp","href":"https:\/\/api.w.org\/{rel}","templated":true}]}}