{"id":689974,"date":"2025-08-27T13:49:04","date_gmt":"2025-08-27T10:49:04","guid":{"rendered":"https:\/\/roveyayinevi.com.tr\/index.php\/urun\/zaman-carki-serisi-05-ciltli-gogun-atesleri\/"},"modified":"2026-04-16T01:59:43","modified_gmt":"2026-04-15T22:59:43","slug":"zaman-carki-serisi-05-ciltli-gogun-atesleri","status":"publish","type":"product","link":"https:\/\/roveyayinevi.com.tr\/index.php\/urun\/zaman-carki-serisi-05-ciltli-gogun-atesleri\/","title":{"rendered":"Zaman \u00c7ark\u0131 Serisi 05 (Ciltli): G\u00f6\u011f\u00fcn Ate\u015fleri"},"content":{"rendered":"<p>\u0130yinin ve k\u00f6t\u00fcn\u00fcn sonsuz bir sava\u015fa tutu\u015ftu\u011fu, \u0131\u015f\u0131\u011f\u0131n ve g\u00f6lgenin d\u00fcnyas\u0131; Zaman \u00c7ark\u0131\u2019n\u0131n d\u00fcnyas\u0131&#8230; &#8220;Zaman \u00c7ark\u0131 d\u00f6ner, \u00c7a\u011flar gelir ve ge\u00e7er, efsanele\u015fen an\u0131lar b\u0131rak\u0131r. Efsaneler solarak mit olur ve onlar\u0131 do\u011furan \u00e7a\u011f yeniden geldi\u011finde mitler bile unutulur. Bir \u00c7a\u011f\u2019da, kimilerine g\u00f6re \u00dc\u00e7\u00fcnc\u00fc \u00c7a\u011f\u2019da, hen\u00fcz gelmemi\u015f, \u00e7oktan ge\u00e7ip gitmi\u015f bir \u00c7a\u011f\u2019da, Puslu Da\u011flar\u2019da bir r\u00fczgar y\u00fckseldi. R\u00fczgar ba\u015flang\u0131\u00e7 de\u011fildi. Zaman \u00c7ark\u0131 d\u00f6nerken ne ba\u015flang\u0131\u00e7lar, ne de biti\u015fler vard\u0131r&#8230;&#8221; \ufffcTan\u0131t\u0131m Metni<\/p>\n","protected":false},"excerpt":{"rendered":"<p>\u0130yinin ve k\u00f6t\u00fcn\u00fcn sonsuz bir sava\u015fa tutu\u015ftu\u011fu, \u0131\u015f\u0131\u011f\u0131n ve g\u00f6lgenin d\u00fcnyas\u0131; Zaman \u00c7ark\u0131\u2019n\u0131n d\u00fcnyas\u0131&#8230; &#8220;Zaman \u00c7ark\u0131 d\u00f6ner, \u00c7a\u011flar gelir ve ge\u00e7er, efsanele\u015fen an\u0131lar b\u0131rak\u0131r. Efsaneler solarak<span class=\"excerpt-hellip\"> [\u2026]<\/span><\/p>\n","protected":false},"featured_media":0,"template":"","meta":{"_monsterinsights_skip_tracking":false,"_monsterinsights_sitenote_active":false,"_monsterinsights_sitenote_note":"","_monsterinsights_sitenote_category":0},"product_brand":[],"product_cat":[12540,12291],"product_tag":[],"class_list":{"0":"post-689974","1":"product","2":"type-product","3":"status-publish","5":"product_cat-bilim-kurgu","6":"product_cat-edebiyat","7":"pa_cilt-ciltli","8":"pa_tur-kitap","9":"pa_yayinevi-ithaki-yayinlari","10":"pa_yazar-robert-jordan","12":"first","13":"instock","14":"sale","15":"shipping-taxable","16":"purchasable","17":"product-type-simple"},"_links":{"self":[{"href":"https:\/\/roveyayinevi.com.tr\/index.php\/wp-json\/wp\/v2\/product\/689974","targetHints":{"allow":["GET"]}}],"collection":[{"href":"https:\/\/roveyayinevi.com.tr\/index.php\/wp-json\/wp\/v2\/product"}],"about":[{"href":"https:\/\/roveyayinevi.com.tr\/index.php\/wp-json\/wp\/v2\/types\/product"}],"wp:attachment":[{"href":"https:\/\/roveyayinevi.com.tr\/index.php\/wp-json\/wp\/v2\/media?parent=689974"}],"wp:term":[{"taxonomy":"product_brand","embeddable":true,"href":"https:\/\/roveyayinevi.com.tr\/index.php\/wp-json\/wp\/v2\/product_brand?post=689974"},{"taxonomy":"product_cat","embeddable":true,"href":"https:\/\/roveyayinevi.com.tr\/index.php\/wp-json\/wp\/v2\/product_cat?post=689974"},{"taxonomy":"product_tag","embeddable":true,"href":"https:\/\/roveyayinevi.com.tr\/index.php\/wp-json\/wp\/v2\/product_tag?post=689974"}],"curies":[{"name":"wp","href":"https:\/\/api.w.org\/{rel}","templated":true}]}}