{"id":689971,"date":"2025-08-27T13:49:03","date_gmt":"2025-08-27T10:49:03","guid":{"rendered":"https:\/\/roveyayinevi.com.tr\/index.php\/urun\/siyasal-iktisadin-ve-vergilendirmenin-ilkeleri\/"},"modified":"2026-04-16T01:59:43","modified_gmt":"2026-04-15T22:59:43","slug":"siyasal-iktisadin-ve-vergilendirmenin-ilkeleri","status":"publish","type":"product","link":"https:\/\/roveyayinevi.com.tr\/index.php\/urun\/siyasal-iktisadin-ve-vergilendirmenin-ilkeleri\/","title":{"rendered":"Siyasal \u0130ktisad\u0131n ve Vergilendirmenin \u0130lkeleri"},"content":{"rendered":"<p>David Ricardo (1772-1823): A. Smith\u2019le ba\u015flay\u0131p J.S. Mill ile sona eren \u0130ngiliz Klasik Okulu\u2019nun doruk noktas\u0131n\u0131 olu\u015fturdu\u011fu kabul edilir. Sermaye birikimi ve k\u00e2r haddi, teknolojik de\u011fi\u015fme, ekonomide b\u00fcy\u00fcme, n\u00fcfus art\u0131\u015f\u0131, uluslararas\u0131 ticaretin serbestle\u015fmesinin etkileri, enflasyon, d\u00f6viz fiyat\u0131, i\u015f\u00e7i \u00fccretleri ve i\u015fsizlik gibi konular\u0131 ele alan Ricardo, ya\u015fad\u0131\u011f\u0131 d\u00f6nemde ekonomik yap\u0131 ve politikalar\u0131 g\u00f6zlemleyip kuram\u0131n\u0131 olu\u015ftururken, sorunlar\u0131n \u00e7\u00f6z\u00fcmlenmesi i\u00e7in gereken politikalar\u0131 da g\u00f6sterdi. Siyasal \u0130ktisad\u0131n ve Vergilendirmenin \u0130lkeleri\u2019nde ekonomi bilimi ve politikan\u0131n bug\u00fcn de u\u011fra\u015ft\u0131\u011f\u0131 sorunlar\u0131 iki y\u00fczy\u0131l \u00f6nce ele alan Ricardo, bu yap\u0131t\u0131yla K. Marx\u2019tan J.S. Mill\u2019e kadar farkl\u0131 \u00e7izgide bir\u00e7ok d\u00fc\u015f\u00fcn\u00fcr\u00fc derinden etkilemi\u015ftir. Bar\u0131\u015f Zeren (1978): \u0130.\u00dc. Rus Dili ve Edebiyat\u0131 B\u00f6l\u00fcm\u00fc&#8217;n\u00fc bitirdi. Ayn\u0131 \u00fcniversitede \u0130ktisat Tarihi Bilim Dal\u0131&#8217;nda y\u00fcksek lisans\u0131n\u0131 tamamlad\u0131. Lomonosov Moskova Devlet \u00dcniversitesi Slav Tarihi B\u00f6l\u00fcm\u00fc&#8217;nde ara\u015ft\u0131rmac\u0131 olarak bulundu. Bo\u011fazi\u00e7i \u00dcniversitesi Atat\u00fcrk Enstit\u00fcs\u00fc&#8217;nde doktora \u00e7al\u0131\u015fmas\u0131n\u0131 s\u00fcrd\u00fcr\u00fcyor. \u0130ngilizce ve Rus\u00e7a&#8217;dan sosyal bilim, tarih ve edebiyat \u00e7evirileri yap\u0131yor. \ufffc<\/p>\n","protected":false},"excerpt":{"rendered":"<p>David Ricardo (1772-1823): A. Smith\u2019le ba\u015flay\u0131p J.S. Mill ile sona eren \u0130ngiliz Klasik Okulu\u2019nun doruk noktas\u0131n\u0131 olu\u015fturdu\u011fu kabul edilir. Sermaye birikimi ve k\u00e2r haddi, teknolojik de\u011fi\u015fme,<span class=\"excerpt-hellip\"> [\u2026]<\/span><\/p>\n","protected":false},"featured_media":0,"template":"","meta":{"_monsterinsights_skip_tracking":false,"_monsterinsights_sitenote_active":false,"_monsterinsights_sitenote_note":"","_monsterinsights_sitenote_category":0},"product_brand":[],"product_cat":[13044,13043],"product_tag":[],"class_list":{"0":"post-689971","1":"product","2":"type-product","3":"status-publish","5":"product_cat-dunya-ekonomisi","6":"product_cat-ekonomi","7":"pa_cilt-ciltsiz","8":"pa_tur-kitap","9":"pa_yayinevi-is-bankasi-kultur-yayinlari","10":"pa_yazar-david-ricardo","12":"first","13":"instock","14":"sale","15":"shipping-taxable","16":"purchasable","17":"product-type-simple"},"_links":{"self":[{"href":"https:\/\/roveyayinevi.com.tr\/index.php\/wp-json\/wp\/v2\/product\/689971","targetHints":{"allow":["GET"]}}],"collection":[{"href":"https:\/\/roveyayinevi.com.tr\/index.php\/wp-json\/wp\/v2\/product"}],"about":[{"href":"https:\/\/roveyayinevi.com.tr\/index.php\/wp-json\/wp\/v2\/types\/product"}],"wp:attachment":[{"href":"https:\/\/roveyayinevi.com.tr\/index.php\/wp-json\/wp\/v2\/media?parent=689971"}],"wp:term":[{"taxonomy":"product_brand","embeddable":true,"href":"https:\/\/roveyayinevi.com.tr\/index.php\/wp-json\/wp\/v2\/product_brand?post=689971"},{"taxonomy":"product_cat","embeddable":true,"href":"https:\/\/roveyayinevi.com.tr\/index.php\/wp-json\/wp\/v2\/product_cat?post=689971"},{"taxonomy":"product_tag","embeddable":true,"href":"https:\/\/roveyayinevi.com.tr\/index.php\/wp-json\/wp\/v2\/product_tag?post=689971"}],"curies":[{"name":"wp","href":"https:\/\/api.w.org\/{rel}","templated":true}]}}