{"id":689970,"date":"2025-08-27T13:49:03","date_gmt":"2025-08-27T10:49:03","guid":{"rendered":"https:\/\/roveyayinevi.com.tr\/index.php\/urun\/siyasal-antropoloji\/"},"modified":"2026-04-16T01:59:43","modified_gmt":"2026-04-15T22:59:43","slug":"siyasal-antropoloji","status":"publish","type":"product","link":"https:\/\/roveyayinevi.com.tr\/index.php\/urun\/siyasal-antropoloji\/","title":{"rendered":"Siyasal Antropoloji"},"content":{"rendered":"<p>B\u00fct\u00fcn insan toplumlar\u0131 siyaset \u00fcretir ve hepsi de tarihin ak\u0131\u015f\u0131ndan etkilenirler. Uzun s\u00fcre antropoloji biliminin marjinal bir dal\u0131 olarak g\u00f6r\u00fclen Siyasal Antropoloji, \u0130kinci D\u00fcnya Sava\u015f\u0131\u2019ndan sonra, \u00f6zellikle de 1960\u2019l\u0131 y\u0131llarla birlikte yeni bir disiplin olarak kendini kabul ettirdi. Bu geli\u015fmede belirleyici rol oynam\u0131\u015f eserlerden biri de hi\u00e7 ku\u015fkusuz Georges Balandier\u2019nin kitab\u0131yd\u0131. Yazar\u0131n, tarihin itibar\u0131n\u0131n iade edilmesine y\u00f6nelik g\u00fcncel giri\u015fimler aras\u0131nda sayd\u0131\u011f\u0131 bu kitapta, toplumlar\u0131n i\u00e7sel dinamikleri, siyasal alan ve tarihin hareketi birbiriyle ilintili bir \u015fekilde ortaya konur; bu da, yap\u0131sal antropolojinin g\u00f6rmezden geldi\u011fi veya ortadan kald\u0131rd\u0131\u011f\u0131 ili\u015fki sistemlerinin ve toplumsal ba\u011flar\u0131n diyalekti\u011finin \u00f6ne \u00e7\u0131kar\u0131lmas\u0131na yol a\u00e7ar. \u0130nsan topluluklar\u0131n\u0131n hepsinin siyaset \u00fcretti\u011fini ve hepsinin tarihin ini\u015f \u00e7\u0131k\u0131\u015flar\u0131ndan etkilendi\u011fini g\u00f6steren bu yakla\u015f\u0131m, ilkel olarak nitelenen toplumlar da dahil olmak \u00fczere, toplumlara y\u00f6nelik yeni bir bilimsel bak\u0131\u015f\u0131 g\u00fcndeme getirmi\u015f ve sosyal antropolojinin ufkunu de\u011fi\u015ftirdi\u011fi gibi siyaset felsefesi alan\u0131nda da yenileyici tart\u0131\u015fmalara zemin olu\u015fturmu\u015ftur. \u0130lk kez T\u00fcrk\u00e7eye kazand\u0131r\u0131lan bu temel eserin, \u00fclkemizin d\u00fc\u015f\u00fcn ya\u015fam\u0131nda da bir bo\u015flu\u011fu dolduraca\u011f\u0131n\u0131 umuyoruz. Prof. Georges Balandier (1920), siyasal antropoloji disiplinin kurucular\u0131ndand\u0131r ve Sorbonne \u00dcniversitesi&#8217;nde halen ders vermekte ve PUF yay\u0131nlar\u0131n\u0131n sosyoloji dizisini y\u00f6netmektedir. Yay\u0131mlanm\u0131\u015f \u00e7ok say\u0131da eserinden baz\u0131lar\u0131 \u015f\u00f6yle s\u0131ralanabilir: Sociologie des Brazzavilles noires (1955), Histoire d&#8217;Autres (1977), Le Pouvoir sur secene (1980), Civilises, dit-on (otobiyografi, 2003), Civilisation et puissance (2005). \ufffcTan\u0131t\u0131m Metni<\/p>\n","protected":false},"excerpt":{"rendered":"<p>B\u00fct\u00fcn insan toplumlar\u0131 siyaset \u00fcretir ve hepsi de tarihin ak\u0131\u015f\u0131ndan etkilenirler. Uzun s\u00fcre antropoloji biliminin marjinal bir dal\u0131 olarak g\u00f6r\u00fclen Siyasal Antropoloji, \u0130kinci D\u00fcnya Sava\u015f\u0131\u2019ndan sonra,<span class=\"excerpt-hellip\"> [\u2026]<\/span><\/p>\n","protected":false},"featured_media":0,"template":"","meta":{"_monsterinsights_skip_tracking":false,"_monsterinsights_sitenote_active":false,"_monsterinsights_sitenote_note":"","_monsterinsights_sitenote_category":0},"product_brand":[],"product_cat":[12312,12304],"product_tag":[],"class_list":{"0":"post-689970","1":"product","2":"type-product","3":"status-publish","5":"product_cat-diger","6":"product_cat-tarih","7":"pa_cilt-ciltsiz","8":"pa_tur-kitap","9":"pa_yayinevi-is-bankasi-kultur-yayinlari","10":"pa_yazar-georges-balandier","12":"first","13":"instock","14":"sale","15":"shipping-taxable","16":"purchasable","17":"product-type-simple"},"_links":{"self":[{"href":"https:\/\/roveyayinevi.com.tr\/index.php\/wp-json\/wp\/v2\/product\/689970","targetHints":{"allow":["GET"]}}],"collection":[{"href":"https:\/\/roveyayinevi.com.tr\/index.php\/wp-json\/wp\/v2\/product"}],"about":[{"href":"https:\/\/roveyayinevi.com.tr\/index.php\/wp-json\/wp\/v2\/types\/product"}],"wp:attachment":[{"href":"https:\/\/roveyayinevi.com.tr\/index.php\/wp-json\/wp\/v2\/media?parent=689970"}],"wp:term":[{"taxonomy":"product_brand","embeddable":true,"href":"https:\/\/roveyayinevi.com.tr\/index.php\/wp-json\/wp\/v2\/product_brand?post=689970"},{"taxonomy":"product_cat","embeddable":true,"href":"https:\/\/roveyayinevi.com.tr\/index.php\/wp-json\/wp\/v2\/product_cat?post=689970"},{"taxonomy":"product_tag","embeddable":true,"href":"https:\/\/roveyayinevi.com.tr\/index.php\/wp-json\/wp\/v2\/product_tag?post=689970"}],"curies":[{"name":"wp","href":"https:\/\/api.w.org\/{rel}","templated":true}]}}