{"id":689964,"date":"2025-08-27T13:49:02","date_gmt":"2025-08-27T10:49:02","guid":{"rendered":"https:\/\/roveyayinevi.com.tr\/index.php\/urun\/secme-siirler-ingilizce-turkce\/"},"modified":"2026-04-16T01:59:43","modified_gmt":"2026-04-15T22:59:43","slug":"secme-siirler-ingilizce-turkce","status":"publish","type":"product","link":"https:\/\/roveyayinevi.com.tr\/index.php\/urun\/secme-siirler-ingilizce-turkce\/","title":{"rendered":"Se\u00e7me \u015eiirler (\u0130ngilizce &#8211; T\u00fcrk\u00e7e)"},"content":{"rendered":"<p>Emily Dickinson (1830-1886): Bir y\u00f6n\u00fcyle 1789 \u015fiiri aras\u0131nda hayat\u0131 s\u00fcresince topu topu bir-iki \u015fiirini yay\u0131mlatacak ve son yirmi be\u015f y\u0131l\u0131n\u0131 aile \u00e7evresinin d\u0131\u015f\u0131na \u00e7\u0131kmayacak denli i\u00e7e kapal\u0131 ge\u00e7iren bir \u015fairdi. Di\u011fer yandan ise, okuru yal\u0131n g\u00f6r\u00fcn\u00fcml\u00fc ve \u00e7o\u011fu zaman k\u0131sa \u015fiirlerinin derinli\u011fiyle \u00e7arpan, modern Amerikan \u015fiirinin ana ustalar\u0131ndan biriydi. \ufffcTan\u0131t\u0131m Metni<\/p>\n","protected":false},"excerpt":{"rendered":"<p>Emily Dickinson (1830-1886): Bir y\u00f6n\u00fcyle 1789 \u015fiiri aras\u0131nda hayat\u0131 s\u00fcresince topu topu bir-iki \u015fiirini yay\u0131mlatacak ve son yirmi be\u015f y\u0131l\u0131n\u0131 aile \u00e7evresinin d\u0131\u015f\u0131na \u00e7\u0131kmayacak denli i\u00e7e<span class=\"excerpt-hellip\"> [\u2026]<\/span><\/p>\n","protected":false},"featured_media":0,"template":"","meta":{"_monsterinsights_skip_tracking":false,"_monsterinsights_sitenote_active":false,"_monsterinsights_sitenote_note":"","_monsterinsights_sitenote_category":0},"product_brand":[],"product_cat":[12291,12509],"product_tag":[],"class_list":{"0":"post-689964","1":"product","2":"type-product","3":"status-publish","5":"product_cat-edebiyat","6":"product_cat-siir","7":"pa_cilt-ciltsiz","8":"pa_tur-kitap","9":"pa_yayinevi-is-bankasi-kultur-yayinlari","10":"pa_yazar-emily-dickinson","12":"first","13":"instock","14":"sale","15":"shipping-taxable","16":"purchasable","17":"product-type-simple"},"_links":{"self":[{"href":"https:\/\/roveyayinevi.com.tr\/index.php\/wp-json\/wp\/v2\/product\/689964","targetHints":{"allow":["GET"]}}],"collection":[{"href":"https:\/\/roveyayinevi.com.tr\/index.php\/wp-json\/wp\/v2\/product"}],"about":[{"href":"https:\/\/roveyayinevi.com.tr\/index.php\/wp-json\/wp\/v2\/types\/product"}],"wp:attachment":[{"href":"https:\/\/roveyayinevi.com.tr\/index.php\/wp-json\/wp\/v2\/media?parent=689964"}],"wp:term":[{"taxonomy":"product_brand","embeddable":true,"href":"https:\/\/roveyayinevi.com.tr\/index.php\/wp-json\/wp\/v2\/product_brand?post=689964"},{"taxonomy":"product_cat","embeddable":true,"href":"https:\/\/roveyayinevi.com.tr\/index.php\/wp-json\/wp\/v2\/product_cat?post=689964"},{"taxonomy":"product_tag","embeddable":true,"href":"https:\/\/roveyayinevi.com.tr\/index.php\/wp-json\/wp\/v2\/product_tag?post=689964"}],"curies":[{"name":"wp","href":"https:\/\/api.w.org\/{rel}","templated":true}]}}