{"id":689960,"date":"2025-08-27T13:49:01","date_gmt":"2025-08-27T10:49:01","guid":{"rendered":"https:\/\/roveyayinevi.com.tr\/index.php\/urun\/modeste-mignon\/"},"modified":"2026-04-16T01:59:43","modified_gmt":"2026-04-15T22:59:43","slug":"modeste-mignon","status":"publish","type":"product","link":"https:\/\/roveyayinevi.com.tr\/index.php\/urun\/modeste-mignon\/","title":{"rendered":"Modeste Mignon"},"content":{"rendered":"<p>Honore de Balzac (1799-1850): Elli bir y\u0131ll\u0131k bir \u00f6mre inan\u0131lmas\u0131 g\u00fc\u00e7 bir h\u0131zda, 100\u2019\u00fc a\u015fk\u0131n kitap i\u00e7eren \u0130nsanl\u0131k Komedyas\u0131\u2019n\u0131 s\u0131\u011fd\u0131ran 19. y\u00fczy\u0131l\u0131n an\u0131tsal romanc\u0131s\u0131d\u0131r. Romandaki mektup gelene\u011finin yan\u0131 s\u0131ra i\u00e7erdi\u011fi m\u00fczikal unsurlarla da g\u00fcn\u00fcm\u00fcz\u00fcn pek \u00e7ok okur-yazar\u0131n\u0131 \u015fa\u015f\u0131rtacak olan Modeste Mignon\u2019sa (1844), yazar\u0131n an\u0131tsal yap\u0131t\u0131n\u0131n \u00d6zel Ya\u015famdan Sahneler b\u00f6l\u00fcm\u00fcnde yer almaktad\u0131r. \ufffc<\/p>\n","protected":false},"excerpt":{"rendered":"<p>Honore de Balzac (1799-1850): Elli bir y\u0131ll\u0131k bir \u00f6mre inan\u0131lmas\u0131 g\u00fc\u00e7 bir h\u0131zda, 100\u2019\u00fc a\u015fk\u0131n kitap i\u00e7eren \u0130nsanl\u0131k Komedyas\u0131\u2019n\u0131 s\u0131\u011fd\u0131ran 19. y\u00fczy\u0131l\u0131n an\u0131tsal romanc\u0131s\u0131d\u0131r. Romandaki mektup<span class=\"excerpt-hellip\"> [\u2026]<\/span><\/p>\n","protected":false},"featured_media":0,"template":"","meta":{"_monsterinsights_skip_tracking":false,"_monsterinsights_sitenote_active":false,"_monsterinsights_sitenote_note":"","_monsterinsights_sitenote_category":0},"product_brand":[],"product_cat":[12291,13376],"product_tag":[],"class_list":{"0":"post-689960","1":"product","2":"type-product","3":"status-publish","5":"product_cat-edebiyat","6":"product_cat-fransiz-edebiyati","7":"pa_cilt-ciltsiz","8":"pa_tur-kitap","9":"pa_yayinevi-is-bankasi-kultur-yayinlari","10":"pa_yazar-honore-de-balzac","12":"first","13":"instock","14":"sale","15":"shipping-taxable","16":"purchasable","17":"product-type-simple"},"_links":{"self":[{"href":"https:\/\/roveyayinevi.com.tr\/index.php\/wp-json\/wp\/v2\/product\/689960","targetHints":{"allow":["GET"]}}],"collection":[{"href":"https:\/\/roveyayinevi.com.tr\/index.php\/wp-json\/wp\/v2\/product"}],"about":[{"href":"https:\/\/roveyayinevi.com.tr\/index.php\/wp-json\/wp\/v2\/types\/product"}],"wp:attachment":[{"href":"https:\/\/roveyayinevi.com.tr\/index.php\/wp-json\/wp\/v2\/media?parent=689960"}],"wp:term":[{"taxonomy":"product_brand","embeddable":true,"href":"https:\/\/roveyayinevi.com.tr\/index.php\/wp-json\/wp\/v2\/product_brand?post=689960"},{"taxonomy":"product_cat","embeddable":true,"href":"https:\/\/roveyayinevi.com.tr\/index.php\/wp-json\/wp\/v2\/product_cat?post=689960"},{"taxonomy":"product_tag","embeddable":true,"href":"https:\/\/roveyayinevi.com.tr\/index.php\/wp-json\/wp\/v2\/product_tag?post=689960"}],"curies":[{"name":"wp","href":"https:\/\/api.w.org\/{rel}","templated":true}]}}