{"id":689958,"date":"2025-08-27T13:49:01","date_gmt":"2025-08-27T10:49:01","guid":{"rendered":"https:\/\/roveyayinevi.com.tr\/index.php\/urun\/yakma-zevki-fahrenheit-451-oykuleri\/"},"modified":"2026-04-16T01:59:43","modified_gmt":"2026-04-15T22:59:43","slug":"yakma-zevki-fahrenheit-451-oykuleri","status":"publish","type":"product","link":"https:\/\/roveyayinevi.com.tr\/index.php\/urun\/yakma-zevki-fahrenheit-451-oykuleri\/","title":{"rendered":"Yakma Zevki: Fahrenheit 451 \u00d6yk\u00fcleri"},"content":{"rendered":"<p>\u201cRay Bradbury hem ger\u00e7ek bir mucit hem de \u00e7ok iyi bir edebiyat\u00e7\u0131.\u201d \u2013C. S. Lewis Amerikan Ulusal Kitap \u00d6d\u00fcl\u00fc Pulitzer Onur \u00d6d\u00fcl\u00fc \u201cK\u0130TAPLAR G\u0130B\u0130 \u0130NSANLARI DA YAKMAYACA\u011eIM NE MALUM?\u201d Ray Bradbury sadece bilimkurgunun de\u011fil fantastik edebiyat\u0131n ve korkunun da yirminci y\u00fczy\u0131ldaki ustalar\u0131ndan biri. Bilimkurgunun \u201ciyi edebiyat\u201d da olabilece\u011fini kan\u0131tlayan belki de ilk yazar. Bradbury\u2019nin \u00f6l\u00fcm\u00fcnden sadece iki sene \u00f6nce derlenen ve klasik eseri Fahrenheit 451\u2019in ge\u00e7ti\u011fi yollar\u0131 haritaland\u0131ran Yakma Zevki ise bir yazar\u0131n edebi s\u00fcreci i\u00e7inde \u00e7\u0131k\u0131lan hayret verici bir yolculuk. K\u00fclt\u00fcr\u00fcn homojenle\u015fmesi, teknolojinin beraberinde duyars\u0131z bir d\u00fcnya getirmesi, insanlar\u0131n ge\u00e7mi\u015fleriyle olan ba\u011flar\u0131n\u0131n kopmas\u0131\u2026 Fahrenheit 451\u2019de oldu\u011fu gibi, Yakma Zevki\u2019ni olu\u015fturan \u00f6yk\u00fcler de bu konular\u0131 i\u015fliyor. Ray Bradbury\u2019nin kariyerinin farkl\u0131 d\u00f6nemlerinden 14 \u00f6yk\u00fcn\u00fcn yan\u0131 s\u0131ra Fahrenheit 451\u2019in \u00f6nc\u00fcl versiyonlar\u0131 olan \u201cGeceyar\u0131s\u0131ndan Epey Sonra\u201d ve \u201c\u0130tfaiyeci\u201d \u00f6yk\u00fclerini de bu derlemede bulabilirsiniz. K\u00fclt\u00fcr, teknolojiyle birlikte yok olmaya mahk\u00fbm mudur? Yoksa teknoloji, k\u00fclt\u00fcr\u00fcn evriminin bir sonraki basama\u011f\u0131 m\u0131d\u0131r? Yakma Zevki, bir klasi\u011fin k\u0131v\u0131lc\u0131m\u0131. <\/p>\n","protected":false},"excerpt":{"rendered":"<p>\u201cRay Bradbury hem ger\u00e7ek bir mucit hem de \u00e7ok iyi bir edebiyat\u00e7\u0131.\u201d \u2013C. S. Lewis Amerikan Ulusal Kitap \u00d6d\u00fcl\u00fc Pulitzer Onur \u00d6d\u00fcl\u00fc \u201cK\u0130TAPLAR G\u0130B\u0130 \u0130NSANLARI DA<span class=\"excerpt-hellip\"> [\u2026]<\/span><\/p>\n","protected":false},"featured_media":0,"template":"","meta":{"_monsterinsights_skip_tracking":false,"_monsterinsights_sitenote_active":false,"_monsterinsights_sitenote_note":"","_monsterinsights_sitenote_category":0},"product_brand":[],"product_cat":[12540,12291],"product_tag":[],"class_list":{"0":"post-689958","1":"product","2":"type-product","3":"status-publish","5":"product_cat-bilim-kurgu","6":"product_cat-edebiyat","7":"pa_cilt-ciltsiz","8":"pa_tur-kitap","9":"pa_yayinevi-ithaki-yayinlari","10":"pa_yazar-ray-bradbury","12":"first","13":"instock","14":"sale","15":"shipping-taxable","16":"purchasable","17":"product-type-simple"},"_links":{"self":[{"href":"https:\/\/roveyayinevi.com.tr\/index.php\/wp-json\/wp\/v2\/product\/689958","targetHints":{"allow":["GET"]}}],"collection":[{"href":"https:\/\/roveyayinevi.com.tr\/index.php\/wp-json\/wp\/v2\/product"}],"about":[{"href":"https:\/\/roveyayinevi.com.tr\/index.php\/wp-json\/wp\/v2\/types\/product"}],"wp:attachment":[{"href":"https:\/\/roveyayinevi.com.tr\/index.php\/wp-json\/wp\/v2\/media?parent=689958"}],"wp:term":[{"taxonomy":"product_brand","embeddable":true,"href":"https:\/\/roveyayinevi.com.tr\/index.php\/wp-json\/wp\/v2\/product_brand?post=689958"},{"taxonomy":"product_cat","embeddable":true,"href":"https:\/\/roveyayinevi.com.tr\/index.php\/wp-json\/wp\/v2\/product_cat?post=689958"},{"taxonomy":"product_tag","embeddable":true,"href":"https:\/\/roveyayinevi.com.tr\/index.php\/wp-json\/wp\/v2\/product_tag?post=689958"}],"curies":[{"name":"wp","href":"https:\/\/api.w.org\/{rel}","templated":true}]}}