{"id":689956,"date":"2025-08-27T13:49:00","date_gmt":"2025-08-27T10:49:00","guid":{"rendered":"https:\/\/roveyayinevi.com.tr\/index.php\/urun\/sis\/"},"modified":"2026-04-16T01:59:43","modified_gmt":"2026-04-15T22:59:43","slug":"sis","status":"publish","type":"product","link":"https:\/\/roveyayinevi.com.tr\/index.php\/urun\/sis\/","title":{"rendered":"Sis"},"content":{"rendered":"<p>Miguel de Unamuno (1864-1936): Gerek A\u015fk ve Pedagoji, Sis ve Tula Teyze romanlar\u0131, gerekse en tan\u0131nm\u0131\u015f\u0131 olan Ya\u015fam\u0131n Trajik Duygusu gibi felsefi denemeleri d\u00fc\u015f\u00fcn\u00fcld\u00fc\u011f\u00fcnde, Unamuno, 20. y\u00fczy\u0131l \u0130spanyol yaz\u0131n\u0131na damgas\u0131n\u0131 vurmu\u015f en \u00f6nemli modern-klasiklerden biridir. I. D\u00fcnya Sava\u015f\u0131\u2019n\u0131n ba\u015flad\u0131\u011f\u0131 y\u0131l yay\u0131mlanan ve yazar\u0131n en \u00e7arp\u0131c\u0131 romanlar\u0131ndan biri say\u0131lan Sis (1914) ise, Unamuno\u2019nun \u00f6l\u00fcm\u00fcnden 70 y\u0131l sonra nihayet \u0130spanyolca asl\u0131ndan yap\u0131lan bir \u00e7eviriyle okurla bulu\u015fmaktad\u0131r. \ufffcTan\u0131t\u0131m Metni<\/p>\n","protected":false},"excerpt":{"rendered":"<p>Miguel de Unamuno (1864-1936): Gerek A\u015fk ve Pedagoji, Sis ve Tula Teyze romanlar\u0131, gerekse en tan\u0131nm\u0131\u015f\u0131 olan Ya\u015fam\u0131n Trajik Duygusu gibi felsefi denemeleri d\u00fc\u015f\u00fcn\u00fcld\u00fc\u011f\u00fcnde, Unamuno, 20.<span class=\"excerpt-hellip\"> [\u2026]<\/span><\/p>\n","protected":false},"featured_media":0,"template":"","meta":{"_monsterinsights_skip_tracking":false,"_monsterinsights_sitenote_active":false,"_monsterinsights_sitenote_note":"","_monsterinsights_sitenote_category":0},"product_brand":[],"product_cat":[12291,13113],"product_tag":[],"class_list":{"0":"post-689956","1":"product","2":"type-product","3":"status-publish","5":"product_cat-edebiyat","6":"product_cat-ispanyol-edebiyati","7":"pa_cilt-ciltsiz","8":"pa_tur-kitap","9":"pa_yayinevi-is-bankasi-kultur-yayinlari","10":"pa_yazar-miguel-de-unamuno","12":"first","13":"instock","14":"sale","15":"shipping-taxable","16":"purchasable","17":"product-type-simple"},"_links":{"self":[{"href":"https:\/\/roveyayinevi.com.tr\/index.php\/wp-json\/wp\/v2\/product\/689956","targetHints":{"allow":["GET"]}}],"collection":[{"href":"https:\/\/roveyayinevi.com.tr\/index.php\/wp-json\/wp\/v2\/product"}],"about":[{"href":"https:\/\/roveyayinevi.com.tr\/index.php\/wp-json\/wp\/v2\/types\/product"}],"wp:attachment":[{"href":"https:\/\/roveyayinevi.com.tr\/index.php\/wp-json\/wp\/v2\/media?parent=689956"}],"wp:term":[{"taxonomy":"product_brand","embeddable":true,"href":"https:\/\/roveyayinevi.com.tr\/index.php\/wp-json\/wp\/v2\/product_brand?post=689956"},{"taxonomy":"product_cat","embeddable":true,"href":"https:\/\/roveyayinevi.com.tr\/index.php\/wp-json\/wp\/v2\/product_cat?post=689956"},{"taxonomy":"product_tag","embeddable":true,"href":"https:\/\/roveyayinevi.com.tr\/index.php\/wp-json\/wp\/v2\/product_tag?post=689956"}],"curies":[{"name":"wp","href":"https:\/\/api.w.org\/{rel}","templated":true}]}}