{"id":689955,"date":"2025-08-27T13:49:00","date_gmt":"2025-08-27T10:49:00","guid":{"rendered":"https:\/\/roveyayinevi.com.tr\/index.php\/urun\/silas-marner\/"},"modified":"2026-04-16T01:59:43","modified_gmt":"2026-04-15T22:59:43","slug":"silas-marner","status":"publish","type":"product","link":"https:\/\/roveyayinevi.com.tr\/index.php\/urun\/silas-marner\/","title":{"rendered":"Silas Marner"},"content":{"rendered":"<p>George Eliot (1819-1880): As\u0131l ad\u0131 Mary Ann Evans olan yazar, Wallingston\u2019da okudu, iyi bir e\u011fitim ald\u0131. The Westminster dergisinde \u00e7al\u0131\u015ft\u0131\u011f\u0131 y\u0131llarda \u00e7eviriler yapt\u0131, ele\u015ftiri yaz\u0131lar\u0131 yazd\u0131. Eliot\u2019\u0131n din ve felsefe konular\u0131na ilgisi \u00f6\u011frencilik y\u0131llar\u0131nda ba\u015flad\u0131. \u0130nce bir mizahla \u00f6r\u00fcl\u00fc k\u00f6t\u00fcmser bir ger\u00e7ek\u00e7ilik ve s\u0131k kar\u015f\u0131la\u015f\u0131lan dinsel motifler eserlerinin ba\u015fl\u0131ca \u00f6zelliklerindendir. \ufffcTan\u0131t\u0131m Metni<\/p>\n","protected":false},"excerpt":{"rendered":"<p>George Eliot (1819-1880): As\u0131l ad\u0131 Mary Ann Evans olan yazar, Wallingston\u2019da okudu, iyi bir e\u011fitim ald\u0131. The Westminster dergisinde \u00e7al\u0131\u015ft\u0131\u011f\u0131 y\u0131llarda \u00e7eviriler yapt\u0131, ele\u015ftiri yaz\u0131lar\u0131 yazd\u0131.<span class=\"excerpt-hellip\"> [\u2026]<\/span><\/p>\n","protected":false},"featured_media":0,"template":"","meta":{"_monsterinsights_skip_tracking":false,"_monsterinsights_sitenote_active":false,"_monsterinsights_sitenote_note":"","_monsterinsights_sitenote_category":0},"product_brand":[],"product_cat":[12291,12866],"product_tag":[],"class_list":{"0":"post-689955","1":"product","2":"type-product","3":"status-publish","5":"product_cat-edebiyat","6":"product_cat-ingiliz-edebiyati","7":"pa_cilt-ciltsiz","8":"pa_tur-kitap","9":"pa_yayinevi-is-bankasi-kultur-yayinlari","10":"pa_yazar-george-eliot","12":"first","13":"instock","14":"sale","15":"shipping-taxable","16":"purchasable","17":"product-type-simple"},"_links":{"self":[{"href":"https:\/\/roveyayinevi.com.tr\/index.php\/wp-json\/wp\/v2\/product\/689955","targetHints":{"allow":["GET"]}}],"collection":[{"href":"https:\/\/roveyayinevi.com.tr\/index.php\/wp-json\/wp\/v2\/product"}],"about":[{"href":"https:\/\/roveyayinevi.com.tr\/index.php\/wp-json\/wp\/v2\/types\/product"}],"wp:attachment":[{"href":"https:\/\/roveyayinevi.com.tr\/index.php\/wp-json\/wp\/v2\/media?parent=689955"}],"wp:term":[{"taxonomy":"product_brand","embeddable":true,"href":"https:\/\/roveyayinevi.com.tr\/index.php\/wp-json\/wp\/v2\/product_brand?post=689955"},{"taxonomy":"product_cat","embeddable":true,"href":"https:\/\/roveyayinevi.com.tr\/index.php\/wp-json\/wp\/v2\/product_cat?post=689955"},{"taxonomy":"product_tag","embeddable":true,"href":"https:\/\/roveyayinevi.com.tr\/index.php\/wp-json\/wp\/v2\/product_tag?post=689955"}],"curies":[{"name":"wp","href":"https:\/\/api.w.org\/{rel}","templated":true}]}}