{"id":689952,"date":"2025-08-27T13:48:59","date_gmt":"2025-08-27T10:48:59","guid":{"rendered":"https:\/\/roveyayinevi.com.tr\/index.php\/urun\/sari-pasam-bir-mustafa-kemal-romani\/"},"modified":"2026-04-16T01:59:43","modified_gmt":"2026-04-15T22:59:43","slug":"sari-pasam-bir-mustafa-kemal-romani","status":"publish","type":"product","link":"https:\/\/roveyayinevi.com.tr\/index.php\/urun\/sari-pasam-bir-mustafa-kemal-romani\/","title":{"rendered":"Sar\u0131 Pa\u015fam  &#8211; Bir Mustafa Kemal Roman\u0131"},"content":{"rendered":"<p>Mustafa Kemal, \u0130ttihat\u00e7\u0131lar ve II. Abd\u00fclhamit Sar\u0131 Pa\u015fam, yirminci y\u00fczy\u0131l\u0131n en b\u00fcy\u00fck lideri Mustafa Kemal Atat\u00fcrk\u2019\u00fcn \u00e7ocuklu\u011funa, gen\u00e7li\u011fine, psikolojik ve d\u00fc\u015f\u00fcnsel k\u00f6klerine yap\u0131lan derin ve b\u00fcy\u00fcl\u00fc bir yolculu\u011fun ger\u00e7ek hik\u00e2yesidir. 1800\u2019l\u00fc y\u0131llar\u0131n sonudur&#8230; Osmanl\u0131 \u0130mparatorlu\u011fu, emperyalist bir ku\u015fatmayla \u00e7evrilmi\u015ftir. \u0130stanbul\u2019da Sultan II. Abd\u00fclhamit nefes ald\u0131rmayan bir istibdat d\u00fczeniyle t\u00fcm dizginleri ele ge\u00e7irmeye \u00e7al\u0131\u015fmaktad\u0131r. Selanik\u2019te vatansever, \u00f6zg\u00fcrl\u00fck\u00e7\u00fc subaylar gizli bir cemiyet kurmu\u015f, ihtilal haz\u0131rl\u0131\u011f\u0131 yapmaktad\u0131rlar. J\u00f6n T\u00fcrkler Avrupa\u2019da \u00e7al\u0131\u015fmalar\u0131n\u0131 s\u00fcrd\u00fcrmekte, \u0130ttihat\u00e7\u0131 fedailer i\u00e7eride kan d\u00f6kmeye devam etmektedirler. Mustafa Kemal, bir taraftan gelece\u011fini haz\u0131rlarken di\u011fer taraftan vatan ve h\u00fcrriyet m\u00fccadelesi vermekte, bazen de a\u015fk ac\u0131s\u0131yla yanmaktad\u0131r. Bu kitap sizi ge\u00e7mi\u015fte bir yolculu\u011fa \u00e7\u0131karacak: \u00d6nce Mustafa Kemal\u2019i tan\u0131yacaks\u0131n\u0131z bu yolculukta; hi\u00e7 bilinmeyen \u00f6zelliklerini \u00f6\u011freneceksiniz; ger\u00e7ekle\u015fecek \u00e7ocukluk d\u00fc\u015flerine tan\u0131k olacaks\u0131n\u0131z. Onunla Manast\u0131r, Selanik, \u015eam ve \u0130stanbul aras\u0131nda gidip geleceksiniz.  Sonra, J\u00f6n T\u00fcrklerle ve \u0130ttihat\u00e7\u0131larla tan\u0131\u015facaks\u0131n\u0131z: Enver, Talat ve Mithat \u015e\u00fckr\u00fc\u2019yle Selanik\u2019in arka sokaklar\u0131nda bir evde yap\u0131lan vatan ve h\u00fcrriyet konulu gizli toplant\u0131lara kulak misafiri olacaks\u0131n\u0131z. Te\u011fmen At\u0131f ve Yakup Cemil\u2019le silahlar\u0131n g\u00f6lgesinde \u00e7at\u0131\u015fmaya girecek, icab\u0131nda \u201cyar\u0131p \u00e7\u0131kacaks\u0131n\u0131z!\u201d Ve sonra Sultan II. Abd\u00fclhamit\u2019i tan\u0131yacaks\u0131n\u0131z; Padi\u015fah\u2019\u0131n gizli d\u00fcnyas\u0131n\u0131n kap\u0131lar\u0131n\u0131 ard\u0131na kadar aralayacak; duygular\u0131n\u0131, d\u00fc\u015f\u00fcncelerini, kayg\u0131lar\u0131n\u0131, korkular\u0131n\u0131, do\u011frular\u0131n\u0131 ve yanl\u0131\u015flar\u0131n\u0131 \u00f6\u011freneceksiniz. Y\u0131ld\u0131z Saray\u0131\u2019n\u0131n b\u00fcy\u00fck salonunda Padi\u015fah\u2019la diz dize oturup konu\u015facaks\u0131n\u0131z! <\/p>\n","protected":false},"excerpt":{"rendered":"<p>Mustafa Kemal, \u0130ttihat\u00e7\u0131lar ve II. Abd\u00fclhamit Sar\u0131 Pa\u015fam, yirminci y\u00fczy\u0131l\u0131n en b\u00fcy\u00fck lideri Mustafa Kemal Atat\u00fcrk\u2019\u00fcn \u00e7ocuklu\u011funa, gen\u00e7li\u011fine, psikolojik ve d\u00fc\u015f\u00fcnsel k\u00f6klerine yap\u0131lan derin ve b\u00fcy\u00fcl\u00fc<span class=\"excerpt-hellip\"> [\u2026]<\/span><\/p>\n","protected":false},"featured_media":0,"template":"","meta":{"_monsterinsights_skip_tracking":false,"_monsterinsights_sitenote_active":false,"_monsterinsights_sitenote_note":"","_monsterinsights_sitenote_category":0},"product_brand":[],"product_cat":[12291,12745],"product_tag":[],"class_list":{"0":"post-689952","1":"product","2":"type-product","3":"status-publish","5":"product_cat-edebiyat","6":"product_cat-tarihi-roman","7":"pa_cilt-ciltsiz","8":"pa_tur-kitap","9":"pa_yayinevi-inkilap-kitabevi","10":"pa_yazar-sinan-meydan","12":"first","13":"instock","14":"sale","15":"shipping-taxable","16":"purchasable","17":"product-type-simple"},"_links":{"self":[{"href":"https:\/\/roveyayinevi.com.tr\/index.php\/wp-json\/wp\/v2\/product\/689952","targetHints":{"allow":["GET"]}}],"collection":[{"href":"https:\/\/roveyayinevi.com.tr\/index.php\/wp-json\/wp\/v2\/product"}],"about":[{"href":"https:\/\/roveyayinevi.com.tr\/index.php\/wp-json\/wp\/v2\/types\/product"}],"wp:attachment":[{"href":"https:\/\/roveyayinevi.com.tr\/index.php\/wp-json\/wp\/v2\/media?parent=689952"}],"wp:term":[{"taxonomy":"product_brand","embeddable":true,"href":"https:\/\/roveyayinevi.com.tr\/index.php\/wp-json\/wp\/v2\/product_brand?post=689952"},{"taxonomy":"product_cat","embeddable":true,"href":"https:\/\/roveyayinevi.com.tr\/index.php\/wp-json\/wp\/v2\/product_cat?post=689952"},{"taxonomy":"product_tag","embeddable":true,"href":"https:\/\/roveyayinevi.com.tr\/index.php\/wp-json\/wp\/v2\/product_tag?post=689952"}],"curies":[{"name":"wp","href":"https:\/\/api.w.org\/{rel}","templated":true}]}}