{"id":689951,"date":"2025-08-27T13:48:59","date_gmt":"2025-08-27T10:48:59","guid":{"rendered":"https:\/\/roveyayinevi.com.tr\/index.php\/urun\/04-zaman-carki-serisi-ciltli-golge-yukseliyor\/"},"modified":"2026-04-16T01:59:43","modified_gmt":"2026-04-15T22:59:43","slug":"04-zaman-carki-serisi-ciltli-golge-yukseliyor","status":"publish","type":"product","link":"https:\/\/roveyayinevi.com.tr\/index.php\/urun\/04-zaman-carki-serisi-ciltli-golge-yukseliyor\/","title":{"rendered":"04 &#8211; Zaman \u00c7ark\u0131 Serisi (Ciltli): G\u00f6lge Y\u00fckseliyor"},"content":{"rendered":"<p>Zaman \u00e7ark\u0131 d\u00f6ner Ve \u00e7a\u011flar gelir gider Olmu\u015f olan, olacak olan Ve olmakta olan Her an g\u00f6lgenin alt\u0131nda ezilebilir. B\u0131rak\u0131n ejder bir kez daha Zaman\u0131n r\u00fczg\u00e2rlar\u0131na binsin. \u0130yinin ve k\u00f6t\u00fcn\u00fcn sonsuz bir sava\u015fa tutu\u015ftu\u011fu, \u0131\u015f\u0131\u011f\u0131n ve g\u00f6lgenin d\u00fcnyas\u0131; Zaman \u00c7ark\u0131&#8217;n\u0131n d\u00fcnyas\u0131&#8230; Bug\u00fcne dek yaz\u0131lm\u0131\u015f en g\u00f6rkemli fantastik kahramanl\u0131k \u00f6yk\u00fcs\u00fc \ufffcTan\u0131t\u0131m Metni<\/p>\n","protected":false},"excerpt":{"rendered":"<p>Zaman \u00e7ark\u0131 d\u00f6ner Ve \u00e7a\u011flar gelir gider Olmu\u015f olan, olacak olan Ve olmakta olan Her an g\u00f6lgenin alt\u0131nda ezilebilir. B\u0131rak\u0131n ejder bir kez daha Zaman\u0131n r\u00fczg\u00e2rlar\u0131na<span class=\"excerpt-hellip\"> [\u2026]<\/span><\/p>\n","protected":false},"featured_media":0,"template":"","meta":{"_monsterinsights_skip_tracking":false,"_monsterinsights_sitenote_active":false,"_monsterinsights_sitenote_note":"","_monsterinsights_sitenote_category":0},"product_brand":[],"product_cat":[12291,14777],"product_tag":[],"class_list":{"0":"post-689951","1":"product","2":"type-product","3":"status-publish","5":"product_cat-edebiyat","6":"product_cat-fantastik","7":"pa_cilt-ciltli","8":"pa_tur-kitap","9":"pa_yayinevi-ithaki-yayinlari","10":"pa_yazar-robert-jordan","12":"first","13":"instock","14":"sale","15":"shipping-taxable","16":"purchasable","17":"product-type-simple"},"_links":{"self":[{"href":"https:\/\/roveyayinevi.com.tr\/index.php\/wp-json\/wp\/v2\/product\/689951","targetHints":{"allow":["GET"]}}],"collection":[{"href":"https:\/\/roveyayinevi.com.tr\/index.php\/wp-json\/wp\/v2\/product"}],"about":[{"href":"https:\/\/roveyayinevi.com.tr\/index.php\/wp-json\/wp\/v2\/types\/product"}],"wp:attachment":[{"href":"https:\/\/roveyayinevi.com.tr\/index.php\/wp-json\/wp\/v2\/media?parent=689951"}],"wp:term":[{"taxonomy":"product_brand","embeddable":true,"href":"https:\/\/roveyayinevi.com.tr\/index.php\/wp-json\/wp\/v2\/product_brand?post=689951"},{"taxonomy":"product_cat","embeddable":true,"href":"https:\/\/roveyayinevi.com.tr\/index.php\/wp-json\/wp\/v2\/product_cat?post=689951"},{"taxonomy":"product_tag","embeddable":true,"href":"https:\/\/roveyayinevi.com.tr\/index.php\/wp-json\/wp\/v2\/product_tag?post=689951"}],"curies":[{"name":"wp","href":"https:\/\/api.w.org\/{rel}","templated":true}]}}